{"id":9845,"date":"2021-05-23T20:19:18","date_gmt":"2021-05-23T18:19:18","guid":{"rendered":"http:\/\/sp.tuchow.pl\/?page_id=9845"},"modified":"2021-11-28T20:04:29","modified_gmt":"2021-11-28T19:04:29","slug":"rekrutacja","status":"publish","type":"page","link":"https:\/\/sp.tuchow.pl\/index.php\/rekrutacja\/","title":{"rendered":"Rekrutacja"},"content":{"rendered":"<p><img loading=\"lazy\" decoding=\"async\" data-attachment-id=\"9788\" data-permalink=\"https:\/\/sp.tuchow.pl\/index.php\/power\/fe_power_poziom_pl\/\" data-orig-file=\"https:\/\/sp.tuchow.pl\/wp-content\/uploads\/2021\/05\/FE_POWER_poziom_pl-1_rgb.jpg\" data-orig-size=\"5883,756\" data-comments-opened=\"0\" data-image-meta=\"{&quot;aperture&quot;:&quot;0&quot;,&quot;credit&quot;:&quot;&quot;,&quot;camera&quot;:&quot;&quot;,&quot;caption&quot;:&quot;&quot;,&quot;created_timestamp&quot;:&quot;0&quot;,&quot;copyright&quot;:&quot;&quot;,&quot;focal_length&quot;:&quot;0&quot;,&quot;iso&quot;:&quot;0&quot;,&quot;shutter_speed&quot;:&quot;0&quot;,&quot;title&quot;:&quot;FE_POWER_poziom_pl&quot;,&quot;orientation&quot;:&quot;1&quot;}\" data-image-title=\"FE_POWER_poziom_pl\" data-image-description=\"\" data-image-caption=\"\" data-medium-file=\"https:\/\/sp.tuchow.pl\/wp-content\/uploads\/2021\/05\/FE_POWER_poziom_pl-1_rgb-300x39.jpg\" data-large-file=\"https:\/\/sp.tuchow.pl\/wp-content\/uploads\/2021\/05\/FE_POWER_poziom_pl-1_rgb-1024x132.jpg\" class=\"alignnone wp-image-9788 aligncenter\" src=\"https:\/\/sp.tuchow.pl\/wp-content\/uploads\/2021\/05\/FE_POWER_poziom_pl-1_rgb-300x39.jpg\" alt=\"\" width=\"484\" height=\"63\" srcset=\"https:\/\/sp.tuchow.pl\/wp-content\/uploads\/2021\/05\/FE_POWER_poziom_pl-1_rgb-300x39.jpg 300w, https:\/\/sp.tuchow.pl\/wp-content\/uploads\/2021\/05\/FE_POWER_poziom_pl-1_rgb-768x99.jpg 768w, https:\/\/sp.tuchow.pl\/wp-content\/uploads\/2021\/05\/FE_POWER_poziom_pl-1_rgb-1024x132.jpg 1024w\" sizes=\"auto, (max-width: 484px) 100vw, 484px\" \/><\/p>\n<p><a href=\"https:\/\/sp.tuchow.pl\/pobierz\/power\/Regulamin%20Rekrutacji.pdf\">Regulamin Rekrutacji uczestnik\u00f3w przedsi\u0119wzi\u0119cia \u201ePoczuj si\u0119 dobrze \u2013 zadbaj o zdrowe cia\u0142o i umys\u0142\u201d<\/a><\/p>\n<p><a href=\"https:\/\/sp.tuchow.pl\/pobierz\/power\/Aneks%20do%20Regulaminu%20Rekrutacji%20-%20terminarz%20rekrutacji.pdf\">Aneks do Regulaminu Rekrutacji &#8211; terminarz rekrutacji<\/a><\/p>\n<p><a href=\"https:\/\/sp.tuchow.pl\/pobierz\/power\/Karta%20zgloszenia%20ucznia.pdf\">KARTA ZG\u0141OSZENIA UCZNIA<\/a><\/p>\n<p><a href=\"https:\/\/sp.tuchow.pl\/pobierz\/power\/Formularz%20zgloszeniowy%20kandydata%20na%20opiekuna%20mobilnosci.pdf\">FORMULARZ ZG\u0141OSZENIOWY KANDYDATA NA OPIEKUNA<\/a><\/p>\n<p><a href=\"https:\/\/sp.tuchow.pl\/pobierz\/power\/Zasady%20uczestnictwa%20ucznia%20w%20przedsiewzieciu%20PMU.pdf\">Zasady uczestnictwa ucznia w mobilno\u015bci ponadnarodowej (wyje\u017adzie zagranicznym) i dzia\u0142aniach realizowanych w ramach przedsi\u0119wzi\u0119cia \u201ePoczuj si\u0119 dobrze \u2013 zadbaj o zdrowe cia\u0142o i umys\u0142\u201d wsp\u00f3\u0142finansowanego ze \u015brodk\u00f3w Europejskiego Funduszu Spo\u0142ecznego<\/a><\/p>\n<p><a href=\"https:\/\/sp.tuchow.pl\/pobierz\/power\/Harmonogram%20wyjazdu%20zagranicznego%20podczas%20przedsiewziecia.pdf\">HARMONOGRAM WYJAZDU ZAGRANICZNEGO PODCZAS PRZEDSI\u0118WZI\u0118CIA \u201ePOCZUJ SI\u0118 DOBRZE ZADBAJ O ZDROWE CIA\u0141O I UMYS\u0141\u201d<\/a><\/p>\n<p><a href=\"https:\/\/sp.tuchow.pl\/pobierz\/power\/Oswiadczenie%20uczestnika%20przedsiewziecia%20w%20ramach%20PO%20WER%20PMU.pdf\">O\u015aWIADCZENIE UCZESTNIKA PRZEDSI\u0118WZI\u0118CIA<\/a><\/p>\n<p>&nbsp;<\/p>\n","protected":false},"excerpt":{"rendered":"<p>Regulamin Rekrutacji uczestnik\u00f3w przedsi\u0119wzi\u0119cia \u201ePoczuj si\u0119 dobrze \u2013 zadbaj o zdrowe cia\u0142o i umys\u0142\u201d Aneks do Regulaminu Rekrutacji &#8211; terminarz<\/p>\n","protected":false},"author":4,"featured_media":0,"parent":0,"menu_order":0,"comment_status":"closed","ping_status":"closed","template":"","meta":{"advanced_seo_description":"","jetpack_seo_html_title":"","jetpack_seo_noindex":false,"ngg_post_thumbnail":0,"footnotes":""},"class_list":["post-9845","page","type-page","status-publish","hentry"],"jetpack_sharing_enabled":true,"jetpack_shortlink":"https:\/\/wp.me\/PghmmV-2yN","jetpack_likes_enabled":true,"jetpack-related-posts":[],"_links":{"self":[{"href":"https:\/\/sp.tuchow.pl\/index.php\/wp-json\/wp\/v2\/pages\/9845","targetHints":{"allow":["GET"]}}],"collection":[{"href":"https:\/\/sp.tuchow.pl\/index.php\/wp-json\/wp\/v2\/pages"}],"about":[{"href":"https:\/\/sp.tuchow.pl\/index.php\/wp-json\/wp\/v2\/types\/page"}],"author":[{"embeddable":true,"href":"https:\/\/sp.tuchow.pl\/index.php\/wp-json\/wp\/v2\/users\/4"}],"replies":[{"embeddable":true,"href":"https:\/\/sp.tuchow.pl\/index.php\/wp-json\/wp\/v2\/comments?post=9845"}],"version-history":[{"count":10,"href":"https:\/\/sp.tuchow.pl\/index.php\/wp-json\/wp\/v2\/pages\/9845\/revisions"}],"predecessor-version":[{"id":10126,"href":"https:\/\/sp.tuchow.pl\/index.php\/wp-json\/wp\/v2\/pages\/9845\/revisions\/10126"}],"wp:attachment":[{"href":"https:\/\/sp.tuchow.pl\/index.php\/wp-json\/wp\/v2\/media?parent=9845"}],"curies":[{"name":"wp","href":"https:\/\/api.w.org\/{rel}","templated":true}]}}