{"id":9837,"date":"2021-05-23T20:12:05","date_gmt":"2021-05-23T18:12:05","guid":{"rendered":"http:\/\/sp.tuchow.pl\/?page_id=9837"},"modified":"2021-05-23T20:17:56","modified_gmt":"2021-05-23T18:17:56","slug":"partnerzy","status":"publish","type":"page","link":"https:\/\/sp.tuchow.pl\/index.php\/partnerzy\/","title":{"rendered":"Partnerzy"},"content":{"rendered":"<p><img loading=\"lazy\" decoding=\"async\" data-attachment-id=\"9788\" data-permalink=\"https:\/\/sp.tuchow.pl\/index.php\/power\/fe_power_poziom_pl\/\" data-orig-file=\"https:\/\/sp.tuchow.pl\/wp-content\/uploads\/2021\/05\/FE_POWER_poziom_pl-1_rgb.jpg\" data-orig-size=\"5883,756\" data-comments-opened=\"0\" data-image-meta=\"{&quot;aperture&quot;:&quot;0&quot;,&quot;credit&quot;:&quot;&quot;,&quot;camera&quot;:&quot;&quot;,&quot;caption&quot;:&quot;&quot;,&quot;created_timestamp&quot;:&quot;0&quot;,&quot;copyright&quot;:&quot;&quot;,&quot;focal_length&quot;:&quot;0&quot;,&quot;iso&quot;:&quot;0&quot;,&quot;shutter_speed&quot;:&quot;0&quot;,&quot;title&quot;:&quot;FE_POWER_poziom_pl&quot;,&quot;orientation&quot;:&quot;1&quot;}\" data-image-title=\"FE_POWER_poziom_pl\" data-image-description=\"\" data-image-caption=\"\" data-medium-file=\"https:\/\/sp.tuchow.pl\/wp-content\/uploads\/2021\/05\/FE_POWER_poziom_pl-1_rgb-300x39.jpg\" data-large-file=\"https:\/\/sp.tuchow.pl\/wp-content\/uploads\/2021\/05\/FE_POWER_poziom_pl-1_rgb-1024x132.jpg\" class=\"alignnone wp-image-9788 aligncenter\" src=\"https:\/\/sp.tuchow.pl\/wp-content\/uploads\/2021\/05\/FE_POWER_poziom_pl-1_rgb-300x39.jpg\" alt=\"\" width=\"477\" height=\"62\" srcset=\"https:\/\/sp.tuchow.pl\/wp-content\/uploads\/2021\/05\/FE_POWER_poziom_pl-1_rgb-300x39.jpg 300w, https:\/\/sp.tuchow.pl\/wp-content\/uploads\/2021\/05\/FE_POWER_poziom_pl-1_rgb-768x99.jpg 768w, https:\/\/sp.tuchow.pl\/wp-content\/uploads\/2021\/05\/FE_POWER_poziom_pl-1_rgb-1024x132.jpg 1024w\" sizes=\"auto, (max-width: 477px) 100vw, 477px\" \/><\/p>\n<h3><span style=\"font-weight: 400;\">Instytucj\u0105 wysy\u0142aj\u0105c\u0105 <\/span><span style=\"font-weight: 400;\">jest <\/span><\/h3>\n<h3><span style=\"font-weight: 400;\"><strong>Szko\u0142a Podstawowa im. Stanis\u0142awa Staszica w Tuchowie<\/strong>.&nbsp;<\/span><\/h3>\n<h3>&nbsp;<\/h3>\n<h3><strong><span style=\"font-weight: 400;\">Instytucj\u0105 przyjmuj\u0105c\u0105 jest szko\u0142a <\/span><\/strong><\/h3>\n<h3><strong><span style=\"font-weight: 400;\"><strong>Agrupamento de Escolas de Barcelos w Portugalii<\/strong>.<\/span><a href=\"http:\/\/aebarcelos.pt\/\"> <span style=\"font-weight: 400;\">http:\/\/aebarcelos.pt\/<\/span><\/a><\/strong><\/h3>\n","protected":false},"excerpt":{"rendered":"<p>Instytucj\u0105 wysy\u0142aj\u0105c\u0105 jest Szko\u0142a Podstawowa im. Stanis\u0142awa Staszica w Tuchowie.&nbsp; &nbsp; Instytucj\u0105 przyjmuj\u0105c\u0105 jest szko\u0142a Agrupamento de Escolas de Barcelos<\/p>\n","protected":false},"author":4,"featured_media":0,"parent":0,"menu_order":0,"comment_status":"closed","ping_status":"closed","template":"","meta":{"advanced_seo_description":"","jetpack_seo_html_title":"","jetpack_seo_noindex":false,"ngg_post_thumbnail":0,"footnotes":""},"class_list":["post-9837","page","type-page","status-publish","hentry"],"jetpack_sharing_enabled":true,"jetpack_shortlink":"https:\/\/wp.me\/PghmmV-2yF","jetpack_likes_enabled":true,"jetpack-related-posts":[],"_links":{"self":[{"href":"https:\/\/sp.tuchow.pl\/index.php\/wp-json\/wp\/v2\/pages\/9837","targetHints":{"allow":["GET"]}}],"collection":[{"href":"https:\/\/sp.tuchow.pl\/index.php\/wp-json\/wp\/v2\/pages"}],"about":[{"href":"https:\/\/sp.tuchow.pl\/index.php\/wp-json\/wp\/v2\/types\/page"}],"author":[{"embeddable":true,"href":"https:\/\/sp.tuchow.pl\/index.php\/wp-json\/wp\/v2\/users\/4"}],"replies":[{"embeddable":true,"href":"https:\/\/sp.tuchow.pl\/index.php\/wp-json\/wp\/v2\/comments?post=9837"}],"version-history":[{"count":5,"href":"https:\/\/sp.tuchow.pl\/index.php\/wp-json\/wp\/v2\/pages\/9837\/revisions"}],"predecessor-version":[{"id":9844,"href":"https:\/\/sp.tuchow.pl\/index.php\/wp-json\/wp\/v2\/pages\/9837\/revisions\/9844"}],"wp:attachment":[{"href":"https:\/\/sp.tuchow.pl\/index.php\/wp-json\/wp\/v2\/media?parent=9837"}],"curies":[{"name":"wp","href":"https:\/\/api.w.org\/{rel}","templated":true}]}}