{"id":9781,"date":"2021-05-18T22:22:00","date_gmt":"2021-05-18T20:22:00","guid":{"rendered":"http:\/\/sp.tuchow.pl\/?page_id=9781"},"modified":"2022-12-30T16:36:11","modified_gmt":"2022-12-30T15:36:11","slug":"power","status":"publish","type":"page","link":"https:\/\/sp.tuchow.pl\/index.php\/power\/","title":{"rendered":"PONADNARODOWA MOBILNO\u015a\u0106 UCZNI\u00d3W"},"content":{"rendered":"<p><img decoding=\"async\" class=\"aligncenter\" src=\"http:\/\/i2.wp.com\/szkola.galas.net.pl\/wp-content\/uploads\/2021\/05\/FE_POWER_poziom_pl-1_rgb.jpg?resize=477%2C62\"><\/p>\n<blockquote class=\"wp-embedded-content\" data-secret=\"UbdW5bp7vl\"><p><a href=\"https:\/\/sp.tuchow.pl\/index.php\/nabor-3-2021\/\">Nab\u00f3r III 2021<\/a><\/p><\/blockquote>\n<p><iframe loading=\"lazy\" class=\"wp-embedded-content\" sandbox=\"allow-scripts\" security=\"restricted\" style=\"position: absolute; visibility: hidden;\" title=\"&#8222;Nab\u00f3r III 2021&#8221; &#8212; Szko\u0142a Podstawowa w Tuchowie\" src=\"https:\/\/sp.tuchow.pl\/index.php\/nabor-3-2021\/embed\/#?secret=8Dokc3DMpl#?secret=UbdW5bp7vl\" data-secret=\"UbdW5bp7vl\" width=\"600\" height=\"338\" frameborder=\"0\" marginwidth=\"0\" marginheight=\"0\" scrolling=\"no\"><\/iframe><\/p>\n<blockquote class=\"wp-embedded-content\" data-secret=\"8taEBmTuFw\"><p><a href=\"https:\/\/sp.tuchow.pl\/index.php\/nabor-4-2022\/\">Nab\u00f3r IV 2022<\/a><\/p><\/blockquote>\n<p><iframe loading=\"lazy\" class=\"wp-embedded-content\" sandbox=\"allow-scripts\" security=\"restricted\" style=\"position: absolute; visibility: hidden;\" title=\"&#8222;Nab\u00f3r IV 2022&#8221; &#8212; Szko\u0142a Podstawowa w Tuchowie\" src=\"https:\/\/sp.tuchow.pl\/index.php\/nabor-4-2022\/embed\/#?secret=K3tFf5avhB#?secret=8taEBmTuFw\" data-secret=\"8taEBmTuFw\" width=\"600\" height=\"338\" frameborder=\"0\" marginwidth=\"0\" marginheight=\"0\" scrolling=\"no\"><\/iframe><\/p>\n<div id=\"gtx-trans\" class=\"mceItemVisualAid mceItemLayer\" style=\"position: absolute; left: 185px; top: 114.953px;\">&nbsp;<\/div>\n","protected":false},"excerpt":{"rendered":"<p>&nbsp;<\/p>\n","protected":false},"author":4,"featured_media":0,"parent":0,"menu_order":0,"comment_status":"closed","ping_status":"closed","template":"","meta":{"advanced_seo_description":"","jetpack_seo_html_title":"","jetpack_seo_noindex":false,"ngg_post_thumbnail":0,"footnotes":""},"class_list":["post-9781","page","type-page","status-publish","hentry"],"jetpack_sharing_enabled":true,"jetpack_shortlink":"https:\/\/wp.me\/PghmmV-2xL","jetpack_likes_enabled":true,"jetpack-related-posts":[],"_links":{"self":[{"href":"https:\/\/sp.tuchow.pl\/index.php\/wp-json\/wp\/v2\/pages\/9781","targetHints":{"allow":["GET"]}}],"collection":[{"href":"https:\/\/sp.tuchow.pl\/index.php\/wp-json\/wp\/v2\/pages"}],"about":[{"href":"https:\/\/sp.tuchow.pl\/index.php\/wp-json\/wp\/v2\/types\/page"}],"author":[{"embeddable":true,"href":"https:\/\/sp.tuchow.pl\/index.php\/wp-json\/wp\/v2\/users\/4"}],"replies":[{"embeddable":true,"href":"https:\/\/sp.tuchow.pl\/index.php\/wp-json\/wp\/v2\/comments?post=9781"}],"version-history":[{"count":14,"href":"https:\/\/sp.tuchow.pl\/index.php\/wp-json\/wp\/v2\/pages\/9781\/revisions"}],"predecessor-version":[{"id":10796,"href":"https:\/\/sp.tuchow.pl\/index.php\/wp-json\/wp\/v2\/pages\/9781\/revisions\/10796"}],"wp:attachment":[{"href":"https:\/\/sp.tuchow.pl\/index.php\/wp-json\/wp\/v2\/media?parent=9781"}],"curies":[{"name":"wp","href":"https:\/\/api.w.org\/{rel}","templated":true}]}}