{"id":9663,"date":"2021-03-26T14:57:20","date_gmt":"2021-03-26T13:57:20","guid":{"rendered":"http:\/\/sp.tuchow.pl\/?page_id=9663"},"modified":"2021-03-26T14:58:53","modified_gmt":"2021-03-26T13:58:53","slug":"deklaracja-dostepnosci","status":"publish","type":"page","link":"https:\/\/sp.tuchow.pl\/index.php\/deklaracja-dostepnosci\/","title":{"rendered":"Deklaracja dost\u0119pno\u015bci"},"content":{"rendered":"<p><strong>Wst\u0119p deklaracji<\/strong><\/p>\n<p style=\"text-align: justify;\">Szko\u0142a Podstawowa im. Stanis\u0142awa Staszica zobowi\u0105zuje si\u0119 zapewni\u0107 dost\u0119pno\u015b\u0107 swojej strony internetowej zgodnie z przepisami ustawy z dnia 4 kwietnia 2019 r. o dost\u0119pno\u015bci cyfrowej stron internetowych i aplikacji mobilnych podmiot\u00f3w publicznych. O\u015bwiadczenie<br \/>\nw sprawie dost\u0119pno\u015bci ma zastosowanie do strony internetowej <a href=\"https:\/\/sp.tuchow.pl\/\">https:\/\/sp.tuchow.pl\/<\/a><\/p>\n<p style=\"text-align: justify;\">&nbsp;<\/p>\n<p style=\"text-align: justify;\"><strong>Dane teleadresowe jednostki:<\/strong><\/p>\n<p style=\"text-align: justify;\">Telefon: +48 146525220<\/p>\n<p style=\"text-align: justify;\">E-mail: sptuchow@szkola.galas.net.pl<\/p>\n<p style=\"text-align: justify;\">Adres korespondencyjny: ul. Jana Paw\u0142a II 6, 33-170 Tuch\u00f3w<\/p>\n<p style=\"text-align: justify;\"><strong>Data publikacji strony internetowej:<\/strong> 16 marca 2016<\/p>\n<p style=\"text-align: justify;\"><strong>Data ostatniej istotnej aktualizacji: <\/strong>16 marca 2016<\/p>\n<p style=\"text-align: justify;\">Strona internetowa jest cz\u0119\u015bciowo zgodna z ustaw\u0105 z dnia 4 kwietnia 2019 r. o dost\u0119pno\u015bci cyfrowej stron internetowych i aplikacji mobilnych podmiot\u00f3w publicznych z powodu niezgodno\u015bci lub wy\u0142\u0105cze\u0144 wymienionych poni\u017cej:<\/p>\n<ul style=\"text-align: justify;\">\n<li style=\"list-style-type: none;\">\n<ul>\n<li>filmy nie posiadaj\u0105 napis\u00f3w dla os\u00f3b g\u0142uchych<\/li>\n<li>niekt\u00f3re zdj\u0119cia z wydarze\u0144 nie posiadaj\u0105 pe\u0142nych opis\u00f3w alternatywnych,<\/li>\n<li>mapy s\u0105 wy\u0142\u0105czone z obowi\u0105zku zapewniania dost\u0119pno\u015bci,<\/li>\n<li>dokumenty w PDF nie s\u0105 dokumentami edytowalnymi,<\/li>\n<li>cz\u0119\u015b\u0107 plik\u00f3w&nbsp; nie&nbsp; jest&nbsp; dost\u0119pnych&nbsp; cyfrowo.<\/li>\n<\/ul>\n<\/li>\n<\/ul>\n<p style=\"text-align: justify;\"><strong>INFORMACJE DODATKOWE \u2013 STRONA POSIADA:<\/strong><\/p>\n<p style=\"text-align: justify;\">Narz\u0119dzie u\u0142atwie\u0144 dost\u0119pu (widoczny obrazek po lewej stronie przy poruszaniu si\u0119 po witrynie) a w nim:<\/p>\n<ul style=\"text-align: justify;\">\n<li style=\"list-style-type: none;\">\n<ul>\n<li>podwy\u017cszony kontrast,<\/li>\n<li>mo\u017cliwo\u015b\u0107 powi\u0119kszenia liter,<\/li>\n<li>mo\u017cliwo\u015b\u0107 pomniejszenia liter,<\/li>\n<li>pod\u015bwietlane linki,<\/li>\n<li>podkre\u015blone linki,<\/li>\n<li>mapa strony,<\/li>\n<li>nawigacja klawiatur\u0105,<\/li>\n<li>skala szaro\u015bci,<\/li>\n<li>jasne t\u0142o,<\/li>\n<li>wy\u0142\u0105czenie animacji na stronie.<\/li>\n<\/ul>\n<\/li>\n<\/ul>\n<p style=\"text-align: justify;\">Na stronie internetowej mo\u017cna u\u017cywa\u0107 standardowych skr\u00f3t\u00f3w klawiaturowych przegl\u0105darki.<\/p>\n<p style=\"text-align: justify;\"><strong>DATA SPORZ\u0104DZENIA DEKLARACJI:<\/strong><\/p>\n<p style=\"text-align: justify;\"><strong>Deklaracje&nbsp; sporz\u0105dzono dnia<\/strong> 11.03.2021 r.<\/p>\n<ul style=\"text-align: justify;\">\n<li>Deklaracj\u0119 sporz\u0105dzono na podstawie samooceny przeprowadzonej przez przeszkolonego pracownika Szko\u0142y Podstawowej im. Stanis\u0142awa Staszica w Tuchowie.<\/li>\n<\/ul>\n<p style=\"text-align: justify;\"><strong>KONTAKT I INFORMACJE ZWROTNE:<\/strong><\/p>\n<p style=\"text-align: justify;\">W przypadku problem\u00f3w z dost\u0119pno\u015bci\u0105 strony internetowej prosimy o kontakt. Osob\u0105 kontaktow\u0105 jest <strong>J\u00f3zef Wzorek<\/strong>. Kontaktowa\u0107 mo\u017cna si\u0119 tak\u017ce dzwoni\u0105c na numer telefonu <strong>146525220, adres e-mail: sptuchow@szkola.galas.net.pl<\/strong>. T\u0105 sam\u0105 drog\u0105 mo\u017cna sk\u0142ada\u0107 wnioski<br \/>\no udost\u0119pnienie informacji niedost\u0119pnej oraz sk\u0142ada\u0107 skargi na brak zapewnienia dost\u0119pno\u015bci.<\/p>\n<p style=\"text-align: justify;\"><strong>PROCEDURA WNIOSKOWO-SKARGOWA<\/strong><\/p>\n<p style=\"text-align: justify;\">Uprzejmie informujemy, \u017ce zgodnie z ustaw\u0105 z dnia 4 kwietnia 2019 r. o dost\u0119pno\u015bci cyfrowej stron internetowych i aplikacji mobilnych podmiot\u00f3w publicznych ka\u017cdy ma prawo wyst\u0105pi\u0107 do podmiotu publicznego z \u017c\u0105daniem udost\u0119pnienia cyfrowego wskazanej strony internetowej, aplikacji mobilnej lub ich element\u00f3w, ewentualnie zapewnienia dost\u0119pu alternatywnego, na warunkach okre\u015blonych w ustawie. W przypadku odmowy wnosz\u0105cy \u017c\u0105danie mo\u017cne z\u0142o\u017cy\u0107 skarg\u0119 z zastosowaniem przepis\u00f3w ustawy z dnia 14 czerwca 1960 r. Kodeks post\u0119powania administracyjnego, a tak\u017ce powiadomi\u0107 Rzecznika Praw Obywatelskich:<a href=\"http:\/\/www.rpo.gov.pl\">www.rpo.gov.pl<\/a><\/p>\n<p style=\"text-align: justify;\"><strong>DOST\u0118PNO\u015a\u0106 ARCHITEKTONICZNA<\/strong><\/p>\n<p style=\"text-align: justify;\">Szko\u0142a Podstawowa im. Stanis\u0142awa Staszica w Tuchowie znajduj\u0119 si\u0119 przy ulicy Jana Paw\u0142a II 6.<\/p>\n<p style=\"text-align: justify;\">Do budynku prowadzi g\u0142\u00f3wne wej\u015bcie znajduj\u0105ce si\u0119 od ul. Jana Paw\u0142a II 6. Jest ono og\u00f3lnodost\u0119pne w godzinach pracy szko\u0142y. Aby dosta\u0107 si\u0119 do budynku, nale\u017cy pokona\u0107 chodnik, nast\u0119pnie drzwi wej\u015bciowe \u2013 otwierane r\u0119cznie.<\/p>\n<p style=\"text-align: justify;\">Osobami oddelegowanymi do udzielania informacji przy wej\u015bciu g\u0142\u00f3wnym s\u0105 pracownicy obs\u0142ugi.<\/p>\n<p style=\"text-align: justify;\">&nbsp;<\/p>\n<p style=\"text-align: justify;\">W budynku na ka\u017cdym poziomie (parter, I pi\u0119tro, II pi\u0119tro, III pi\u0119tro) znajduje si\u0119 korytarz. Budynek posiada wind\u0119.<\/p>\n<p style=\"text-align: justify;\">Szko\u0142a ma jedno miejsce parkingowe dla os\u00f3b niepe\u0142nosprawnych, znajduj\u0105ce si\u0119 przed ogrodzeniem szko\u0142y.<\/p>\n<p style=\"text-align: justify;\">Dyrektor jednostki wyra\u017ca zgod\u0119 na wst\u0119p z psem asystuj\u0105cym w szczeg\u00f3lnych przypadkach.<\/p>\n<p style=\"text-align: justify;\">Brak mo\u017cliwo\u015bci skorzystania z t\u0142umacza j\u0119zyka migowego na miejscu lub online.<\/p>\n<p style=\"text-align: justify;\">Dla os\u00f3b na w\u00f3zkach dost\u0119pne s\u0105 korytarze i pomieszczenia.<\/p>\n<p>&nbsp;<\/p>\n","protected":false},"excerpt":{"rendered":"<p>Wst\u0119p deklaracji Szko\u0142a Podstawowa im. Stanis\u0142awa Staszica zobowi\u0105zuje si\u0119 zapewni\u0107 dost\u0119pno\u015b\u0107 swojej strony internetowej zgodnie z przepisami ustawy z dnia<\/p>\n","protected":false},"author":4,"featured_media":0,"parent":0,"menu_order":0,"comment_status":"closed","ping_status":"closed","template":"","meta":{"advanced_seo_description":"","jetpack_seo_html_title":"","jetpack_seo_noindex":false,"ngg_post_thumbnail":0,"footnotes":""},"class_list":["post-9663","page","type-page","status-publish","hentry"],"jetpack_sharing_enabled":true,"jetpack_shortlink":"https:\/\/wp.me\/PghmmV-2vR","jetpack_likes_enabled":true,"jetpack-related-posts":[],"_links":{"self":[{"href":"https:\/\/sp.tuchow.pl\/index.php\/wp-json\/wp\/v2\/pages\/9663","targetHints":{"allow":["GET"]}}],"collection":[{"href":"https:\/\/sp.tuchow.pl\/index.php\/wp-json\/wp\/v2\/pages"}],"about":[{"href":"https:\/\/sp.tuchow.pl\/index.php\/wp-json\/wp\/v2\/types\/page"}],"author":[{"embeddable":true,"href":"https:\/\/sp.tuchow.pl\/index.php\/wp-json\/wp\/v2\/users\/4"}],"replies":[{"embeddable":true,"href":"https:\/\/sp.tuchow.pl\/index.php\/wp-json\/wp\/v2\/comments?post=9663"}],"version-history":[{"count":2,"href":"https:\/\/sp.tuchow.pl\/index.php\/wp-json\/wp\/v2\/pages\/9663\/revisions"}],"predecessor-version":[{"id":9667,"href":"https:\/\/sp.tuchow.pl\/index.php\/wp-json\/wp\/v2\/pages\/9663\/revisions\/9667"}],"wp:attachment":[{"href":"https:\/\/sp.tuchow.pl\/index.php\/wp-json\/wp\/v2\/media?parent=9663"}],"curies":[{"name":"wp","href":"https:\/\/api.w.org\/{rel}","templated":true}]}}