{"id":9171,"date":"2020-05-18T14:38:27","date_gmt":"2020-05-18T12:38:27","guid":{"rendered":"http:\/\/sp.tuchow.pl\/?page_id=9171"},"modified":"2022-05-02T09:23:42","modified_gmt":"2022-05-02T07:23:42","slug":"procedury-covid-19","status":"publish","type":"page","link":"https:\/\/sp.tuchow.pl\/index.php\/procedury-covid-19\/","title":{"rendered":"Procedury COVID-19"},"content":{"rendered":"<h3 style=\"text-align: center;\"><strong>Wytyczne zachowania bezpiecze\u0144stwa zdrowotnego<\/strong><\/h3>\n<p>Od 04 kwietnia 2022 r. na terenie Szko\u0142y Podstawowej im. Stanis\u0142awa Staszica b\u0119d\u0105 obowi\u0105zywa\u0142y zaktualizowane procedury bezpiecze\u0144stwa dotycz\u0105ce zapobiegania i przeciwdzia\u0142ania COVID-19.<\/p>\n<p><strong><a href=\"https:\/\/sp.tuchow.pl\/pobierz\/Procedury COVID.pdf\">WEWN\u0118TRZNA PROCEDURA BEZPIECZE\u0143STWA DOTYCZ\u0104CA ZAPOBIEGANIA I PRZECIWDZIA\u0141ANIA COVID-19 na terenie Szko\u0142y Podstawowej im. Stanis\u0142awa Staszica w Tuchowie<\/a><\/strong><\/p>\n<p>&nbsp;<\/p>\n","protected":false},"excerpt":{"rendered":"<p>Wytyczne zachowania bezpiecze\u0144stwa zdrowotnego Od 04 kwietnia 2022 r. na terenie Szko\u0142y Podstawowej im. Stanis\u0142awa Staszica b\u0119d\u0105 obowi\u0105zywa\u0142y zaktualizowane procedury<\/p>\n","protected":false},"author":4,"featured_media":0,"parent":0,"menu_order":0,"comment_status":"closed","ping_status":"closed","template":"","meta":{"advanced_seo_description":"","jetpack_seo_html_title":"","jetpack_seo_noindex":false,"ngg_post_thumbnail":0,"footnotes":""},"class_list":["post-9171","page","type-page","status-publish","hentry"],"jetpack_sharing_enabled":true,"jetpack_shortlink":"https:\/\/wp.me\/PghmmV-2nV","jetpack_likes_enabled":true,"jetpack-related-posts":[],"_links":{"self":[{"href":"https:\/\/sp.tuchow.pl\/index.php\/wp-json\/wp\/v2\/pages\/9171","targetHints":{"allow":["GET"]}}],"collection":[{"href":"https:\/\/sp.tuchow.pl\/index.php\/wp-json\/wp\/v2\/pages"}],"about":[{"href":"https:\/\/sp.tuchow.pl\/index.php\/wp-json\/wp\/v2\/types\/page"}],"author":[{"embeddable":true,"href":"https:\/\/sp.tuchow.pl\/index.php\/wp-json\/wp\/v2\/users\/4"}],"replies":[{"embeddable":true,"href":"https:\/\/sp.tuchow.pl\/index.php\/wp-json\/wp\/v2\/comments?post=9171"}],"version-history":[{"count":10,"href":"https:\/\/sp.tuchow.pl\/index.php\/wp-json\/wp\/v2\/pages\/9171\/revisions"}],"predecessor-version":[{"id":10431,"href":"https:\/\/sp.tuchow.pl\/index.php\/wp-json\/wp\/v2\/pages\/9171\/revisions\/10431"}],"wp:attachment":[{"href":"https:\/\/sp.tuchow.pl\/index.php\/wp-json\/wp\/v2\/media?parent=9171"}],"curies":[{"name":"wp","href":"https:\/\/api.w.org\/{rel}","templated":true}]}}