{"id":420,"date":"2016-03-20T18:18:32","date_gmt":"2016-03-20T17:18:32","guid":{"rendered":"http:\/\/zs.tuchow.pl\/?page_id=420"},"modified":"2023-08-02T11:31:25","modified_gmt":"2023-08-02T09:31:25","slug":"galeria-sportowa","status":"publish","type":"page","link":"https:\/\/sp.tuchow.pl\/index.php\/galeria\/galeria-sportowa\/","title":{"rendered":"Galeria sportowa"},"content":{"rendered":"<div id=\"upl-list-11288\" class=\"upl-list\">\n<ul>\n<li><div class=\"upl-post-thumbnail\"><a href=\"https:\/\/sp.tuchow.pl\/index.php\/2016\/08\/31\/gim-final-powiatowy-ps-niedomice-2016\/\"><img loading=\"lazy\" decoding=\"async\" width=\"75\" height=\"45\" src=\"https:\/\/sp.tuchow.pl\/wp-content\/uploads\/2016\/05\/Fotorelacja-150x89.jpg\" class=\"attachment-75x75 size-75x75 wp-post-image\" alt=\"\" data-attachment-id=\"3058\" data-permalink=\"https:\/\/sp.tuchow.pl\/index.php\/2016\/05\/24\/fotorelacja-z-ii-pikniku-szkolnego\/fotorelacja\/\" data-orig-file=\"https:\/\/sp.tuchow.pl\/wp-content\/uploads\/2016\/05\/Fotorelacja.jpg\" data-orig-size=\"635,89\" data-comments-opened=\"0\" data-image-meta=\"{&quot;aperture&quot;:&quot;0&quot;,&quot;credit&quot;:&quot;&quot;,&quot;camera&quot;:&quot;&quot;,&quot;caption&quot;:&quot;&quot;,&quot;created_timestamp&quot;:&quot;0&quot;,&quot;copyright&quot;:&quot;&quot;,&quot;focal_length&quot;:&quot;0&quot;,&quot;iso&quot;:&quot;0&quot;,&quot;shutter_speed&quot;:&quot;0&quot;,&quot;title&quot;:&quot;&quot;,&quot;orientation&quot;:&quot;0&quot;}\" data-image-title=\"Fotorelacja\" data-image-description=\"\" data-image-caption=\"\" data-medium-file=\"https:\/\/sp.tuchow.pl\/wp-content\/uploads\/2016\/05\/Fotorelacja-300x42.jpg\" data-large-file=\"https:\/\/sp.tuchow.pl\/wp-content\/uploads\/2016\/05\/Fotorelacja.jpg\" \/><\/a><\/div><div class=\"upl-post-title\"><a href=\"https:\/\/sp.tuchow.pl\/index.php\/2016\/08\/31\/gim-final-powiatowy-ps-niedomice-2016\/\">GIM -> Final Powiatowy PS Niedomice 2016<\/a><\/div><div class=\"upl-post-excerpt\">\u2026<\/div><\/li>\n<li><div class=\"upl-post-thumbnail\"><a href=\"https:\/\/sp.tuchow.pl\/index.php\/2016\/06\/22\/gim-dzien-sportu-uczniow-gimnazjum\/\"><img loading=\"lazy\" decoding=\"async\" width=\"75\" height=\"75\" src=\"https:\/\/sp.tuchow.pl\/wp-content\/uploads\/2016\/06\/sport-150x149.jpg\" class=\"attachment-75x75 size-75x75 wp-post-image\" alt=\"\" data-attachment-id=\"5004\" data-permalink=\"https:\/\/sp.tuchow.pl\/index.php\/2016\/06\/22\/gim-dzien-sportu-uczniow-gimnazjum\/sport\/\" data-orig-file=\"https:\/\/sp.tuchow.pl\/wp-content\/uploads\/2016\/06\/sport.jpg\" data-orig-size=\"322,149\" data-comments-opened=\"0\" data-image-meta=\"{&quot;aperture&quot;:&quot;0&quot;,&quot;credit&quot;:&quot;&quot;,&quot;camera&quot;:&quot;&quot;,&quot;caption&quot;:&quot;&quot;,&quot;created_timestamp&quot;:&quot;0&quot;,&quot;copyright&quot;:&quot;&quot;,&quot;focal_length&quot;:&quot;0&quot;,&quot;iso&quot;:&quot;0&quot;,&quot;shutter_speed&quot;:&quot;0&quot;,&quot;title&quot;:&quot;&quot;,&quot;orientation&quot;:&quot;0&quot;}\" data-image-title=\"sport\" data-image-description=\"\" data-image-caption=\"\" data-medium-file=\"https:\/\/sp.tuchow.pl\/wp-content\/uploads\/2016\/06\/sport-300x139.jpg\" data-large-file=\"https:\/\/sp.tuchow.pl\/wp-content\/uploads\/2016\/06\/sport.jpg\" \/><\/a><\/div><div class=\"upl-post-title\"><a href=\"https:\/\/sp.tuchow.pl\/index.php\/2016\/06\/22\/gim-dzien-sportu-uczniow-gimnazjum\/\">GIM -> Dzie\u0144 sportu uczni\u00f3w gimnazjum<\/a><\/div><div class=\"upl-post-excerpt\">W&nbsp;dniu 22&nbsp;czerwca 2016 r. w&nbsp;naszej szkole odby\u0142 si\u0119 Dzie\u0144 Sportu Szkolnego dla \u2026<\/div><\/li>\n<li><div class=\"upl-post-title\"><a href=\"https:\/\/sp.tuchow.pl\/index.php\/2016\/05\/06\/sport-awans-do-finalu-wojewodzkiego-pilkarskiego-turnieju-coca-cola-cup-gimnazjalistek-z-tuchowa\/\">SPORT -> AWANS DO FINA\u0141U WOJEW\u00d3DZKIEGO  PI\u0141KARSKIEGO TURNIEJU COCA COLA CUP GIMNAZJALISTEK Z  TUCHOWA<\/a><\/div><div class=\"upl-post-excerpt\">W dniu 27 kwietnia&nbsp; na orliku w Tarnowie odby\u0142 si\u0119 Fina\u0142 Rejonowy turnieju pi\u0142karskiego Coca \u2026<\/div><\/li>\n<li><div class=\"upl-post-title\"><a href=\"https:\/\/sp.tuchow.pl\/index.php\/2016\/04\/25\/sport-dziewczeta-sp-mistrzyniami-powiatu\/\">SPORT -> DZIEWCZ\u0118TA SP MISTRZYNIAMI POWIATU!!!<\/a><\/div><div class=\"upl-post-excerpt\">W rozgrywanym w Koszycach Wielkich powiatowym finale w pi\u0142k\u0119 r\u0119czn\u0105, dziewcz\u0119ta SP Tuch\u00f3w w bardzo \u2026<\/div><\/li>\n<li><div class=\"upl-post-title\"><a href=\"https:\/\/sp.tuchow.pl\/index.php\/2016\/04\/24\/sport-sztafety-i-i-ii-miejsce-w-powiecie\/\">SPORT -> Sztafety &#8211; I i II miejsce w powiecie<\/a><\/div><div class=\"upl-post-excerpt\">W rozegranych w Tarnowie sztafetowych biegach prze\u0142ajowych uczniowie naszej szko\u0142y wywalczyli \u2026<\/div><\/li>\n<li><div class=\"upl-post-title\"><a href=\"https:\/\/sp.tuchow.pl\/index.php\/2016\/04\/24\/sport-szachy-piate-miejsce-w-wojewodztwie\/\">SPORT -> Szachy &#8211; Pi\u0105te miejsce w wojew\u00f3dztwie!<\/a><\/div><div class=\"upl-post-excerpt\">Weronika Por\u0119ba zdoby\u0142a bardzo wysokie pi\u0105te miejsce w Wojew\u00f3dzkich Fina\u0142ach Szk\u00f3\u0142 Gimnazjalnych w \u2026<\/div><\/li>\n<\/ul>\n<\/div>\n\n<p>&nbsp;<\/p>\n","protected":false},"excerpt":{"rendered":"<p>&nbsp;<\/p>\n","protected":false},"author":4,"featured_media":0,"parent":308,"menu_order":0,"comment_status":"closed","ping_status":"closed","template":"","meta":{"advanced_seo_description":"","jetpack_seo_html_title":"","jetpack_seo_noindex":false,"ngg_post_thumbnail":0,"footnotes":""},"class_list":["post-420","page","type-page","status-publish","hentry"],"jetpack_sharing_enabled":true,"jetpack_shortlink":"https:\/\/wp.me\/PghmmV-6M","jetpack_likes_enabled":true,"jetpack-related-posts":[],"_links":{"self":[{"href":"https:\/\/sp.tuchow.pl\/index.php\/wp-json\/wp\/v2\/pages\/420","targetHints":{"allow":["GET"]}}],"collection":[{"href":"https:\/\/sp.tuchow.pl\/index.php\/wp-json\/wp\/v2\/pages"}],"about":[{"href":"https:\/\/sp.tuchow.pl\/index.php\/wp-json\/wp\/v2\/types\/page"}],"author":[{"embeddable":true,"href":"https:\/\/sp.tuchow.pl\/index.php\/wp-json\/wp\/v2\/users\/4"}],"replies":[{"embeddable":true,"href":"https:\/\/sp.tuchow.pl\/index.php\/wp-json\/wp\/v2\/comments?post=420"}],"version-history":[{"count":3,"href":"https:\/\/sp.tuchow.pl\/index.php\/wp-json\/wp\/v2\/pages\/420\/revisions"}],"predecessor-version":[{"id":11289,"href":"https:\/\/sp.tuchow.pl\/index.php\/wp-json\/wp\/v2\/pages\/420\/revisions\/11289"}],"up":[{"embeddable":true,"href":"https:\/\/sp.tuchow.pl\/index.php\/wp-json\/wp\/v2\/pages\/308"}],"wp:attachment":[{"href":"https:\/\/sp.tuchow.pl\/index.php\/wp-json\/wp\/v2\/media?parent=420"}],"curies":[{"name":"wp","href":"https:\/\/api.w.org\/{rel}","templated":true}]}}