{"id":364,"date":"2016-03-20T18:03:00","date_gmt":"2016-03-20T17:03:00","guid":{"rendered":"http:\/\/zs.tuchow.pl\/?page_id=364"},"modified":"2016-03-20T18:03:00","modified_gmt":"2016-03-20T17:03:00","slug":"linki2","status":"publish","type":"page","link":"https:\/\/sp.tuchow.pl\/index.php\/przykladowa-strona\/linki2\/","title":{"rendered":"Linki"},"content":{"rendered":"<p><b>Sport w naszej okolicy:<\/b><br \/>\n<a href=\"http:\/\/www.tuchovia.tuchow.pl\/\">www.tuchovia.tuchow.pl &#8211; MKS Tuchovia<\/a><br \/>\n<a href=\"http:\/\/www.alfa.futbol.org.pl\/\">www.alfa.futbol.org.pl &#8211; Alfa Siedliska<\/a><br \/>\n<a href=\"http:\/\/www.gksgromnik.prv.pl\/\">www.gksgromnik.prv.pl &#8211; GKS Gromnik<\/a><br \/>\n<a href=\"http:\/\/www.pgsiedliskasport.republika.pl\/\">www.pgsiedliskasport.republika.pl &#8211; Sport w gimnazjum z Siedlisk<\/a><\/p>\n<p><b>Sport w naszym kraju i na \u015bwiecie:<\/b><br \/>\n<a href=\"http:\/\/www.sport.onet.pl\/\">www.sport.onet.pl &#8211; Serwis sportowy w onet.pl<\/a><br \/>\n<a href=\"http:\/\/www.pilka.pl\/\">www.pilka.pl &#8211; Wszystko o pi\u0142ce no\u017cnej<\/a><br \/>\n<a href=\"http:\/\/www.livescore.net\/\">www.livescore.net &#8211; Wyniki live ze wszystkich dyscyplin sportowych<\/a><\/p>\n<p><b>Polskie zwi\u0105zki sportowe:<\/b><br \/>\n<a href=\"http:\/\/www.pzjudo.pl\/\">www.pzjudo.pl &#8211; Polski Zwi\u0105zek Judo<\/a><br \/>\n<a href=\"http:\/\/www.pzpn.pl\/\">www.pzpn.pl &#8211; Polski Zwi\u0105zek Pi\u0142ki No\u017cnej<\/a><br \/>\n<a href=\"http:\/\/www.pzkosz.pl\/\">www.pzkosz.pl &#8211; Polski Zwi\u0105zek Pi\u0142ki Koszykowej<\/a><br \/>\n<a href=\"http:\/\/www.pzps.pl\/\">www.pzps.pl &#8211; Polski Zwi\u0105zek Pi\u0142ki Siatkowej<\/a><br \/>\n<a href=\"http:\/\/www.zprp.org.pl\/\">www.zprp.org.pl &#8211; Polski Zwi\u0105zek Pi\u0142ki R\u0119cznej<\/a><br \/>\n<a href=\"http:\/\/www.pzla.pl\/\">www.pzla.pl &#8211; Polski Zwi\u0105zek Lekkiej Atletyki<\/a><\/p>\n","protected":false},"excerpt":{"rendered":"<p>Sport w naszej okolicy: www.tuchovia.tuchow.pl &#8211; MKS Tuchovia www.alfa.futbol.org.pl &#8211; Alfa Siedliska www.gksgromnik.prv.pl &#8211; GKS Gromnik www.pgsiedliskasport.republika.pl &#8211; Sport w<\/p>\n","protected":false},"author":4,"featured_media":0,"parent":2,"menu_order":0,"comment_status":"closed","ping_status":"closed","template":"","meta":{"advanced_seo_description":"","jetpack_seo_html_title":"","jetpack_seo_noindex":false,"ngg_post_thumbnail":0,"footnotes":""},"class_list":["post-364","page","type-page","status-publish","hentry"],"jetpack_sharing_enabled":true,"jetpack_shortlink":"https:\/\/wp.me\/PghmmV-5S","jetpack_likes_enabled":true,"jetpack-related-posts":[],"_links":{"self":[{"href":"https:\/\/sp.tuchow.pl\/index.php\/wp-json\/wp\/v2\/pages\/364","targetHints":{"allow":["GET"]}}],"collection":[{"href":"https:\/\/sp.tuchow.pl\/index.php\/wp-json\/wp\/v2\/pages"}],"about":[{"href":"https:\/\/sp.tuchow.pl\/index.php\/wp-json\/wp\/v2\/types\/page"}],"author":[{"embeddable":true,"href":"https:\/\/sp.tuchow.pl\/index.php\/wp-json\/wp\/v2\/users\/4"}],"replies":[{"embeddable":true,"href":"https:\/\/sp.tuchow.pl\/index.php\/wp-json\/wp\/v2\/comments?post=364"}],"version-history":[{"count":1,"href":"https:\/\/sp.tuchow.pl\/index.php\/wp-json\/wp\/v2\/pages\/364\/revisions"}],"predecessor-version":[{"id":365,"href":"https:\/\/sp.tuchow.pl\/index.php\/wp-json\/wp\/v2\/pages\/364\/revisions\/365"}],"up":[{"embeddable":true,"href":"https:\/\/sp.tuchow.pl\/index.php\/wp-json\/wp\/v2\/pages\/2"}],"wp:attachment":[{"href":"https:\/\/sp.tuchow.pl\/index.php\/wp-json\/wp\/v2\/media?parent=364"}],"curies":[{"name":"wp","href":"https:\/\/api.w.org\/{rel}","templated":true}]}}