{"id":330,"date":"2016-03-20T17:36:46","date_gmt":"2016-03-20T16:36:46","guid":{"rendered":"http:\/\/zs.tuchow.pl\/?page_id=330"},"modified":"2016-03-20T17:36:46","modified_gmt":"2016-03-20T16:36:46","slug":"gimnazjada-szkol","status":"publish","type":"page","link":"https:\/\/sp.tuchow.pl\/index.php\/przykladowa-strona\/gimnazjada-szkol\/","title":{"rendered":"Gimnazjada szk\u00f3\u0142"},"content":{"rendered":"<p align=\"justify\">Jak wiemy, szko\u0142y w naszej gminie rywalizuj\u0105 zawzi\u0119cie mi\u0119dzy sob\u0105 na szczeblu sportowym od lat. I nie s\u0105 to zwyk\u0142e porachunki mi\u0119dzy uczniami. Wszystkie wyniki naszych uczni\u00f3w w konkursach i zawodach sportowych sumowane s\u0105 na koniec roku, za co przydzielane s\u0105 punkty. Szko\u0142a, kt\u00f3ra zdob\u0119dzie najwi\u0119cej punkt\u00f3w, ja\u015bniej t\u0142umacz\u0105c, gdy jej reprezentacje b\u0119d\u0105 zajmowa\u0142y w ci\u0105gu roku najlepsze miejsca we wszystkich dyscyplinach sportowych prowadzonych mi\u0119dzy uczniami, (koszyk\u00f3wka, siatk\u00f3wka, pi\u0142ka no\u017cna itp.) zdobywa pierwsze miejsce i zgarnia g\u0142\u00f3wne nagrody.<\/p>\n<p align=\"justify\">G\u0142\u00f3wnymi Nagrodami s\u0105: puchar oraz nagroda pieni\u0119\u017cna (za co nasza szk\u00f3\u0142a zajmuj\u0105c w zesz\u0142ym roku pierwsze miejsce kupi\u0142a nowe stroje dla uczni\u00f3w reprezentuj\u0105cych szko\u0142e w zawodach). A wi\u0119c, jest o co walczy\u0107 !<\/p>\n<p align=\"center\">A tak przedstawia si\u0119<br \/>\n<b>Wsp\u00f3\u0142zawodnictwo sportowe szk\u00f3\u0142 za rok 2010\/2011<\/b><\/p>\n<p><b><\/b><\/p>\n<p><b>Gimnazjum\u00a0 w Tuchowie:<\/b><br \/>\n1. Halowa pi\u0142ka no\u017cna &#8211;<br \/>\n2. Indyw. tenis sto\u0142owy dziewcz\u0105t &#8211;<br \/>\n3. Indyw. tenis sto\u0142owy ch\u0142opc\u00f3w &#8211;<br \/>\n4. Dru\u017cynowy tenis sto\u0142owy dziewcz\u0105t &#8211;<br \/>\n5. Dru\u017cynowy tenis sto\u0142owy ch\u0142opc\u00f3w &#8211;<br \/>\n6. Szachy dru\u017cynowe &#8211;<br \/>\n7. Koszyk\u00f3wka dziewcz\u0105t &#8211;<br \/>\n8. Koszyk\u00f3wka ch\u0142opc\u00f3w &#8211;<br \/>\n9. Siatk\u00f3wka dziewcz\u0105t &#8211;<br \/>\n10. Siatk\u00f3wka ch\u0142opc\u00f3w &#8211;<br \/>\n11.Pi\u0142ka r\u0119czna dziewcz\u0105t &#8211;<br \/>\n12. Pi\u0142ka r\u0119czna ch\u0142opc\u00f3w &#8211;<br \/>\n13. Sztaf. biegi prze\u0142ajowe dziewcz\u0105t<br \/>\n14. Sztaf. biegi prze\u0142ajowe ch\u0142opc\u00f3w<br \/>\n15. &#8222;11-stki&#8221;<br \/>\n<b>\u0141\u0105cznie:\u00a0<\/b><\/p>\n<p><b>Gimnazjum w Jod\u0142\u00f3wce Tuchowskiej:<\/b><br \/>\n<b><\/b>1. Halowa pi\u0142ka no\u017cna &#8211;<br \/>\n2. Indyw. tenis sto\u0142owy dziewcz\u0105t &#8211;<br \/>\n3. Indyw. tenis sto\u0142owy ch\u0142opc\u00f3w &#8211;<br \/>\n4. Dru\u017cynowy tenis sto\u0142owy dziewcz\u0105t &#8211;<br \/>\n5. Dru\u017cynowy tenis sto\u0142owy ch\u0142opc\u00f3w &#8211;<br \/>\n6. Szachy dru\u017cynowe &#8211;<br \/>\n7. Koszyk\u00f3wka dziewcz\u0105t &#8211;<br \/>\n8. Koszyk\u00f3wka ch\u0142opc\u00f3w &#8211;<br \/>\n9. Siatk\u00f3wka dziewcz\u0105t &#8211;<br \/>\n10. Siatk\u00f3wka ch\u0142opc\u00f3w &#8211;<br \/>\n11.Pi\u0142ka r\u0119czna dziewcz\u0105t &#8211;<br \/>\n12. Pi\u0142ka r\u0119czna ch\u0142opc\u00f3w &#8211;<br \/>\n13. Sztaf. biegi prze\u0142ajowe dziewcz\u0105t<br \/>\n14. Sztaf. biegi prze\u0142ajowe ch\u0142opc\u00f3w<br \/>\n15. &#8222;11-stki&#8221;<br \/>\n<b>\u0141\u0105cznie:\u00a0<\/b><\/p>\n<p><b>Gimnazjum w Siedliskach:<\/b><br \/>\n1. Halowa pi\u0142ka no\u017cna &#8211;<br \/>\n2. Indyw. tenis sto\u0142owy dziewcz\u0105t &#8211;<br \/>\n3. Indyw. tenis sto\u0142owy ch\u0142opc\u00f3w &#8211;<br \/>\n4. Dru\u017cynowy tenis sto\u0142owy dziewcz\u0105t &#8211;<br \/>\n5. Dru\u017cynowy tenis sto\u0142owy ch\u0142opc\u00f3w &#8211;<br \/>\n6. Szachy dru\u017cynowe &#8211;<br \/>\n7. Koszyk\u00f3wka dziewcz\u0105t &#8211;<br \/>\n8. Koszyk\u00f3wka ch\u0142opc\u00f3w &#8211;<br \/>\n9. Siatk\u00f3wka dziewcz\u0105t &#8211;<br \/>\n10. Siatk\u00f3wka ch\u0142opc\u00f3w &#8211;<br \/>\n11.Pi\u0142ka r\u0119czna dziewcz\u0105t &#8211;<br \/>\n12. Pi\u0142ka r\u0119czna ch\u0142opc\u00f3w &#8211;<br \/>\n13. Sztaf. biegi prze\u0142ajowe dziewcz\u0105t<br \/>\n14. Sztaf. biegi prze\u0142ajowe ch\u0142opc\u00f3w<br \/>\n15. &#8222;11-stki&#8221;<br \/>\n<b>\u0141\u0105cznie:\u00a0<\/b><b><\/b><\/p>\n<p><b>Gimnazjum w Karwodrzy:<\/b><br \/>\n1. Halowa pi\u0142ka no\u017cna &#8211;<br \/>\n2. Indyw. tenis sto\u0142owy dziewcz\u0105t &#8211;<br \/>\n3. Indyw. tenis sto\u0142owy ch\u0142opc\u00f3w &#8211;<br \/>\n4. Dru\u017cynowy tenis sto\u0142owy dziewcz\u0105t &#8211;<br \/>\n5. Dru\u017cynowy tenis sto\u0142owy ch\u0142opc\u00f3w &#8211;<br \/>\n6. Szachy dru\u017cynowe &#8211;<br \/>\n7. Koszyk\u00f3wka dziewcz\u0105t &#8211;<br \/>\n8. Koszyk\u00f3wka ch\u0142opc\u00f3w &#8211;<br \/>\n9. Siatk\u00f3wka dziewcz\u0105t &#8211;<br \/>\n10. Siatk\u00f3wka ch\u0142opc\u00f3w &#8211;<br \/>\n11.Pi\u0142ka r\u0119czna dziewcz\u0105t &#8211;<br \/>\n12. Pi\u0142ka r\u0119czna ch\u0142opc\u00f3w &#8211;<br \/>\n13. Sztaf. biegi prze\u0142ajowe dziewcz\u0105t<br \/>\n14. Sztaf. biegi prze\u0142ajowe ch\u0142opc\u00f3w<br \/>\n15. &#8222;11-stki&#8221;<br \/>\n<b>\u0141\u0105cznie:\u00a0<\/b><b><\/b><\/p>\n<p><b>Gimnazjum w Burzynie:<\/b><br \/>\n<b><\/b>1. Halowa pi\u0142ka no\u017cna &#8211;<br \/>\n2. Indyw. tenis sto\u0142owy dziewcz\u0105t &#8211;<br \/>\n3. Indyw. tenis sto\u0142owy ch\u0142opc\u00f3w &#8211;<br \/>\n4. Dru\u017cynowy tenis sto\u0142owy dziewcz\u0105t &#8211;<br \/>\n5. Dru\u017cynowy tenis sto\u0142owy ch\u0142opc\u00f3w &#8211;<br \/>\n6. Szachy dru\u017cynowe &#8211;<br \/>\n7. Koszyk\u00f3wka dziewcz\u0105t &#8211;<br \/>\n8. Koszyk\u00f3wka ch\u0142opc\u00f3w &#8211;<br \/>\n9. Siatk\u00f3wka dziewcz\u0105t &#8211;<br \/>\n10. Siatk\u00f3wka ch\u0142opc\u00f3w &#8211;<br \/>\n11.Pi\u0142ka r\u0119czna dziewcz\u0105t &#8211;<br \/>\n12. Pi\u0142ka r\u0119czna ch\u0142opc\u00f3w &#8211;<br \/>\n13. Sztaf. biegi prze\u0142ajowe dziewcz\u0105t<br \/>\n14. Sztaf. biegi prze\u0142ajowe ch\u0142opc\u00f3w<br \/>\n15. &#8222;11-stki&#8221;<br \/>\n<b>\u0141\u0105cznie:\u00a0<\/b><\/p>\n","protected":false},"excerpt":{"rendered":"<p>Jak wiemy, szko\u0142y w naszej gminie rywalizuj\u0105 zawzi\u0119cie mi\u0119dzy sob\u0105 na szczeblu sportowym od lat. I nie s\u0105 to zwyk\u0142e<\/p>\n","protected":false},"author":4,"featured_media":0,"parent":2,"menu_order":0,"comment_status":"closed","ping_status":"closed","template":"","meta":{"advanced_seo_description":"","jetpack_seo_html_title":"","jetpack_seo_noindex":false,"ngg_post_thumbnail":0,"footnotes":""},"class_list":["post-330","page","type-page","status-publish","hentry"],"jetpack_sharing_enabled":true,"jetpack_shortlink":"https:\/\/wp.me\/PghmmV-5k","jetpack_likes_enabled":true,"jetpack-related-posts":[],"_links":{"self":[{"href":"https:\/\/sp.tuchow.pl\/index.php\/wp-json\/wp\/v2\/pages\/330","targetHints":{"allow":["GET"]}}],"collection":[{"href":"https:\/\/sp.tuchow.pl\/index.php\/wp-json\/wp\/v2\/pages"}],"about":[{"href":"https:\/\/sp.tuchow.pl\/index.php\/wp-json\/wp\/v2\/types\/page"}],"author":[{"embeddable":true,"href":"https:\/\/sp.tuchow.pl\/index.php\/wp-json\/wp\/v2\/users\/4"}],"replies":[{"embeddable":true,"href":"https:\/\/sp.tuchow.pl\/index.php\/wp-json\/wp\/v2\/comments?post=330"}],"version-history":[{"count":1,"href":"https:\/\/sp.tuchow.pl\/index.php\/wp-json\/wp\/v2\/pages\/330\/revisions"}],"predecessor-version":[{"id":331,"href":"https:\/\/sp.tuchow.pl\/index.php\/wp-json\/wp\/v2\/pages\/330\/revisions\/331"}],"up":[{"embeddable":true,"href":"https:\/\/sp.tuchow.pl\/index.php\/wp-json\/wp\/v2\/pages\/2"}],"wp:attachment":[{"href":"https:\/\/sp.tuchow.pl\/index.php\/wp-json\/wp\/v2\/media?parent=330"}],"curies":[{"name":"wp","href":"https:\/\/api.w.org\/{rel}","templated":true}]}}