{"id":311,"date":"2016-03-20T17:06:14","date_gmt":"2016-03-20T16:06:14","guid":{"rendered":"http:\/\/zs.tuchow.pl\/?page_id=311"},"modified":"2025-01-10T09:35:09","modified_gmt":"2025-01-10T08:35:09","slug":"kontakt","status":"publish","type":"page","link":"https:\/\/sp.tuchow.pl\/index.php\/kontakt\/","title":{"rendered":"Kontakt"},"content":{"rendered":"<p style=\"text-align: center;\"><strong><span style=\"color: #000000;\">Szko\u0142a Podstawowa<\/span><\/strong><\/p>\n<p style=\"text-align: center;\"><strong><span style=\"color: #000000;\">im. Stanis\u0142awa Staszica<\/span><\/strong><\/p>\n<p style=\"text-align: center;\"><strong>w Tuchowie<\/strong><\/p>\n<p style=\"text-align: center;\"><span style=\"color: #000000;\"><strong>ul. Jana Paw\u0142a II 6<\/strong><\/span><br \/>\n<span style=\"color: #000000;\"><strong> 33-170 Tuch\u00f3w<\/strong><\/span><br \/>\n<span style=\"color: #000000;\"><strong> tel.\/fax. 14 652 52 20<\/strong><\/span><br \/>\n<span style=\"color: #000000;\"><strong> mail:&nbsp;<\/strong><\/span><strong><span class=\"qu\" tabindex=\"-1\" role=\"gridcell\"><span class=\"go\">sptuchow@sp.tuchow.pl<\/span><\/span><\/strong><\/p>\n<p style=\"text-align: center;\"><span style=\"color: #000000;\"><strong>REGON: 000654196 &nbsp;NIP: 993-01-95-215<\/strong><\/span><\/p>\n","protected":false},"excerpt":{"rendered":"<p>Szko\u0142a Podstawowa im. Stanis\u0142awa Staszica w Tuchowie ul. Jana Paw\u0142a II 6 33-170 Tuch\u00f3w tel.\/fax. 14 652 52 20 mail:&nbsp;sptuchow@sp.tuchow.pl<\/p>\n","protected":false},"author":4,"featured_media":0,"parent":0,"menu_order":0,"comment_status":"closed","ping_status":"closed","template":"","meta":{"advanced_seo_description":"","jetpack_seo_html_title":"","jetpack_seo_noindex":false,"ngg_post_thumbnail":0,"footnotes":""},"class_list":["post-311","page","type-page","status-publish","hentry"],"jetpack_sharing_enabled":true,"jetpack_shortlink":"https:\/\/wp.me\/PghmmV-51","jetpack_likes_enabled":true,"jetpack-related-posts":[],"_links":{"self":[{"href":"https:\/\/sp.tuchow.pl\/index.php\/wp-json\/wp\/v2\/pages\/311","targetHints":{"allow":["GET"]}}],"collection":[{"href":"https:\/\/sp.tuchow.pl\/index.php\/wp-json\/wp\/v2\/pages"}],"about":[{"href":"https:\/\/sp.tuchow.pl\/index.php\/wp-json\/wp\/v2\/types\/page"}],"author":[{"embeddable":true,"href":"https:\/\/sp.tuchow.pl\/index.php\/wp-json\/wp\/v2\/users\/4"}],"replies":[{"embeddable":true,"href":"https:\/\/sp.tuchow.pl\/index.php\/wp-json\/wp\/v2\/comments?post=311"}],"version-history":[{"count":6,"href":"https:\/\/sp.tuchow.pl\/index.php\/wp-json\/wp\/v2\/pages\/311\/revisions"}],"predecessor-version":[{"id":12072,"href":"https:\/\/sp.tuchow.pl\/index.php\/wp-json\/wp\/v2\/pages\/311\/revisions\/12072"}],"wp:attachment":[{"href":"https:\/\/sp.tuchow.pl\/index.php\/wp-json\/wp\/v2\/media?parent=311"}],"curies":[{"name":"wp","href":"https:\/\/api.w.org\/{rel}","templated":true}]}}