{"id":287,"date":"2016-03-20T16:55:45","date_gmt":"2016-03-20T15:55:45","guid":{"rendered":"http:\/\/zs.tuchow.pl\/?page_id=287"},"modified":"2016-03-20T16:57:29","modified_gmt":"2016-03-20T15:57:29","slug":"publikacje","status":"publish","type":"page","link":"https:\/\/sp.tuchow.pl\/index.php\/inne\/publikacje\/","title":{"rendered":"Publikacje"},"content":{"rendered":"<p align=\"\"><b><span style=\"color: #3a5d86; style=\"font-family: Century Gothic, sans-serif;\" font-size: x-large;\">Publikacje z roku 2015\/2016<\/span><\/b><\/p>\n<p align=\"left\"><b><\/p>\n<p><a href=\"http:\/\/zs.tuchow.pl\/publikacje\/VI%20Turniej%20Szkol%20gimnazjalnych.pdf\"><b>[VI TURNIEJ SZK\u00d3\u0141 GIMNAZJALNYCH W PI\u0141CE SIATKOWEJ DZIEWCZ\u0104T W ZSP W TUCHOWIE]<\/b><\/a><\/p>\n<p><a href=\"http:\/\/zs.tuchow.pl\/publikacje\/W%20magicznym%20swiecie.pdf\"><b>[W magicznym \u015bwiecie wierszy ksi\u0119dza Jana Twardowskiego]<\/b><\/a><\/p>\n<p><a href=\"http:\/\/zs.tuchow.pl\/publikacje\/Wigilia%20klasy%203aGIM.pdf\"><b>[Wigilia klasy 3a GIM]<\/b><\/a><\/p>\n<p><a href=\"http:\/\/zs.tuchow.pl\/publikacje\/Konkurs%20Koled%20i%20Pastoralek.pdf\"><b>[Konkurs kol\u0119d i pastora\u0142ek]<\/b><\/a><\/p>\n<p><a href=\"http:\/\/zs.tuchow.pl\/publikacje\/nadzieja.pdf\"><b>[Miko\u0142ajkowe spotkanie z cz\u0142onkami Stowarzyszenia &#8222;Nadzieja&#8221;]<\/b><\/a><\/p>\n<p><a href=\"http:\/\/zs.tuchow.pl\/publikacje\/Jaselka_grudzien%202015.pdf\"><b>[Jase\u0142ka w Zespole Szk\u00f3\u0142 w Tuchowie]<\/b><\/a><\/p>\n<p><a href=\"http:\/\/zs.tuchow.pl\/pliki\/Dzien%20angielski_grudzien%202015.pdf\"><b>[Dzie\u0144 angielski w Zespole Szk\u00f3\u0142 w Tuchowie]<\/b><\/a><\/p>\n<p><a href=\"http:\/\/zs.tuchow.pl\/pliki\/III%20GMINNY%20KONKURS%20SWIATECZNEJ.pdf\"><b>[III GMINNY KONKURS \u015aWI\u0104TECZNEJ PIOSENKI OBCOJ\u0118ZYCZNEJ]<\/b><\/a><\/p>\n<p><a href=\"http:\/\/zs.tuchow.pl\/pliki\/mikolajki%203a.pdf\"><b>[Niezwyk\u0142e miko\u0142ajki klasy 3a gimnazjum]<\/b><\/a><\/p>\n<p><a href=\"http:\/\/zs.tuchow.pl\/pliki\/Wspolpraca%20z%20Francja.pdf\"><b>[Wsp\u00f3\u0142praca uczni\u00f3w z dzieci edukacji wczesnoszkolnej ze szko\u0142\u0105 w Saint Jean de Braye]<\/b><\/a><\/p>\n<p><a href=\"http:\/\/zs.tuchow.pl\/podreczniki\/11%20listopada%203agim.pdf\"><b>[Jak 11 listopada \u015bwi\u0119towa\u0142a 3a Gimnazjum]<\/b><\/a><\/p>\n<p><a href=\"http:\/\/zs.tuchow.pl\/podreczniki\/Sukces%20w%20konkursie%20historycznym.pdf\"><b>[Sukces w konkursie historycznym]<\/b><\/a><\/p>\n<p><a href=\"http:\/\/zs.tuchow.pl\/podreczniki\/Swietlica%20szkolna.pdf\"><b>[\u015awietlica szkolna]<\/b><\/a><\/p>\n<p><a href=\"http:\/\/zs.tuchow.pl\/podreczniki\/Festiwal%20kanapkowy.pdf\"><b>[Festiwal kanapkowy]<\/b><\/a><\/p>\n<p><a href=\"http:\/\/zs.tuchow.pl\/podreczniki\/Czy%20to%20bajka%20czy%20nie%20bajka.pdf\"><b>[Czy to bajka, czy nie bajka]<\/b><\/a><\/p>\n<p><a href=\"http:\/\/zs.tuchow.pl\/podreczniki\/11%20listopada_2015.pdf\"><b>[Obchody \u015awi\u0119ta Niepodleg\u0142o\u015bci w Zespole Szk\u00f3\u0142]<\/b><\/a><\/p>\n<p><a href=\"http:\/\/zs.tuchow.pl\/podreczniki\/Lowczowek%202015%20konkurs.pdf\"><b>[O Konkursie Historycznym &#8222;Od Oleandr\u00f3w do \u0141owcz\u00f3wka&#8221;]<\/b><\/a><\/p>\n<p><a href=\"http:\/\/zs.tuchow.pl\/podreczniki\/Czas.pdf\"><b>[Czas &#8211; wielki zegarmistrz \u015bwiata]<\/b><\/a><\/p>\n<p><a href=\"http:\/\/zs.tuchow.pl\/podreczniki\/DEN-%20ZS%20w%20Tuchowie.pdf\"><b>[Przepis na \u015bwiat&#8230; Dzie\u0144 Edukacji Narodowej w ZS w Tuchowie]<\/b><\/a><\/p>\n<p><a href=\"http:\/\/zs.tuchow.pl\/podreczniki\/5latKazimierza.pdf\"><b>[\u015awi\u0119to Patrona Gimnazjum i \u015blubowanie klas pierwszych]<\/b><\/a><\/p>\n<p><a href=\"http:\/\/zs.tuchow.pl\/podreczniki\/Co%20za%20przyjemnosc.pdf\"><b>[Co to za przyjemno\u015b\u0107 chodzi\u0107 po g\u00f3rach &#8230; nie rozumiem?]<\/b><\/a><\/p>\n<p><span style=\"color: #3a5d86; style=\"font-family: Century Gothic, sans-serif;\" font-size: x-large;\">Publikacje z roku 2014\/2015<\/span><\/b><\/p>\n<p align=\"left\"><b><\/p>\n<p><a href=\"http:\/\/zs.tuchow.pl\/podreczniki\/Arbeit%20macht%20frei.pdf\"><b>[Pobierz Artyku\u0142: &#8222;WRA\u017bENIA Z PIEK\u0141A, CZYLI O WYCIECZCE DO OBOZU AUSCHWITZ &#8211; BIRKANEU&#8221;]<\/b><\/a><\/p>\n<p><a href=\"http:\/\/zs.tuchow.pl\/podreczniki\/Mial%20jeszcze%20serce.pdf\"><b>[Pobierz Artyku\u0142: &#8222;Mia\u0142 jeszcze serce&#8221;]<\/b><\/a><\/p>\n<p><a href=\"http:\/\/zs.tuchow.pl\/podreczniki\/Jak%20Aniol%20Stroz%20prowadzil%20Edmunda.pdf\"><b>[Pobierz Artyku\u0142: &#8222;Jak Anio\u0142 Str\u00f3\u017c prowadzi\u0142 Edmunda&#8221;]<\/b><\/a><\/p>\n<p><span style=\"color: #3a5d86; style=\"font-family: Century Gothic, sans-serif;\" font-size: x-large;\">Publikacje z roku 2013\/2014<\/span><\/b><\/p>\n<p><b><b><b><\/p>\n<p><a href=\"http:\/\/zs.tuchow.pl\/podreczniki\/Pamiec%20dla%20przeszlosci%20i%20przyszlosci.pdf\"><b>[Pobierz Artyku\u0142: &#8222;<i>Pami\u0119\u0107 dla przesz\u0142o\u015bci<br \/>\ni przysz\u0142o\u015bci&#8221;<\/i>. Lekcja historii w Auschwitz &#8211; Birkenau.]<\/b><\/a><\/p>\n<p><a href=\"http:\/\/zs.tuchow.pl\/podreczniki\/Balladyna.pdf\"><b>[Pobierz Artyku\u0142: &#8222;Balladyna &#8211; czyli malinowa zbrodnia w teatrze.&#8221;]<\/b><\/a><\/p>\n<p><a href=\"http:\/\/zs.tuchow.pl\/podreczniki\/Kamienie%20na%20szaniec.pdf\"><b>[Pobierz Artyku\u0142: &#8222;Film &#8222;<i>Kamienie na szaniec<\/i>&#8221; w opinii gimnazjalist\u00f3w&#8221;]<\/b><\/a><\/p>\n<p><a href=\"http:\/\/zs.tuchow.pl\/podreczniki\/Z%20wizyta%20w%20drukarni%20czyli%20jak%20powstaje%20ksiazka.pdf\"><b>[Pobierz Artyku\u0142: &#8222;Z wizyt\u0105 w drukarni czyli jak powstaje ksi\u0105\u017cka&#8221;]<\/b><\/a><\/p>\n<p><a href=\"http:\/\/zs.tuchow.pl\/podreczniki\/Z%20wizyta%20w%20Bazylice%20Mniejszej.pdf\"><b>[Pobierz Artyku\u0142: &#8222;Z wizyt\u0105 w Bazylice Mniejszej&#8221;]<\/b><\/a><\/p>\n<p><a href=\"http:\/\/zs.tuchow.pl\/podreczniki\/Wycieczka%20po%20Tuchowie.pdf\"><b>[Pobierz Artyku\u0142: &#8222;Wycieczka po Tuchowie&#8221;]<\/b><\/a><\/p>\n<p><a href=\"http:\/\/zs.tuchow.pl\/podreczniki\/Jakie%20skarby%20kryje%20w%20sobie%20Tuchow.pdf\"><b>[Pobierz Artyku\u0142: &#8222;Jakie skarby kryje Tuch\u00f3w&#8221;]<\/b><\/a><\/p>\n<p><a href=\"http:\/\/zs.tuchow.pl\/podreczniki\/List%20Nadzieja.pdf\"><b>[Pobierz List od Prezesa Stowarzyszenia Nadzieja]<\/b><\/a><\/p>\n<p><span style=\"color: #3a5d86; style=\"font-family: Century Gothic, sans-serif;\" font-size: x-large;\">Publikacje z roku 2012\/2013<\/span><br \/>\n<a href=\"http:\/\/zs.tuchow.pl\/podreczniki\/Spr%20z%20wycieczek_2.pdf\"><b>[Pobierz Wycieczka do planetarium w Chorzowie]<\/b><\/a><\/p>\n<p><a href=\"http:\/\/zs.tuchow.pl\/podreczniki\/Spr%20z%20wycieczek_1.pdf\"><b>[Pobierz Odkrywamy tajemnice G\u00f3r \u015awi\u0119tokrzyskich]<\/b><\/a><\/p>\n<p><a href=\"http:\/\/zs.tuchow.pl\/podreczniki\/To%20kim%20bedziesz.pdf\"><b>[Pobierz To kim b\u0119dziesz, zale\u017cy od ciebie]<\/b><\/a><\/p>\n<p><a href=\"http:\/\/zs.tuchow.pl\/podreczniki\/Kubus%20Puchatek_pazdziernik%202012.pdf\"><b>[Pobierz Bawimy sie i uczymy z Kubusiem Puchatkiem]<\/b><\/a><\/p>\n<p><a href=\"http:\/\/zs.tuchow.pl\/podreczniki\/Lowczowek%202012.pdf\"><b>[Pobierz \u0141owcz\u00f3wek 2012]<\/b><\/a><\/p>\n<p><a href=\"http:\/\/zs.tuchow.pl\/podreczniki\/Najznakomitsze%20historie%20biblijne.pdf\"><b>[Pobierz Najznakomitsze historie biblijne]<\/b><\/a><\/p>\n<p><a href=\"http:\/\/zs.tuchow.pl\/podreczniki\/Lekcja%20inaczej.pdf\"><b>[Pobierz Lekcja inaczej]<\/b><\/a><\/p>\n<p><a href=\"http:\/\/zs.tuchow.pl\/podreczniki\/CO%20TO%20SIE%20DZIALO.pdf\"><b>[Pobierz Kazimierz Wielki &#8211; sprawa Baryczki]<\/b><\/a><\/p>\n<p><a href=\"http:\/\/zs.tuchow.pl\/podreczniki\/TEATR%20CIENI.pdf\"><b>[Pobierz Teatr CIENI]<\/b><\/a><\/p>\n<p><\/b><\/b><\/b><\/p>\n<p align=\"\"><b><span style=\"color: #3a5d86; style=\"font-family: Century Gothic, sans-serif;\" font-size: x-large;\">Publikacje z roku 2011\/2012<\/span><\/b><\/p>\n<p><b><b><b><b><br \/>\n<a href=\"http:\/\/zs.tuchow.pl\/podreczniki\/Mistrz%20Twardowski.pdf\"><b>[Pobierz JAK MISTRZ TWARDOWSKI DUCHA KR\u00d3LOWEJ BARBARY PRZYWO\u0141A\u0141]<\/b><\/a><\/p>\n<p><a href=\"http:\/\/zs.tuchow.pl\/podreczniki\/Konferencja%20wojsko%20kwiecien_2012.pdf\"><b>[Pobierz Udzia\u0142 Wojska Polskiego w misjach pokojowych i stabilizacyjnych.]<\/b><\/a><\/p>\n<p><a href=\"http:\/\/zs.tuchow.pl\/podreczniki\/BETLEJEMSKA%20DOBRANOCKA.pdf\"><b>[Pobierz BETLEJEMSKA DOBRANOCKA]<\/b><\/a><\/p>\n<p><a href=\"http:\/\/zs.tuchow.pl\/podreczniki\/Obojetnosc%20i%20zaniedbanie%20to%20rowniez%20agresja.pdf\"><b>[Pobierz Obojetnosc i zaniedbanie to r\u00f3wnie\u017c agresja.]<\/b><\/a><\/p>\n<p><a href=\"http:\/\/zs.tuchow.pl\/podreczniki\/Miec%20wyobraznie%20milosierdzia.pdf\"><b>[Pobierz Podsumowanie V edycji ma\u0142opolskiego projektu <i>Mie\u0107 wyobra\u017anie mi\u0142osierdzia<\/i>.]<\/b><\/a><\/p>\n<p><a href=\"http:\/\/zs.tuchow.pl\/podreczniki\/Jubileusz%20biblioteki%20miejskiej.pdf\"><b>[Pobierz Jubileusz biblioteki miejskiej]<\/b><\/a><\/p>\n<p><a href=\"http:\/\/zs.tuchow.pl\/podreczniki\/Tuchowski%20Las.pdf\"><b>[Pobierz Tuchowski Las &#8211; zaj\u0119cia terenowe klasy 3c GIM]<\/b><\/a><\/p>\n<p><a href=\"http:\/\/zs.tuchow.pl\/podreczniki\/Jak%20poznac%20historie%20-%20Oswiecim%202011.pdf\"><b>[Pobierz Jak poznac historie? Oswi\u0119cim 2011&#8243;]<\/b><\/a><\/p>\n<p><a href=\"http:\/\/zs.tuchow.pl\/podreczniki\/Czym%20jest%20patriotyzm%20bez%20pamieci.pdf\"><b>[Pobierz Czym jest patriotyzm bez pamieci?&#8221;]<\/b><\/a><\/p>\n<p><a href=\"http:\/\/zs.tuchow.pl\/podreczniki\/Regulamin_JPII.pdf\"><b>[Pobierz REGULAMIN Konkursu recytacji poezji Karola Wojty\u0142y&#8221;]<\/b><\/a><\/p>\n<p><a href=\"http:\/\/zs.tuchow.pl\/podreczniki\/zaproszenie.pdf\"><b>[Pobierz ZAPROSZENIE NA KIERMASZ \u015aWI\u0104TECZNY&#8221;]<\/b><\/a><\/p>\n<p><a href=\"http:\/\/zs.tuchow.pl\/podreczniki\/konkurs%20ft_2011.pdf\"><b>[Pobierz REGULAMIN Konkursu Fotograficznego&#8221;]<\/b><\/a><br \/>\n<a href=\"http:\/\/zs.tuchow.pl\/podreczniki\/album%20o%20%20Tuchowie%20.pdf\"><b>[Pobierz ALBUM &#8222;Zapraszam na wycieczk\u0119 po mojej miejscowo\u015bci!&#8221;]<\/b><\/a><br \/>\n<\/b><a href=\"http:\/\/zs.tuchow.pl\/podreczniki\/regulamin%20Broniewski.doc\"><b>[Pobierz REGULAMIN KONKURSU RECYTATORSKIEGO IM. W\u0141. BRONIEWSKIEGO]<\/b><\/a><\/b><\/b><\/b><\/p>\n","protected":false},"excerpt":{"rendered":"<p>Publikacje z roku 2015\/2016 [VI TURNIEJ SZK\u00d3\u0141 GIMNAZJALNYCH W PI\u0141CE SIATKOWEJ DZIEWCZ\u0104T W ZSP W TUCHOWIE] [W magicznym \u015bwiecie wierszy<\/p>\n","protected":false},"author":4,"featured_media":0,"parent":281,"menu_order":0,"comment_status":"closed","ping_status":"closed","template":"","meta":{"advanced_seo_description":"","jetpack_seo_html_title":"","jetpack_seo_noindex":false,"ngg_post_thumbnail":0,"footnotes":""},"class_list":["post-287","page","type-page","status-publish","hentry"],"jetpack_sharing_enabled":true,"jetpack_shortlink":"https:\/\/wp.me\/PghmmV-4D","jetpack_likes_enabled":true,"jetpack-related-posts":[],"_links":{"self":[{"href":"https:\/\/sp.tuchow.pl\/index.php\/wp-json\/wp\/v2\/pages\/287","targetHints":{"allow":["GET"]}}],"collection":[{"href":"https:\/\/sp.tuchow.pl\/index.php\/wp-json\/wp\/v2\/pages"}],"about":[{"href":"https:\/\/sp.tuchow.pl\/index.php\/wp-json\/wp\/v2\/types\/page"}],"author":[{"embeddable":true,"href":"https:\/\/sp.tuchow.pl\/index.php\/wp-json\/wp\/v2\/users\/4"}],"replies":[{"embeddable":true,"href":"https:\/\/sp.tuchow.pl\/index.php\/wp-json\/wp\/v2\/comments?post=287"}],"version-history":[{"count":5,"href":"https:\/\/sp.tuchow.pl\/index.php\/wp-json\/wp\/v2\/pages\/287\/revisions"}],"predecessor-version":[{"id":294,"href":"https:\/\/sp.tuchow.pl\/index.php\/wp-json\/wp\/v2\/pages\/287\/revisions\/294"}],"up":[{"embeddable":true,"href":"https:\/\/sp.tuchow.pl\/index.php\/wp-json\/wp\/v2\/pages\/281"}],"wp:attachment":[{"href":"https:\/\/sp.tuchow.pl\/index.php\/wp-json\/wp\/v2\/media?parent=287"}],"curies":[{"name":"wp","href":"https:\/\/api.w.org\/{rel}","templated":true}]}}