{"id":284,"date":"2016-03-20T16:51:31","date_gmt":"2016-03-20T15:51:31","guid":{"rendered":"http:\/\/zs.tuchow.pl\/?page_id=284"},"modified":"2022-12-30T14:42:44","modified_gmt":"2022-12-30T13:42:44","slug":"przetargi","status":"publish","type":"page","link":"https:\/\/sp.tuchow.pl\/index.php\/inne\/przetargi\/","title":{"rendered":"Zam\u00f3wienia publiczne"},"content":{"rendered":"<p align=\"center\"><div class='pfpItem entry-content'><h2 class='entry-title'><a href='https:\/\/sp.tuchow.pl\/index.php\/2022\/12\/21\/zakup-i-dostawa-artykulow-zywnosciowych-na-potrzeby-stolowki-szkolnej-w-szkole-podstawowej-im-stanislawa-staszica-w-tuchowie\/'>AKTUALIZACJA-> Zakup i dostawa artyku\u0142\u00f3w \u017cywno\u015bciowych na potrzeby sto\u0142\u00f3wki szkolnej w Szkole Podstawowej im. Stanis\u0142awa Staszica w Tuchowie<\/a><\/h2><p><span style=\"color: #ff0000;\"><strong>Aktualizacja<\/strong><\/span><\/p>\n<p><span style=\"color: #ff0000;\"><strong><a href=\"https:\/\/sp.tuchow.pl\/pliki\/zamowienia_publiczne\/zywnosc\/uniewaznienie.pdf\">Informacja o uniewa\u017cnieniu post\u0119powania cz. 3<\/a><\/strong><\/span><\/p>\n<p><span style=\"color: #ff0000;\"><strong><a href=\"https:\/\/sp.tuchow.pl\/pliki\/zamowienia_publiczne\/zywnosc\/wybor.pdf\">Informacja o wyborze najkorzystniejszej oferty<\/a><\/strong><\/span><\/p>\n<p>Post\u0119powanie o udzielenie zam\u00f3wienia publicznego prowadzonego w trybie podstawowym pn. &#8222;Zakup i dostawa artyku\u0142\u00f3w \u017cywno\u015bciowych na potrzeby sto\u0142\u00f3wki szkolnej w Szkole Podstawowej im. Stanis\u0142awa Staszica w Tuchowie&#8221;.<\/p>\n<p>Data publikacji: 2022-12-21<\/p>\n<p>Rodzaj zam\u00f3wienia:&nbsp;Dostawa<\/p>\n<p>Tryb zam\u00f3wienia:&nbsp;tryb podstawowy na...<a href='https:\/\/sp.tuchow.pl\/index.php\/2022\/12\/21\/zakup-i-dostawa-artykulow-zywnosciowych-na-potrzeby-stolowki-szkolnej-w-szkole-podstawowej-im-stanislawa-staszica-w-tuchowie\/' class='pfpReadMore'>Read More &raquo;<\/a><div class='clear'><\/div><hr><\/div><\/p>\n<ul>\n<li>\n<p align=\"justify\"><strong><i>\u201e<\/i><i>Dostawa energii elektrycznej na potrzeby obiekt\u00f3w Szko\u0142y Podstawowej im. Stanis\u0142awa Staszica w Tuchowie, ul. Jana Paw\u0142a II 6, 33-170 Tuch\u00f3w&#8221;.<\/i><\/strong><\/p>\n<\/li>\n<\/ul>\n<p align=\"left\"><span style=\"color: #ff0000;\"><a href=\"https:\/\/sp.tuchow.pl\/pliki\/zamowienia_publiczne\/energia\/Ogloszenie_wyniki_prad.pdf\">Wyniki post\u0119powania<\/a><\/span><\/p>\n<p align=\"left\"><a href=\"https:\/\/sp.tuchow.pl\/pliki\/zamowienia_publiczne\/energia\/Zaproszenie.pdf\">Zaproszenie do z\u0142o\u017cenia oferty<\/a><\/p>\n<p align=\"left\"><a href=\"https:\/\/sp.tuchow.pl\/pliki\/zamowienia_publiczne\/energia\/Formularz_oferty_i_oswiadczenie.docx\">Formularz oferty i o\u015bwiadczenie (docx)<\/a><\/p>\n<p align=\"left\"><a href=\"https:\/\/sp.tuchow.pl\/pliki\/zamowienia_publiczne\/energia\/Formularz_oferty_i_oswiadczenie.pdf\">Formularz oferty i o\u015bwiadczenie (pdf)<\/a><\/p>\n<p align=\"left\"><a href=\"https:\/\/sp.tuchow.pl\/pliki\/zamowienia_publiczne\/energia\/ZP_Klauzula%20informacyjna.pdf\">Klauzula informacyjna<\/a><\/p>\n<p align=\"left\">&nbsp;<\/p>\n<ul>\n<li>\n<p style=\"text-align: left;\" align=\"center\"><i style=\"text-align: -webkit-left;\"><strong>Dostawa gazu ziemnego do Szko\u0142y Podstawowej im. Stanis\u0142awa Staszica w Tuchowie,&nbsp;&nbsp;<\/strong><\/i><i style=\"text-align: -webkit-left;\"><strong>ul. Jana Paw\u0142a II 6, 33-170 Tuch\u00f3w<\/strong>&#8222;.<\/i><\/p>\n<p align=\"left\">&nbsp;<\/p>\n<p align=\"left\"><a href=\"https:\/\/sp.tuchow.pl\/pliki\/zamowienia_publiczne\/gaz\/Ogloszenie_wyniki_gaz.pdf\">Wyniki post\u0119powania<\/a>&nbsp;<\/p>\n<p align=\"left\"><a href=\"https:\/\/sp.tuchow.pl\/pliki\/zamowienia_publiczne\/gaz\/Zaproszenie.pdf\">Zaproszenie do z\u0142o\u017cenia oferty<\/a><\/p>\n<p align=\"left\"><a href=\"https:\/\/sp.tuchow.pl\/pliki\/zamowienia_publiczne\/gaz\/Formularz_oferty_i_oswiadczenie.docx\">Formularz oferty i o\u015bwiadczenie (docx)<\/a><\/p>\n<p align=\"left\"><a href=\"https:\/\/sp.tuchow.pl\/pliki\/zamowienia_publiczne\/gaz\/Formularz_oferty_i_oswiadczenie.pdf\">Formularz oferty i o\u015bwiadczenie (pdf)<\/a><\/p>\n<p align=\"left\"><a href=\"https:\/\/sp.tuchow.pl\/pliki\/zamowienia_publiczne\/gaz\/ZP_Klauzula%20informacyjna.pdf\">Klauzula informacyjna<\/a><\/p>\n<\/li>\n<\/ul>\n<p>&nbsp;<\/p>\n","protected":false},"excerpt":{"rendered":"<p>\u201eDostawa energii elektrycznej na potrzeby obiekt\u00f3w Szko\u0142y Podstawowej im. Stanis\u0142awa Staszica w Tuchowie, ul. Jana Paw\u0142a II 6, 33-170 Tuch\u00f3w&#8221;.<\/p>\n","protected":false},"author":4,"featured_media":0,"parent":281,"menu_order":0,"comment_status":"closed","ping_status":"closed","template":"","meta":{"advanced_seo_description":"","jetpack_seo_html_title":"","jetpack_seo_noindex":false,"ngg_post_thumbnail":0,"footnotes":""},"class_list":["post-284","page","type-page","status-publish","hentry"],"jetpack_sharing_enabled":true,"jetpack_shortlink":"https:\/\/wp.me\/PghmmV-4A","jetpack_likes_enabled":true,"jetpack-related-posts":[],"_links":{"self":[{"href":"https:\/\/sp.tuchow.pl\/index.php\/wp-json\/wp\/v2\/pages\/284","targetHints":{"allow":["GET"]}}],"collection":[{"href":"https:\/\/sp.tuchow.pl\/index.php\/wp-json\/wp\/v2\/pages"}],"about":[{"href":"https:\/\/sp.tuchow.pl\/index.php\/wp-json\/wp\/v2\/types\/page"}],"author":[{"embeddable":true,"href":"https:\/\/sp.tuchow.pl\/index.php\/wp-json\/wp\/v2\/users\/4"}],"replies":[{"embeddable":true,"href":"https:\/\/sp.tuchow.pl\/index.php\/wp-json\/wp\/v2\/comments?post=284"}],"version-history":[{"count":11,"href":"https:\/\/sp.tuchow.pl\/index.php\/wp-json\/wp\/v2\/pages\/284\/revisions"}],"predecessor-version":[{"id":10774,"href":"https:\/\/sp.tuchow.pl\/index.php\/wp-json\/wp\/v2\/pages\/284\/revisions\/10774"}],"up":[{"embeddable":true,"href":"https:\/\/sp.tuchow.pl\/index.php\/wp-json\/wp\/v2\/pages\/281"}],"wp:attachment":[{"href":"https:\/\/sp.tuchow.pl\/index.php\/wp-json\/wp\/v2\/media?parent=284"}],"curies":[{"name":"wp","href":"https:\/\/api.w.org\/{rel}","templated":true}]}}