{"id":278,"date":"2016-03-20T16:26:03","date_gmt":"2016-03-20T15:26:03","guid":{"rendered":"http:\/\/zs.tuchow.pl\/?page_id=278"},"modified":"2021-02-17T15:47:27","modified_gmt":"2021-02-17T14:47:27","slug":"rodo","status":"publish","type":"page","link":"https:\/\/sp.tuchow.pl\/index.php\/rodo\/","title":{"rendered":"RODO"},"content":{"rendered":"<h2 style=\"text-align: center;\"><strong>Informacja dotycz\u0105ca RODO<\/strong><\/h2>\n<p><a href=\"https:\/\/sp.tuchow.pl\/pliki\/rodo\/Klauzula informacyjna 2021.pdf\">Klauzula Informacyjna o Przetwarzaniu Danych Osobowych w Szkole Podstawowej im. Stanis\u0142awa Staszica w Tuchowie<\/a><\/p>\n<p><a href=\"https:\/\/sp.tuchow.pl\/pliki\/rodo\/szko\u0142a_Monitoring Klauzula informacyjna 2021.pdf\">KLAUZULA INFORMACYJNA DOTYCZ\u0104CA MONITORINGU WIZYJNEGO<\/a><\/p>\n<p><a href=\"https:\/\/sp.tuchow.pl\/pliki\/rodo\/Klauzula informacyjna przy rekrutacji dzieci do szko\u0142y 2021.pdf\">KLAUZULA INFORMACYJNA PRZY REKRUTACJI DZIECI DO SZKO\u0141Y PODSTAWOWEJ IM. STANIS\u0141AWA STASZICA W TUCHOWIE<\/a><\/p>\n<p><a href=\"https:\/\/sp.tuchow.pl\/pliki\/rodo\/Klauzula informacyjna dla pracownika 2021.pdf\">Klauzula informacyjna dla pracownika<\/a><\/p>\n<p>&nbsp;<\/p>\n<p><span style=\"text-decoration: underline;\"><strong>ARCHIWUM<\/strong><\/span><\/p>\n<p><a href=\"https:\/\/sp.tuchow.pl\/pliki\/rodo\/KLAUZULA INFORMACYJNA przy rekrutacji dzieci do szkoly.pdf\">ARCHIWALNA KLAUZULA INFORMACYJNA PRZY REKRUTACJI DO SZKO\u0141Y<\/a><\/p>\n<p><a href=\"https:\/\/sp.tuchow.pl\/pliki\/rodo\/Klauzula%20Informacyjna%20o%20Przetwarzaniu%20Danych%20Osobowych.pdf\">ARCHIWALNA Klauzula Informacyjna o Przetwarzaniu Danych Osobowych w Szkole Podstawowej im. Stanis\u0142awa Staszica w Tuchowie<\/a><\/p>\n<p><a href=\"https:\/\/sp.tuchow.pl\/pliki\/rodo\/Klauzula%20Informacyjna%20dotyczaca%20monitoringu%20wizyjnego2.pdf\">ARCHIWALNA KLAUZULA INFORMACYJNA DOTYCZ\u0104CA MONITORINGU WIZYJNEGO<\/a><\/p>\n<p>&nbsp;<\/p>\n<p><a href=\"https:\/\/sp.tuchow.pl\/pliki\/rodo\/RODO%20Klauzula%20informacyjna.pdf\">ARCHIWUM Klauzula Informacyjna o Przetwarzaniu Danych Osobowych w Szkole Podstawowej im. Stanis\u0142awa Staszica w Tuchowie<\/a><\/p>\n<p><a href=\"https:\/\/sp.tuchow.pl\/pliki\/rodo\/Klauzula%20Informacyjna%20dotyczaca%20monitoringu%20wizyjnego.pdf\">ARCHIWUM KLAUZULA INFORMACYJNA DOTYCZ\u0104CA MONITORINGU WIZYJNEGO<\/a><\/p>\n","protected":false},"excerpt":{"rendered":"<p>Informacja dotycz\u0105ca RODO Klauzula Informacyjna o Przetwarzaniu Danych Osobowych w Szkole Podstawowej im. Stanis\u0142awa Staszica w Tuchowie KLAUZULA INFORMACYJNA DOTYCZ\u0104CA<\/p>\n","protected":false},"author":4,"featured_media":0,"parent":0,"menu_order":0,"comment_status":"closed","ping_status":"closed","template":"","meta":{"advanced_seo_description":"","jetpack_seo_html_title":"","jetpack_seo_noindex":false,"ngg_post_thumbnail":0,"footnotes":""},"class_list":["post-278","page","type-page","status-publish","hentry"],"jetpack_sharing_enabled":true,"jetpack_shortlink":"https:\/\/wp.me\/PghmmV-4u","jetpack_likes_enabled":true,"jetpack-related-posts":[],"_links":{"self":[{"href":"https:\/\/sp.tuchow.pl\/index.php\/wp-json\/wp\/v2\/pages\/278","targetHints":{"allow":["GET"]}}],"collection":[{"href":"https:\/\/sp.tuchow.pl\/index.php\/wp-json\/wp\/v2\/pages"}],"about":[{"href":"https:\/\/sp.tuchow.pl\/index.php\/wp-json\/wp\/v2\/types\/page"}],"author":[{"embeddable":true,"href":"https:\/\/sp.tuchow.pl\/index.php\/wp-json\/wp\/v2\/users\/4"}],"replies":[{"embeddable":true,"href":"https:\/\/sp.tuchow.pl\/index.php\/wp-json\/wp\/v2\/comments?post=278"}],"version-history":[{"count":14,"href":"https:\/\/sp.tuchow.pl\/index.php\/wp-json\/wp\/v2\/pages\/278\/revisions"}],"predecessor-version":[{"id":9563,"href":"https:\/\/sp.tuchow.pl\/index.php\/wp-json\/wp\/v2\/pages\/278\/revisions\/9563"}],"wp:attachment":[{"href":"https:\/\/sp.tuchow.pl\/index.php\/wp-json\/wp\/v2\/media?parent=278"}],"curies":[{"name":"wp","href":"https:\/\/api.w.org\/{rel}","templated":true}]}}