{"id":273,"date":"2016-03-20T16:24:04","date_gmt":"2016-03-20T15:24:04","guid":{"rendered":"http:\/\/zs.tuchow.pl\/?page_id=273"},"modified":"2016-03-20T16:24:40","modified_gmt":"2016-03-20T15:24:40","slug":"ewaluacja","status":"publish","type":"page","link":"https:\/\/sp.tuchow.pl\/index.php\/ewaluacja\/","title":{"rendered":"Ewaluacja"},"content":{"rendered":"<p style=\"font-family: Century Gothic, sans-serif;\"><b>W dniach od 7 stycznia do 21 stycznia 2016 r. na terenie Zespo\u0142u Szk\u00f3\u0142 w Tuchowie zostanie przeprowadzona zewn\u0119trzna ewaluacja problemowa w Szkole Podstawowej im. Stanis\u0142awa Staszica i Publicznym Gimnazjum im. Kazimierza Wielkiego w zakresie wymaga\u0144: <\/b><\/p>\n<p style=\"font-family: Century Gothic, sans-serif;\">1) Uczniowie nabywaj\u0105 wiadomo\u015bci i umiej\u0119tno\u015bci okre\u015blone w podstawie programowej; <\/p>\n<p style=\"font-family: Century Gothic, sans-serif;\">2) Szko\u0142a lub plac\u00f3wka wspomaga rozw\u00f3j uczni\u00f3w, z uwzgl\u0119dnieniem ich indywidualnej sytuacji; <\/p>\n<p style=\"font-family: Century Gothic, sans-serif;\">3) Szko\u0142a lub plac\u00f3wka, organizuj\u0105c procesy edukacyjne, uwzgl\u0119dnia wnioski z analizy wynik\u00f3w sprawdzianu, egzaminu gimnazjalnego, egzaminu maturalnego, egzaminu potwierdzaj\u0105cego kwalifikacje zawodowe i egzaminu potwierdzaj\u0105cego kwalifikacje w zawodzie oraz innych bada\u0144 zewn\u0119trznych i wewn\u0119trznych.<\/p>\n","protected":false},"excerpt":{"rendered":"<p>W dniach od 7 stycznia do 21 stycznia 2016 r. na terenie Zespo\u0142u Szk\u00f3\u0142 w Tuchowie zostanie przeprowadzona zewn\u0119trzna ewaluacja<\/p>\n","protected":false},"author":4,"featured_media":0,"parent":0,"menu_order":0,"comment_status":"closed","ping_status":"closed","template":"","meta":{"advanced_seo_description":"","jetpack_seo_html_title":"","jetpack_seo_noindex":false,"ngg_post_thumbnail":0,"footnotes":""},"class_list":["post-273","page","type-page","status-publish","hentry"],"jetpack_sharing_enabled":true,"jetpack_shortlink":"https:\/\/wp.me\/PghmmV-4p","jetpack_likes_enabled":true,"jetpack-related-posts":[],"_links":{"self":[{"href":"https:\/\/sp.tuchow.pl\/index.php\/wp-json\/wp\/v2\/pages\/273","targetHints":{"allow":["GET"]}}],"collection":[{"href":"https:\/\/sp.tuchow.pl\/index.php\/wp-json\/wp\/v2\/pages"}],"about":[{"href":"https:\/\/sp.tuchow.pl\/index.php\/wp-json\/wp\/v2\/types\/page"}],"author":[{"embeddable":true,"href":"https:\/\/sp.tuchow.pl\/index.php\/wp-json\/wp\/v2\/users\/4"}],"replies":[{"embeddable":true,"href":"https:\/\/sp.tuchow.pl\/index.php\/wp-json\/wp\/v2\/comments?post=273"}],"version-history":[{"count":3,"href":"https:\/\/sp.tuchow.pl\/index.php\/wp-json\/wp\/v2\/pages\/273\/revisions"}],"predecessor-version":[{"id":277,"href":"https:\/\/sp.tuchow.pl\/index.php\/wp-json\/wp\/v2\/pages\/273\/revisions\/277"}],"wp:attachment":[{"href":"https:\/\/sp.tuchow.pl\/index.php\/wp-json\/wp\/v2\/media?parent=273"}],"curies":[{"name":"wp","href":"https:\/\/api.w.org\/{rel}","templated":true}]}}