{"id":270,"date":"2016-03-20T16:22:38","date_gmt":"2016-03-20T15:22:38","guid":{"rendered":"http:\/\/zs.tuchow.pl\/?page_id=270"},"modified":"2025-10-23T17:30:00","modified_gmt":"2025-10-23T15:30:00","slug":"dokumentacja","status":"publish","type":"page","link":"https:\/\/sp.tuchow.pl\/index.php\/dokumentacja\/","title":{"rendered":"Dokumentacja"},"content":{"rendered":"<p style=\"text-align: center;\" align=\"center\"><b><span style=\"font-size: 36.0pt; font-family: 'Garamond','serif'; color: #3a5d86;\">Dokumentacja&nbsp;<\/span><\/b><\/p>\n<h2 align=\"center\"><span style=\"color: #003366;\">Szko\u0142a Podstawowa<\/span><\/h2>\n<h2 align=\"center\"><span style=\"color: #003366;\">im. Stanis\u0142awa Staszica<\/span><\/h2>\n<h2 align=\"center\"><span style=\"color: #003366;\">w Tuchowie<\/span><\/h2>\n<p><a href=\"https:\/\/sp.tuchow.pl\/pso\/Statut_SP.pdf\" target=\"_blank\" rel=\"noopener\"><b>Statut Szko\u0142y Podstawowej im. Stanis\u0142awa Staszica w Tuchowie<\/b><\/a><\/p>\n<p><a href=\"https:\/\/sp.tuchow.pl\/pso\/Szkolny ppw.pdf\" target=\"_blank\" rel=\"noopener\"><strong>Szkolny program wychowawczo-profilaktyczny<\/strong><\/a><\/p>\n<p><strong><a href=\"https:\/\/sp.tuchow.pl\/pso\/SOM.pdf\">Standardy Ochrony Ma\u0142oletnich w Szkole Podstawowej im. Stanis\u0142awa Staszica w Tuchowie<\/a><\/strong><\/p>\n<p><strong><a href=\"https:\/\/sp.tuchow.pl\/pso\/Regulamin%20szatnia.pdf\">Regulamin korzystania z szatni i uczniowskich szafek<\/a><\/strong><\/p>\n<p><strong><a href=\"https:\/\/sp.tuchow.pl\/pso\/Procedura_sygnalista.pdf\">Procedura dokonywania narusze\u0144 prawa i podejmowania dzia\u0142a\u0144 naprawczych<\/a><\/strong><\/p>\n<p><strong><a href=\"https:\/\/sp.tuchow.pl\/pobierz\/reg_wypoz_komp.pdf\">Regulamin wypo\u017cyczania sprz\u0119tu komputerowego znajduj\u0105cego si\u0119 na wyposa\u017ceniu Szko\u0142y Podstawowej im. Stanis\u0142awa Staszica w Tuchowie<\/a><\/strong><\/p>\n<p><strong><a href=\"https:\/\/sp.tuchow.pl\/pso\/regulamin_komorki.pdf\">Regulamin korzystania z telefon\u00f3w kom\u00f3rkowych oraz innych urz\u0105dze\u0144 elektronicznych<\/a><\/strong><\/p>\n<p><strong><a href=\"https:\/\/sp.tuchow.pl\/pobierz\/proc_bezpie.pdf\">Procedury zapewnienia bezpiecznego pobytu uczni\u00f3w w Szkole Podstawowej im. Stanis\u0142awa Staszica w Tuchowie<\/a><\/strong><\/p>\n<p><strong><a href=\"https:\/\/sp.tuchow.pl\/pso\/tarcza_reg.pdf\">Zasady przyznawania odznaki &#8222;Z\u0142ota Tarcza&#8221; uczniom Szko\u0142y Podstawowej im. S. Staszica w Tuchowie<\/a><\/strong><\/p>\n<h2 align=\"center\">Wymagania edukacyjne I etap edukacyjny<\/h2>\n<p><a href=\"https:\/\/sp.tuchow.pl\/pso\/ew_religia.pdf\">Religia<\/a><\/p>\n<p><a href=\"https:\/\/sp.tuchow.pl\/pso\/ew_1.pdf\">Edukacja wczesnoszkolna kl. 1<\/a><br \/>\n<a href=\"https:\/\/sp.tuchow.pl\/pso\/ew_2.pdf\">Edukacja wczesnoszkolna kl. 2<\/a><br \/>\n<a href=\"https:\/\/sp.tuchow.pl\/pso\/ew_3.pdf\">Edukacja wczesnoszkolna kl. 3<\/a><br \/>\n<a href=\"https:\/\/sp.tuchow.pl\/pso\/ew_angielski.pdf\">J\u0119zyk angielski kl. 1-3 SP<\/a><b><b><br \/>\n<\/b><\/b><\/p>\n<p><a href=\"https:\/\/sp.tuchow.pl\/pso\/ew_zdalne nauczanie.pdf\">Og\u00f3lne zasady oceniania i monitorowania post\u0119p\u00f3w uczni\u00f3w edukacji wczesnoszkolnej w pracy na odleg\u0142o\u015b\u0107<\/a><\/p>\n<h2 align=\"center\"><span style=\"color: #333333;\"><b>Wymagania edukacyjne II etap edukacyjny<\/b><\/span><\/h2>\n<p><a href=\"https:\/\/sp.tuchow.pl\/pso\/sp_religia.pdf\">Religia<\/a><\/p>\n<p><a href=\"https:\/\/sp.tuchow.pl\/pso\/sp_polski.pdf\">J\u0119zyk polski<\/a><\/p>\n<p><a href=\"https:\/\/sp.tuchow.pl\/pso\/sp_ang.pdf\">J\u0119zyk angielski<\/a><\/p>\n<p><a href=\"https:\/\/sp.tuchow.pl\/pso\/sp_nie.pdf\">J\u0119zyk niemiecki<\/a><\/p>\n<p><a href=\"https:\/\/sp.tuchow.pl\/pso\/sp_muzyka.pdf\">Muzyka<\/a><\/p>\n<p><a href=\"https:\/\/sp.tuchow.pl\/pso\/sp_plastyka.pdf\">Plastyka<\/a><\/p>\n<p><a href=\"https:\/\/sp.tuchow.pl\/pso\/sp_historia.pdf\">Historia<\/a><\/p>\n<p><a href=\"https:\/\/sp.tuchow.pl\/pso\/sp_przyroda.pdf\">Przyroda<\/a><\/p>\n<p><a href=\"https:\/\/sp.tuchow.pl\/pso\/sp_matematyka.pdf\">Matematyka<\/a><\/p>\n<p><a href=\"https:\/\/sp.tuchow.pl\/pso\/sp_komputerowe.pdf\">Informatyka<\/a><\/p>\n<p><a href=\"https:\/\/sp.tuchow.pl\/pso\/sp_techniczne.pdf\">Technika<\/a><\/p>\n<p><a href=\"https:\/\/sp.tuchow.pl\/pso\/sp_wf.pdf\">Wychowanie fizyczne<\/a><\/p>\n<p><a href=\"https:\/\/sp.tuchow.pl\/pso\/sp_wos.pdf\">Wiedza o spo\u0142ecze\u0144stwie<\/a><\/p>\n<p><a href=\"https:\/\/sp.tuchow.pl\/pso\/sp_geografia.pdf\">Geografia<\/a><\/p>\n<p><a href=\"https:\/\/sp.tuchow.pl\/pso\/sp_biologia.pdf\">Biologia<\/a><\/p>\n<p><a href=\"https:\/\/sp.tuchow.pl\/pso\/sp_chemia.pdf\">Chemia<\/a><\/p>\n<p><a href=\"https:\/\/sp.tuchow.pl\/pso\/sp_fizyka.pdf\">Fizyka<\/a><\/p>\n<p><a href=\"https:\/\/sp.tuchow.pl\/pso\/sp_edb.pdf\">Edukacja dla bezpiecze\u0144stwa<\/a><\/p>\n<p>&nbsp;<\/p>\n<p>&nbsp;<\/p>\n","protected":false},"excerpt":{"rendered":"<p>Dokumentacja&nbsp; Szko\u0142a Podstawowa im. Stanis\u0142awa Staszica w Tuchowie Statut Szko\u0142y Podstawowej im. Stanis\u0142awa Staszica w Tuchowie Szkolny program wychowawczo-profilaktyczny Standardy<\/p>\n","protected":false},"author":4,"featured_media":0,"parent":0,"menu_order":0,"comment_status":"closed","ping_status":"closed","template":"","meta":{"advanced_seo_description":"","jetpack_seo_html_title":"","jetpack_seo_noindex":false,"ngg_post_thumbnail":0,"footnotes":""},"class_list":["post-270","page","type-page","status-publish","hentry"],"jetpack_sharing_enabled":true,"jetpack_shortlink":"https:\/\/wp.me\/PghmmV-4m","jetpack_likes_enabled":true,"jetpack-related-posts":[],"_links":{"self":[{"href":"https:\/\/sp.tuchow.pl\/index.php\/wp-json\/wp\/v2\/pages\/270","targetHints":{"allow":["GET"]}}],"collection":[{"href":"https:\/\/sp.tuchow.pl\/index.php\/wp-json\/wp\/v2\/pages"}],"about":[{"href":"https:\/\/sp.tuchow.pl\/index.php\/wp-json\/wp\/v2\/types\/page"}],"author":[{"embeddable":true,"href":"https:\/\/sp.tuchow.pl\/index.php\/wp-json\/wp\/v2\/users\/4"}],"replies":[{"embeddable":true,"href":"https:\/\/sp.tuchow.pl\/index.php\/wp-json\/wp\/v2\/comments?post=270"}],"version-history":[{"count":27,"href":"https:\/\/sp.tuchow.pl\/index.php\/wp-json\/wp\/v2\/pages\/270\/revisions"}],"predecessor-version":[{"id":12348,"href":"https:\/\/sp.tuchow.pl\/index.php\/wp-json\/wp\/v2\/pages\/270\/revisions\/12348"}],"wp:attachment":[{"href":"https:\/\/sp.tuchow.pl\/index.php\/wp-json\/wp\/v2\/media?parent=270"}],"curies":[{"name":"wp","href":"https:\/\/api.w.org\/{rel}","templated":true}]}}