{"id":259,"date":"2016-03-20T16:18:40","date_gmt":"2016-03-20T15:18:40","guid":{"rendered":"http:\/\/zs.tuchow.pl\/?page_id=259"},"modified":"2023-09-29T07:23:32","modified_gmt":"2023-09-29T05:23:32","slug":"samorzad","status":"publish","type":"page","link":"https:\/\/sp.tuchow.pl\/index.php\/samorzad\/","title":{"rendered":"Samorz\u0105d"},"content":{"rendered":"<h3 style=\"font-family: 'Century Gothic', sans-serif; text-align: center;\"><b>Przewodnicz\u0105ca Samorz\u0105du Uczniowskiego\u00a0<span style=\"color: #000000;\"><br \/>\n<strong>Angelika K\u0119dzior kl. 8a<\/strong><br \/>\n<\/span><\/b><\/h3>\n<h3 style=\"font-family: 'Century Gothic', sans-serif; text-align: center;\"><b>Zast\u0119pca Przewodnicz\u0105cego Samorz\u0105du Uczniowskiego\u00a0<span style=\"color: #000000;\"><br \/>\n<strong>Wiktoria Gogola<\/strong> kl. 7a<\/span><\/b><\/h3>\n<h3 style=\"font-family: 'Century Gothic', sans-serif; text-align: center;\"><b>Sekretarz Samorz\u0105du Uczniowskiego\u00a0<span style=\"color: #000000;\"><br \/>\n<strong>Franciszek Dziadowiec<\/strong> kl. 8b<\/span><\/b><\/h3>\n<p style=\"font-family: 'Century Gothic', sans-serif; text-align: left;\"><b>Opiekun Samorz\u0105du Uczniowskiego:\u00a0<span style=\"color: #000000;\"><br \/>\n<\/span><\/b><\/p>\n<p>mgr Beata Kielawa<\/p>\n<p>mgr Anna Jurek<\/p>\n<p style=\"font-family: 'Century Gothic', sans-serif; text-align: left;\"><a href=\"http:\/\/naszsamorzad.wordpress.com\/\"><img loading=\"lazy\" decoding=\"async\" data-attachment-id=\"5985\" data-permalink=\"https:\/\/sp.tuchow.pl\/index.php\/samorzad\/blogsu\/\" data-orig-file=\"https:\/\/sp.tuchow.pl\/wp-content\/uploads\/2016\/03\/BlogSU.jpg\" data-orig-size=\"1046,262\" data-comments-opened=\"0\" data-image-meta=\"{&quot;aperture&quot;:&quot;0&quot;,&quot;credit&quot;:&quot;&quot;,&quot;camera&quot;:&quot;&quot;,&quot;caption&quot;:&quot;&quot;,&quot;created_timestamp&quot;:&quot;0&quot;,&quot;copyright&quot;:&quot;&quot;,&quot;focal_length&quot;:&quot;0&quot;,&quot;iso&quot;:&quot;0&quot;,&quot;shutter_speed&quot;:&quot;0&quot;,&quot;title&quot;:&quot;&quot;,&quot;orientation&quot;:&quot;0&quot;}\" data-image-title=\"BlogSU\" data-image-description=\"\" data-image-caption=\"\" data-medium-file=\"https:\/\/sp.tuchow.pl\/wp-content\/uploads\/2016\/03\/BlogSU-300x75.jpg\" data-large-file=\"https:\/\/sp.tuchow.pl\/wp-content\/uploads\/2016\/03\/BlogSU-1024x256.jpg\" class=\"aligncenter wp-image-5985 size-medium\" src=\"http:\/\/zs.tuchow.pl\/wp-content\/uploads\/2016\/03\/BlogSU-300x75.jpg\" alt=\"BlogSU\" width=\"300\" height=\"75\" srcset=\"https:\/\/sp.tuchow.pl\/wp-content\/uploads\/2016\/03\/BlogSU-300x75.jpg 300w, https:\/\/sp.tuchow.pl\/wp-content\/uploads\/2016\/03\/BlogSU-768x192.jpg 768w, https:\/\/sp.tuchow.pl\/wp-content\/uploads\/2016\/03\/BlogSU-1024x256.jpg 1024w, https:\/\/sp.tuchow.pl\/wp-content\/uploads\/2016\/03\/BlogSU.jpg 1046w\" sizes=\"auto, (max-width: 300px) 100vw, 300px\" \/><\/a><\/p>\n","protected":false},"excerpt":{"rendered":"<p>Przewodnicz\u0105ca Samorz\u0105du Uczniowskiego\u00a0 Angelika K\u0119dzior kl. 8a Zast\u0119pca Przewodnicz\u0105cego Samorz\u0105du Uczniowskiego\u00a0 Wiktoria Gogola kl. 7a Sekretarz Samorz\u0105du Uczniowskiego\u00a0 Franciszek Dziadowiec<\/p>\n","protected":false},"author":4,"featured_media":0,"parent":0,"menu_order":0,"comment_status":"closed","ping_status":"closed","template":"","meta":{"advanced_seo_description":"","jetpack_seo_html_title":"","jetpack_seo_noindex":false,"ngg_post_thumbnail":0,"footnotes":""},"class_list":["post-259","page","type-page","status-publish","hentry"],"jetpack_sharing_enabled":true,"jetpack_shortlink":"https:\/\/wp.me\/PghmmV-4b","jetpack_likes_enabled":true,"jetpack-related-posts":[],"_links":{"self":[{"href":"https:\/\/sp.tuchow.pl\/index.php\/wp-json\/wp\/v2\/pages\/259","targetHints":{"allow":["GET"]}}],"collection":[{"href":"https:\/\/sp.tuchow.pl\/index.php\/wp-json\/wp\/v2\/pages"}],"about":[{"href":"https:\/\/sp.tuchow.pl\/index.php\/wp-json\/wp\/v2\/types\/page"}],"author":[{"embeddable":true,"href":"https:\/\/sp.tuchow.pl\/index.php\/wp-json\/wp\/v2\/users\/4"}],"replies":[{"embeddable":true,"href":"https:\/\/sp.tuchow.pl\/index.php\/wp-json\/wp\/v2\/comments?post=259"}],"version-history":[{"count":18,"href":"https:\/\/sp.tuchow.pl\/index.php\/wp-json\/wp\/v2\/pages\/259\/revisions"}],"predecessor-version":[{"id":11418,"href":"https:\/\/sp.tuchow.pl\/index.php\/wp-json\/wp\/v2\/pages\/259\/revisions\/11418"}],"wp:attachment":[{"href":"https:\/\/sp.tuchow.pl\/index.php\/wp-json\/wp\/v2\/media?parent=259"}],"curies":[{"name":"wp","href":"https:\/\/api.w.org\/{rel}","templated":true}]}}