{"id":254,"date":"2016-03-20T16:10:16","date_gmt":"2016-03-20T15:10:16","guid":{"rendered":"http:\/\/zs.tuchow.pl\/?page_id=254"},"modified":"2025-09-23T19:07:49","modified_gmt":"2025-09-23T17:07:49","slug":"nauczyciele","status":"publish","type":"page","link":"https:\/\/sp.tuchow.pl\/index.php\/nauczyciele\/","title":{"rendered":"Nauczyciele"},"content":{"rendered":"<p style=\"text-align: center;\"><strong>Nauczyciele <\/strong><\/p>\n<p style=\"text-align: center;\"><strong>Szko\u0142y Podstawowej im. St. Staszica w Tuchowie<\/strong><\/p>\n<p style=\"text-align: center;\">rok szkolny 2025\/2026<\/p>\n<p>&nbsp;<\/p>\n<table style=\"width: 100%; height: 1882px;\" width=\"100%\">\n<tbody>\n<tr style=\"height: 48px;\">\n<td style=\"height: 48px; width: 7%;\" width=\"7%\"><strong>L.p.<\/strong><\/td>\n<td style=\"height: 48px; width: 23%;\" width=\"23%\"><strong>Nazwisko i imi\u0119 nauczyciela<\/strong><\/td>\n<td style=\"height: 48px; width: 46.1001%;\" width=\"46%\"><strong>Prowadzone zaj\u0119cia<\/strong><\/td>\n<\/tr>\n<tr style=\"height: 5px;\">\n<td style=\"height: 36px; width: 7%;\" width=\"7%\">1.<\/td>\n<td style=\"height: 36px; width: 23%;\" width=\"23%\">Ba\u0142ut Anna<\/td>\n<td style=\"height: 36px; width: 46.1001%;\" width=\"46%\">logopedia, j\u0119z. angielski<\/td>\n<\/tr>\n<tr style=\"height: 5px;\">\n<td style=\"height: 37px; width: 7%;\" width=\"7%\">2.<\/td>\n<td style=\"height: 37px; width: 23%;\" width=\"23%\">Bandyk Aneta<\/td>\n<td style=\"height: 37px; width: 46.1001%;\" width=\"46%\">nauczyciel wsp\u00f3\u0142organizuj\u0105cy kszta\u0142cenie, wychowawca \u015bwietlicy<\/td>\n<\/tr>\n<tr style=\"height: 5px;\">\n<td style=\"height: 41px; width: 7%;\" width=\"7%\">3.<\/td>\n<td style=\"height: 41px; width: 23%;\" width=\"23%\">Baran Bernadeta<\/td>\n<td style=\"height: 41px; width: 46.1001%;\" width=\"46%\">historia, edukacja dla bezpiecze\u0144stwa, wiedza o spo\u0142ecze\u0144stwie<\/td>\n<\/tr>\n<tr style=\"height: 5px;\">\n<td style=\"height: 35px; width: 7%;\" width=\"7%\">4.<\/td>\n<td style=\"height: 35px; width: 23%;\" width=\"23%\">Bryg Agnieszka<\/td>\n<td style=\"height: 35px; width: 46.1001%;\" width=\"46%\">nauczyciel wsp\u00f3\u0142organizuj\u0105cy kszta\u0142cenie<\/td>\n<\/tr>\n<tr style=\"height: 5px;\">\n<td style=\"height: 39px; width: 7%;\" width=\"7%\">5.<\/td>\n<td style=\"height: 39px; width: 23%;\" width=\"23%\">Chru\u015bciel Zo\u0144 Marta<\/td>\n<td style=\"height: 39px; width: 46.1001%;\" width=\"46%\">&nbsp;<\/td>\n<\/tr>\n<tr style=\"height: 5px;\">\n<td style=\"height: 24px; width: 7%;\" width=\"7%\">6.<\/td>\n<td style=\"height: 24px; width: 23%;\" width=\"23%\">Cie\u015bla Wies\u0142aw<\/td>\n<td style=\"height: 24px; width: 46.1001%;\" width=\"46%\">muzyka, zesp\u00f3\u0142 wokalny, wychowawca \u015bwietlicy<\/td>\n<\/tr>\n<tr style=\"height: 5px;\">\n<td style=\"height: 33px; width: 7%;\" width=\"7%\">7.<\/td>\n<td style=\"height: 33px; width: 23%;\" width=\"23%\">Czachor Natalia<\/td>\n<td style=\"height: 33px; width: 46.1001%;\" width=\"46%\">&nbsp;<\/td>\n<\/tr>\n<tr style=\"height: 5px;\">\n<td style=\"height: 24px; width: 7%;\" width=\"7%\">8.<\/td>\n<td style=\"height: 24px; width: 23%;\" width=\"23%\">o. \u0106wik Aleksander<\/td>\n<td style=\"height: 24px; width: 46.1001%;\" width=\"46%\">religia<\/td>\n<\/tr>\n<tr style=\"height: 5px;\">\n<td style=\"height: 48px; width: 7%;\" width=\"7%\">9.<\/td>\n<td style=\"height: 48px; width: 23%;\" width=\"23%\">Dynak Aneta<\/td>\n<td style=\"height: 48px; width: 46.1001%;\" width=\"46%\">matematyka, informatyka, k\u00f3\u0142ko matematyczne, zaj\u0119cia dydaktyczno &#8211; wyr\u00f3wnawcze z mat., zaj\u0119cia pozalekcyjne<br \/>\ninformatyczne &#8211; druk 3D, zaj\u0119cia rozwijaj\u0105ce z matematyki<\/td>\n<\/tr>\n<tr style=\"height: 5px;\">\n<td style=\"height: 24px; width: 7%;\" width=\"7%\">10.<\/td>\n<td style=\"height: 24px; width: 23%;\" width=\"23%\">Fryzowska El\u017cbieta<\/td>\n<td style=\"height: 24px; width: 46.1001%;\" width=\"46%\">edukacja wczesnoszkolna, zaj\u0119cia kszta\u0142tuj\u0105ce kreatywno\u015b\u0107<\/td>\n<\/tr>\n<tr style=\"height: 5px;\">\n<td style=\"height: 24px; width: 7%;\" width=\"7%\">11.<\/td>\n<td style=\"height: 24px; width: 23%;\" width=\"23%\">G\u0105sior Renata<\/td>\n<td style=\"height: 24px; width: 46.1001%;\" width=\"46%\">j\u0119z. polski, k\u00f3\u0142ko polonistyczne<\/td>\n<\/tr>\n<tr style=\"height: 5px;\">\n<td style=\"height: 24px; width: 7%;\" width=\"7%\">12.<\/td>\n<td style=\"height: 24px; width: 23%;\" width=\"23%\">ks. G\u00f3rowski Alfons<\/td>\n<td style=\"height: 24px; width: 46.1001%;\" width=\"46%\">religia<\/td>\n<\/tr>\n<tr style=\"height: 5px;\">\n<td style=\"height: 24px; width: 7%;\" width=\"7%\">13.<\/td>\n<td style=\"height: 24px; width: 23%;\" width=\"23%\">Gut &#8211; Lisak Beata<\/td>\n<td style=\"height: 24px; width: 46.1001%;\" width=\"46%\">historia,&nbsp; wos<\/td>\n<\/tr>\n<tr style=\"height: 5px;\">\n<td style=\"height: 48px; width: 7%;\" width=\"7%\">14.<\/td>\n<td style=\"height: 48px; width: 23%;\" width=\"23%\">Gut Krzysztof<\/td>\n<td style=\"height: 48px; width: 46.1001%;\" width=\"46%\">wychowanie fizyczne, zaj\u0119cia z klas\u0105 sportow\u0105<\/td>\n<\/tr>\n<tr style=\"height: 5px;\">\n<td style=\"height: 24px; width: 7%;\" width=\"7%\">15.<\/td>\n<td style=\"height: 24px; width: 23%;\" width=\"23%\">Ho\u0144do Magdalena<\/td>\n<td style=\"height: 24px; width: 46.1001%;\" width=\"46%\">j\u0119z. angielski<\/td>\n<\/tr>\n<tr style=\"height: 5px;\">\n<td style=\"height: 48px; width: 7%;\" width=\"7%\">16.<\/td>\n<td style=\"height: 48px; width: 23%;\" width=\"23%\">Igielska-Bakuli\u0144ska Magdalena<\/td>\n<td style=\"height: 48px; width: 46.1001%;\" width=\"46%\">nauczyciel wsp\u00f3\u0142organizuj\u0105cy kszta\u0142cenie, zaj\u0119cia rewalidacyjne, bibliotekarz<\/td>\n<\/tr>\n<tr style=\"height: 5px;\">\n<td style=\"height: 24px; width: 7%;\" width=\"7%\">17.<\/td>\n<td style=\"height: 24px; width: 23%;\" width=\"23%\">Jackowicz Urszula<\/td>\n<td style=\"height: 24px; width: 46.1001%;\" width=\"46%\">geografia, przyroda<\/td>\n<\/tr>\n<tr style=\"height: 5px;\">\n<td style=\"height: 24px; width: 7%;\" width=\"7%\">18.<\/td>\n<td style=\"height: 24px; width: 23%;\" width=\"23%\">Janto\u0144 Anna<\/td>\n<td style=\"height: 24px; width: 46.1001%;\" width=\"46%\">wychowanie fizyczne, SKS<\/td>\n<\/tr>\n<tr style=\"height: 5px;\">\n<td style=\"height: 48px; width: 7%;\" width=\"7%\">19.<\/td>\n<td style=\"height: 48px; width: 23%;\" width=\"23%\">Jamr\u00f3g Joanna<\/td>\n<td style=\"height: 48px; width: 46.1001%;\" width=\"46%\">edukacja zdrowotna, nauczyciel wsp\u00f3\u0142organizuj\u0105cy kszta\u0142cenie, zaj\u0119cia rewalidacyjne<\/td>\n<\/tr>\n<tr style=\"height: 5px;\">\n<td style=\"height: 48px; width: 7%;\" width=\"7%\">20.<\/td>\n<td style=\"height: 48px; width: 23%;\" width=\"23%\">Jaworska Lipka Justyna<\/td>\n<td style=\"height: 48px; width: 46.1001%;\" width=\"46%\">j\u0119z. angielski, biologia, edukacja zdrowotna<\/td>\n<\/tr>\n<tr style=\"height: 5px;\">\n<td style=\"height: 48px; width: 7%;\" width=\"7%\">21.<\/td>\n<td style=\"height: 48px; width: 23%;\" width=\"23%\">Jurek Anna<\/td>\n<td style=\"height: 48px; width: 46.1001%;\" width=\"46%\">edukacja wczesnoszkolna, zaj\u0119cia kszta\u0142tuj\u0105ce kreatywno\u015b\u0107, zaj\u0119cia kszta\u0142tuj\u0105ce kreatywno\u015b\u0107, zaj\u0119cia korekcyjno &#8211; kompensacyjne<\/td>\n<\/tr>\n<tr style=\"height: 5px;\">\n<td style=\"height: 48px; width: 7%;\" width=\"7%\">22.<\/td>\n<td style=\"height: 48px; width: 23%;\" width=\"23%\">Jurek \u0141ukasz<\/td>\n<td style=\"height: 48px; width: 46.1001%;\" width=\"46%\">wychowanie fizyczne, zaj\u0119cia w klasie sportowej<\/td>\n<\/tr>\n<tr style=\"height: 5px;\">\n<td style=\"height: 24px; width: 7%;\" width=\"7%\">23.<\/td>\n<td style=\"height: 24px; width: 23%;\" width=\"23%\">Kawa Ewa<\/td>\n<td style=\"height: 24px; width: 46.1001%;\" width=\"46%\">edukacja wczesnoszkolna, zaj\u0119cia kszta\u0142tuj\u0105ce kreatywno\u015b\u0107, wychowawca \u015bwietlicy<\/td>\n<\/tr>\n<tr style=\"height: 5px;\">\n<td style=\"height: 24px; width: 7%;\" width=\"7%\">24.<\/td>\n<td style=\"height: 24px; width: 23%;\" width=\"23%\">Kielawa Beata<\/td>\n<td style=\"height: 24px; width: 46.1001%;\" width=\"46%\">pedagog, zaj\u0119cia korekcyjno &#8211; kompensacyjne<\/td>\n<\/tr>\n<tr style=\"height: 5px;\">\n<td style=\"height: 24px; width: 7%;\" width=\"7%\">25.<\/td>\n<td style=\"height: 24px; width: 23%;\" width=\"23%\">Krupa Katarzyna<\/td>\n<td style=\"height: 24px; width: 46.1001%;\" width=\"46%\">bibliotekarz, wychowawca \u015bwietlicy<\/td>\n<\/tr>\n<tr style=\"height: 5px;\">\n<td style=\"height: 24px; width: 7%;\" width=\"7%\">26.<\/td>\n<td style=\"height: 24px; width: 23%;\" width=\"23%\">Kwa\u015bny Anna<\/td>\n<td style=\"height: 24px; width: 46.1001%;\" width=\"46%\">matematyka, zaj\u0119cia dydaktyczno-wyr\u00f3wnawcze, k\u00f3\u0142ko matematyczne<\/td>\n<\/tr>\n<tr style=\"height: 5px;\">\n<td style=\"height: 24px; width: 7%;\" width=\"7%\">27.<\/td>\n<td style=\"height: 24px; width: 23%;\" width=\"23%\">Maniak Stanis\u0142aw<\/td>\n<td style=\"height: 24px; width: 46.1001%;\" width=\"46%\">plastyka<\/td>\n<\/tr>\n<tr style=\"height: 5px;\">\n<td style=\"height: 27px; width: 7%;\" width=\"7%\">28.<\/td>\n<td style=\"height: 27px; width: 23%;\" width=\"23%\">Mazurkiewicz Marta<\/td>\n<td style=\"height: 27px; width: 46.1001%;\" width=\"46%\">matematyka, zaj\u0119cia dydaktyczno &#8211; wyr\u00f3wnawcze<\/td>\n<\/tr>\n<tr style=\"height: 5px;\">\n<td style=\"height: 24px; width: 7%;\" width=\"7%\">29.<\/td>\n<td style=\"height: 24px; width: 23%;\" width=\"23%\">Mitoraj Agnieszka<\/td>\n<td style=\"height: 24px; width: 46.1001%;\" width=\"46%\">edukacja wczesnoszkolna, zaj\u0119cia kszta\u0142tuj\u0105ce kreatywno\u015b\u0107, wychowawca \u015bwietlicy<\/td>\n<\/tr>\n<tr style=\"height: 5px;\">\n<td style=\"height: 48px; width: 7%;\" width=\"7%\">30.<\/td>\n<td style=\"height: 48px; width: 23%;\" width=\"23%\">Mo\u017adzierz Jadwiga<\/td>\n<td style=\"height: 48px; width: 46.1001%;\" width=\"46%\">edukacja wczesnoszkolna, zaj\u0119cia kszta\u0142tuj\u0105ce kreawatywno\u015b\u0107, zaj\u0119cia rewalidacyjne<\/td>\n<\/tr>\n<tr style=\"height: 5px;\">\n<td style=\"width: 7%; height: 24px;\">31.<\/td>\n<td style=\"width: 23%; height: 24px;\">My\u015bliwiec Maria<\/td>\n<td style=\"width: 46.1001%; height: 24px;\">nauczyciel wsp\u00f3\u0142organizuj\u0105cy kszta\u0142cenie, zaj\u0119cia rewalidacyjne<\/td>\n<\/tr>\n<tr style=\"height: 5px;\">\n<td style=\"height: 24px; width: 7%;\" width=\"7%\">32.<\/td>\n<td style=\"height: 24px; width: 23%;\" width=\"23%\">ks. Nosal Grzegorz<\/td>\n<td style=\"height: 24px; width: 46.1001%;\" width=\"46%\">religia<\/td>\n<\/tr>\n<tr style=\"height: 5px;\">\n<td style=\"height: 43px; width: 7%;\" width=\"7%\">33.<\/td>\n<td style=\"height: 43px; width: 23%;\" width=\"23%\">Ogiela Beata<\/td>\n<td style=\"height: 43px; width: 46.1001%;\" width=\"46%\">edukacja wczesnoszkolna, zaj\u0119cia korekcyjno-kompensacyjne, zaj\u0119cia kszta\u0142tuj\u0105ce kreatywno\u015b\u0107, zaj\u0119cia rewalidacyjne<\/td>\n<\/tr>\n<tr style=\"height: 5px;\">\n<td style=\"height: 24px; width: 7%;\" width=\"7%\">34.<\/td>\n<td style=\"height: 24px; width: 23%;\" width=\"23%\">Olszewska Magdalena<\/td>\n<td style=\"height: 24px; width: 46.1001%;\" width=\"46%\">edukacja wczesnoszkolna, zaj\u0119cia korekcyjno-kompensacyjne, zaj\u0119cia kszta\u0142tuj\u0105ce kreatywno\u015b\u0107, zaj\u0119cia rewalidacyjne<\/td>\n<\/tr>\n<tr style=\"height: 5px;\">\n<td style=\"height: 24px; width: 7%;\" width=\"7%\">35.<\/td>\n<td style=\"height: 24px; width: 23%;\" width=\"23%\">Piekarz Patrycja<\/td>\n<td style=\"height: 24px; width: 46.1001%;\" width=\"46%\">nauczyciel wsp\u00f3\u0142organizuj\u0105cy kszta\u0142cenie<\/td>\n<\/tr>\n<tr style=\"height: 5px;\">\n<td style=\"height: 24px; width: 7%;\" width=\"7%\">36.<\/td>\n<td style=\"height: 24px; width: 23%;\" width=\"23%\">Pierz Dorota<\/td>\n<td style=\"height: 24px; width: 46.1001%;\" width=\"46%\">pedagog specjalny, doradztwo zawodowe, zaj\u0119cia o charakterze terapeutycznym<\/td>\n<\/tr>\n<tr style=\"height: 5px;\">\n<td style=\"height: 24px; width: 7%;\" width=\"7%\">37.<\/td>\n<td style=\"height: 24px; width: 23%;\" width=\"23%\">Pierzcha\u0142a Piotr<\/td>\n<td style=\"height: 24px; width: 46.1001%;\" width=\"46%\">fizyka, chemia<\/td>\n<\/tr>\n<tr style=\"height: 5px;\">\n<td style=\"height: 24px; width: 7%;\" width=\"7%\">38.<\/td>\n<td style=\"height: 24px; width: 23%;\" width=\"23%\">P\u0142achno Alicja<\/td>\n<td style=\"height: 24px; width: 46.1001%;\" width=\"46%\">matematyka<\/td>\n<\/tr>\n<tr style=\"height: 5px;\">\n<td style=\"height: 24px; width: 7%;\" width=\"7%\">39.<\/td>\n<td style=\"height: 24px; width: 23%;\" width=\"23%\">Por\u0119ba Agnieszka<\/td>\n<td style=\"height: 24px; width: 46.1001%;\" width=\"46%\">j\u0119zyk niemiecki<\/td>\n<\/tr>\n<tr style=\"height: 5px;\">\n<td style=\"height: 37px; width: 7%;\" width=\"7%\">40.<\/td>\n<td style=\"height: 37px; width: 23%;\" width=\"23%\">Potok Barbara<\/td>\n<td style=\"height: 37px; width: 46.1001%;\" width=\"46%\">edukacja wczesnoszkolna, zaj\u0119cia kszta\u0142tuj\u0105ce kreatywno\u015b\u0107, zaj\u0119cia korekcyjno-kompensacyjne<\/td>\n<\/tr>\n<tr style=\"height: 5px;\">\n<td style=\"height: 24px; width: 7%;\" width=\"7%\">41.<\/td>\n<td style=\"height: 24px; width: 23%;\" width=\"23%\">Prz\u0119czek Renata<\/td>\n<td style=\"height: 24px; width: 46.1001%;\" width=\"46%\">edukacja wczesnoszkolna, zaj\u0119cia kszta\u0142tuj\u0105ce kreatywno\u015b\u0107, wychowawca \u015bwietlicy<\/td>\n<\/tr>\n<tr style=\"height: 5px;\">\n<td style=\"height: 24px; width: 7%;\" width=\"7%\">42.<\/td>\n<td style=\"height: 24px; width: 23%;\" width=\"23%\">Rzeszutko Aneta<\/td>\n<td style=\"height: 24px; width: 46.1001%;\" width=\"46%\">j\u0119z. angielski, wychowawca \u015bwietlicy<\/td>\n<\/tr>\n<tr style=\"height: 5px;\">\n<td style=\"height: 48px; width: 7%;\" width=\"7%\">43.<\/td>\n<td style=\"height: 48px; width: 23%;\" width=\"23%\">Sajdak Klaudia<\/td>\n<td style=\"height: 48px; width: 46.1001%;\" width=\"46%\">j\u0119z. polski, zaj\u0119cia rewalidacyjne, zaj\u0119cia dydaktyczno-wyr\u00f3wnawcze,&nbsp;<\/td>\n<\/tr>\n<tr style=\"height: 5px;\">\n<td style=\"width: 7%; height: 24px;\">44.<\/td>\n<td style=\"width: 23%; height: 24px;\">Serafin Katarzyna<\/td>\n<td style=\"width: 46.1001%; height: 24px;\">psycholog szkolny<\/td>\n<\/tr>\n<tr style=\"height: 5px;\">\n<td style=\"height: 48px; width: 7%;\" width=\"7%\">45.<\/td>\n<td style=\"height: 48px; width: 23%;\" width=\"23%\">Siwek Wanda<\/td>\n<td style=\"height: 48px; width: 46.1001%;\" width=\"46%\">wychowanie fizyczne<\/td>\n<\/tr>\n<tr style=\"height: 5px;\">\n<td style=\"height: 24px; width: 7%;\" width=\"7%\">46.<\/td>\n<td style=\"height: 24px; width: 23%;\" width=\"23%\">Skrzyniarz Katarzyna<\/td>\n<td style=\"height: 24px; width: 46.1001%;\" width=\"46%\">j\u0119z. polski, zaj\u0119cia dydaktyczno-wyr\u00f3wnawcze<\/td>\n<\/tr>\n<tr style=\"height: 5px;\">\n<td style=\"height: 24px; width: 7%;\" width=\"7%\">47.<\/td>\n<td style=\"height: 24px; width: 23%;\" width=\"23%\">Srebro El\u017cbieta<\/td>\n<td style=\"height: 24px; width: 46.1001%;\" width=\"46%\">&#8212;<\/td>\n<\/tr>\n<tr style=\"height: 5px;\">\n<td style=\"height: 24px; width: 7%;\" width=\"7%\">48.<\/td>\n<td style=\"height: 24px; width: 23%;\" width=\"23%\">Stachura Bu\u015b Paulina<\/td>\n<td style=\"height: 24px; width: 46.1001%;\" width=\"46%\">j\u0119z. angielski<\/td>\n<\/tr>\n<tr style=\"height: 5px;\">\n<td style=\"height: 34px; width: 7%;\" width=\"7%\">49.<\/td>\n<td style=\"height: 34px; width: 23%;\" width=\"23%\">Stanuch Madej Anna<\/td>\n<td style=\"height: 34px; width: 46.1001%;\" width=\"46%\">j\u0119z. polski<\/td>\n<\/tr>\n<tr style=\"height: 5px;\">\n<td style=\"height: 24px; width: 7%;\" width=\"7%\">50.<\/td>\n<td style=\"height: 24px; width: 23%;\" width=\"23%\">Stelmach Katarzyna<\/td>\n<td style=\"height: 24px; width: 46.1001%;\" width=\"46%\">j\u0119z. angielski<\/td>\n<\/tr>\n<tr style=\"height: 5px;\">\n<td style=\"height: 24px; width: 7%;\" width=\"7%\">51.<\/td>\n<td style=\"height: 24px; width: 23%;\" width=\"23%\">Surmacz Dorota<\/td>\n<td style=\"height: 24px; width: 46.1001%;\" width=\"46%\">matematyka, zaj. dydaktyczno-wyr\u00f3wnawcze z mat., zaj\u0119cia rozwijaj\u0105ce z matematyki<\/td>\n<\/tr>\n<tr style=\"height: 5px;\">\n<td style=\"height: 32px; width: 7%;\" width=\"7%\">52.<\/td>\n<td style=\"height: 32px; width: 23%;\" width=\"23%\">Szel\u0105g Anna<\/td>\n<td style=\"height: 32px; width: 46.1001%;\" width=\"46%\">j\u0119z. polski, k\u00f3\u0142ko polonistyczne<\/td>\n<\/tr>\n<tr style=\"height: 5px;\">\n<td style=\"height: 24px; width: 7%;\" width=\"7%\">53.<\/td>\n<td style=\"height: 24px; width: 23%;\" width=\"23%\">Szpak Alicja<\/td>\n<td style=\"height: 24px; width: 46.1001%;\" width=\"46%\">informatyka, technika<\/td>\n<\/tr>\n<tr style=\"height: 5px;\">\n<td style=\"height: 24px; width: 7%;\" width=\"7%\">54.<\/td>\n<td style=\"height: 24px; width: 23%;\" width=\"23%\">s. Krauz Agnieszka<\/td>\n<td style=\"height: 24px; width: 46.1001%;\" width=\"46%\">religia<\/td>\n<\/tr>\n<tr style=\"height: 5px;\">\n<td style=\"height: 24px; width: 7%;\" width=\"7%\">55.<\/td>\n<td style=\"height: 24px; width: 23%;\" width=\"23%\">Wojtanowska Katarzyna<\/td>\n<td style=\"height: 24px; width: 46.1001%;\" width=\"46%\">nauczyciel wsp\u00f3\u0142organizuj\u0105cy kszta\u0142cenie, zaj\u0119cia rewalidacyjne<\/td>\n<\/tr>\n<tr style=\"height: 5px;\">\n<td style=\"height: 48px; width: 7%;\" width=\"7%\">56.<\/td>\n<td style=\"height: 48px; width: 23%;\" width=\"23%\">W\u00f3jcik Anna<\/td>\n<td style=\"height: 48px; width: 46.1001%;\" width=\"46%\">edukacja wczesnoszkolna, zaj\u0119cia kszta\u0142tuj\u0105ce kreatywno\u015b\u0107, wychowawca \u015bwietlicy<\/td>\n<\/tr>\n<tr style=\"height: 5px;\">\n<td style=\"height: 24px; width: 7%;\" width=\"7%\">57.<\/td>\n<td style=\"height: 24px; width: 23%;\" width=\"23%\">Wrona Ryszard<\/td>\n<td style=\"height: 24px; width: 46.1001%;\" width=\"46%\">wychowanie fizyczne, zaj\u0119cia usprawniaj\u0105ce motoryk\u0119, zaj\u0119cia w oddzia\u0142ach sportowych, SKS<\/td>\n<\/tr>\n<tr style=\"height: 5px;\">\n<td style=\"height: 48px; width: 7%;\" width=\"7%\">58.<\/td>\n<td style=\"height: 48px; width: 23%;\" width=\"23%\">Wzorek J\u00f3zef<\/td>\n<td style=\"height: 48px; width: 46.1001%;\" width=\"46%\">technika<\/td>\n<\/tr>\n<\/tbody>\n<\/table>\n<p>&nbsp;<\/p>\n","protected":false},"excerpt":{"rendered":"<p>Nauczyciele Szko\u0142y Podstawowej im. St. Staszica w Tuchowie rok szkolny 2025\/2026 &nbsp; L.p. Nazwisko i imi\u0119 nauczyciela Prowadzone zaj\u0119cia 1.<\/p>\n","protected":false},"author":4,"featured_media":0,"parent":0,"menu_order":0,"comment_status":"closed","ping_status":"closed","template":"","meta":{"advanced_seo_description":"","jetpack_seo_html_title":"","jetpack_seo_noindex":false,"ngg_post_thumbnail":0,"footnotes":""},"class_list":["post-254","page","type-page","status-publish","hentry"],"jetpack_sharing_enabled":true,"jetpack_shortlink":"https:\/\/wp.me\/PghmmV-46","jetpack_likes_enabled":true,"jetpack-related-posts":[],"_links":{"self":[{"href":"https:\/\/sp.tuchow.pl\/index.php\/wp-json\/wp\/v2\/pages\/254","targetHints":{"allow":["GET"]}}],"collection":[{"href":"https:\/\/sp.tuchow.pl\/index.php\/wp-json\/wp\/v2\/pages"}],"about":[{"href":"https:\/\/sp.tuchow.pl\/index.php\/wp-json\/wp\/v2\/types\/page"}],"author":[{"embeddable":true,"href":"https:\/\/sp.tuchow.pl\/index.php\/wp-json\/wp\/v2\/users\/4"}],"replies":[{"embeddable":true,"href":"https:\/\/sp.tuchow.pl\/index.php\/wp-json\/wp\/v2\/comments?post=254"}],"version-history":[{"count":36,"href":"https:\/\/sp.tuchow.pl\/index.php\/wp-json\/wp\/v2\/pages\/254\/revisions"}],"predecessor-version":[{"id":12319,"href":"https:\/\/sp.tuchow.pl\/index.php\/wp-json\/wp\/v2\/pages\/254\/revisions\/12319"}],"wp:attachment":[{"href":"https:\/\/sp.tuchow.pl\/index.php\/wp-json\/wp\/v2\/media?parent=254"}],"curies":[{"name":"wp","href":"https:\/\/api.w.org\/{rel}","templated":true}]}}