{"id":252,"date":"2016-03-20T16:09:42","date_gmt":"2016-03-20T15:09:42","guid":{"rendered":"http:\/\/zs.tuchow.pl\/?page_id=252"},"modified":"2023-09-02T08:36:47","modified_gmt":"2023-09-02T06:36:47","slug":"dyrekcja","status":"publish","type":"page","link":"https:\/\/sp.tuchow.pl\/index.php\/dyrekcja\/","title":{"rendered":"Dyrekcja"},"content":{"rendered":"<h3 style=\"text-align: center;\"><b>Dyrektor <\/b><\/h3>\n<h3 style=\"text-align: center;\"><b>Szko\u0142y Podstawowej im. Stanis\u0142awa Staszica w Tuchowie<\/b><\/h3>\n<h3 style=\"text-align: center;\">mgr&nbsp; J\u00f3zef Wzorek<\/h3>\n<h3 style=\"text-align: center;\"><b>V-ce dyrektorzy<\/b><br \/>\nmgr Alicja P\u0142achno<br \/>\nmgr Wanda Siwek<\/h3>\n<p>&nbsp;<\/p>\n","protected":false},"excerpt":{"rendered":"<p>Dyrektor Szko\u0142y Podstawowej im. Stanis\u0142awa Staszica w Tuchowie mgr&nbsp; J\u00f3zef Wzorek V-ce dyrektorzy mgr Alicja P\u0142achno mgr Wanda Siwek &nbsp;<\/p>\n","protected":false},"author":4,"featured_media":0,"parent":0,"menu_order":0,"comment_status":"closed","ping_status":"closed","template":"","meta":{"advanced_seo_description":"","jetpack_seo_html_title":"","jetpack_seo_noindex":false,"ngg_post_thumbnail":0,"footnotes":""},"class_list":["post-252","page","type-page","status-publish","hentry"],"jetpack_sharing_enabled":true,"jetpack_shortlink":"https:\/\/wp.me\/PghmmV-44","jetpack_likes_enabled":true,"jetpack-related-posts":[],"_links":{"self":[{"href":"https:\/\/sp.tuchow.pl\/index.php\/wp-json\/wp\/v2\/pages\/252","targetHints":{"allow":["GET"]}}],"collection":[{"href":"https:\/\/sp.tuchow.pl\/index.php\/wp-json\/wp\/v2\/pages"}],"about":[{"href":"https:\/\/sp.tuchow.pl\/index.php\/wp-json\/wp\/v2\/types\/page"}],"author":[{"embeddable":true,"href":"https:\/\/sp.tuchow.pl\/index.php\/wp-json\/wp\/v2\/users\/4"}],"replies":[{"embeddable":true,"href":"https:\/\/sp.tuchow.pl\/index.php\/wp-json\/wp\/v2\/comments?post=252"}],"version-history":[{"count":5,"href":"https:\/\/sp.tuchow.pl\/index.php\/wp-json\/wp\/v2\/pages\/252\/revisions"}],"predecessor-version":[{"id":11366,"href":"https:\/\/sp.tuchow.pl\/index.php\/wp-json\/wp\/v2\/pages\/252\/revisions\/11366"}],"wp:attachment":[{"href":"https:\/\/sp.tuchow.pl\/index.php\/wp-json\/wp\/v2\/media?parent=252"}],"curies":[{"name":"wp","href":"https:\/\/api.w.org\/{rel}","templated":true}]}}