{"id":214,"date":"2016-03-20T15:57:31","date_gmt":"2016-03-20T14:57:31","guid":{"rendered":"http:\/\/zs.tuchow.pl\/?page_id=214"},"modified":"2022-11-14T16:03:52","modified_gmt":"2022-11-14T15:03:52","slug":"rada-rodzicow","status":"publish","type":"page","link":"https:\/\/sp.tuchow.pl\/index.php\/dla-rodzicow\/rada-rodzicow\/","title":{"rendered":"Rada rodzic\u00f3w"},"content":{"rendered":"<h3 style=\"text-align: center;\">Zarz\u0105d Rady Rodzic\u00f3w Szko\u0142y na rok szkolny 2022\/2023<\/h3>\n<p><strong>Przewodnicz\u0105ca:<\/strong> Magdalena Kamykowska<\/p>\n<p><strong>V-ce przewodnicz\u0105ca:&nbsp;<\/strong>Dorota Szablowska<\/p>\n<p><strong>Sekretarz:&nbsp;<\/strong> Robert Kapka<\/p>\n<p><strong>Skarbnik:&nbsp;<\/strong>Anna Jele\u0144<\/p>\n<p><strong>Kontakt do Rady Rodzic\u00f3w Szko\u0142y Podstawowej im. St. Staszica w Tuchowie:<\/strong>&nbsp;radarodzicow.tuchow@gmail.com<\/p>\n","protected":false},"excerpt":{"rendered":"<p>Zarz\u0105d Rady Rodzic\u00f3w Szko\u0142y na rok szkolny 2022\/2023 Przewodnicz\u0105ca: Magdalena Kamykowska V-ce przewodnicz\u0105ca:&nbsp;Dorota Szablowska Sekretarz:&nbsp; Robert Kapka Skarbnik:&nbsp;Anna Jele\u0144 Kontakt<\/p>\n","protected":false},"author":4,"featured_media":0,"parent":205,"menu_order":0,"comment_status":"closed","ping_status":"closed","template":"","meta":{"advanced_seo_description":"","jetpack_seo_html_title":"","jetpack_seo_noindex":false,"ngg_post_thumbnail":0,"footnotes":""},"class_list":["post-214","page","type-page","status-publish","hentry"],"jetpack_sharing_enabled":true,"jetpack_shortlink":"https:\/\/wp.me\/PghmmV-3s","jetpack_likes_enabled":true,"jetpack-related-posts":[],"_links":{"self":[{"href":"https:\/\/sp.tuchow.pl\/index.php\/wp-json\/wp\/v2\/pages\/214","targetHints":{"allow":["GET"]}}],"collection":[{"href":"https:\/\/sp.tuchow.pl\/index.php\/wp-json\/wp\/v2\/pages"}],"about":[{"href":"https:\/\/sp.tuchow.pl\/index.php\/wp-json\/wp\/v2\/types\/page"}],"author":[{"embeddable":true,"href":"https:\/\/sp.tuchow.pl\/index.php\/wp-json\/wp\/v2\/users\/4"}],"replies":[{"embeddable":true,"href":"https:\/\/sp.tuchow.pl\/index.php\/wp-json\/wp\/v2\/comments?post=214"}],"version-history":[{"count":8,"href":"https:\/\/sp.tuchow.pl\/index.php\/wp-json\/wp\/v2\/pages\/214\/revisions"}],"predecessor-version":[{"id":10676,"href":"https:\/\/sp.tuchow.pl\/index.php\/wp-json\/wp\/v2\/pages\/214\/revisions\/10676"}],"up":[{"embeddable":true,"href":"https:\/\/sp.tuchow.pl\/index.php\/wp-json\/wp\/v2\/pages\/205"}],"wp:attachment":[{"href":"https:\/\/sp.tuchow.pl\/index.php\/wp-json\/wp\/v2\/media?parent=214"}],"curies":[{"name":"wp","href":"https:\/\/api.w.org\/{rel}","templated":true}]}}