{"id":203,"date":"2016-03-20T15:50:58","date_gmt":"2016-03-20T14:50:58","guid":{"rendered":"http:\/\/zs.tuchow.pl\/?page_id=203"},"modified":"2023-08-03T12:20:35","modified_gmt":"2023-08-03T10:20:35","slug":"biblioteka-szkolna","status":"publish","type":"page","link":"https:\/\/sp.tuchow.pl\/index.php\/dla-uczniow\/biblioteka-szkolna\/","title":{"rendered":"Biblioteka szkolna"},"content":{"rendered":"<p style=\"font-family: Century Gothic, sans-serif;\" align=\"center\"><b>Biblioteka szkolna<\/b><\/p>\n<p>&nbsp;<\/p>\n<p style=\"font-family: Century Gothic, sans-serif;\" align=\"left\"><b>&#8211; poniedzia\u0142ek &#8211; 7:30 &#8211; 16:00<\/b><\/p>\n<p style=\"font-family: Century Gothic, sans-serif;\" align=\"left\"><b>&#8211; wtorek &#8211; 7:30 &#8211; 16:00<\/b><\/p>\n<p style=\"font-family: Century Gothic, sans-serif;\" align=\"left\"><b>&#8211; \u015broda &#8211; 7:30 &#8211; 16:00<\/b><\/p>\n<p style=\"font-family: Century Gothic, sans-serif;\" align=\"left\"><b>&#8211; czwartek &#8211; 7:30 &#8211; 16:00<\/b><\/p>\n<p style=\"font-family: Century Gothic, sans-serif;\" align=\"left\"><b>&#8211; pi\u0105tek &#8211; 7:30 &#8211; 16:00<\/b><\/p>\n<ul>\n<li><a href=\"http:\/\/zs.tuchow.pl\/pliki\/reg_wypoz_pod_i_mat_cwicz.pdf\"><b>[Pobierz] Regulamin wypo\u017cyczania podr\u0119cznik\u00f3w i materia\u0142\u00f3w edukacyjnych oraz udost\u0119pniania materia\u0142\u00f3w \u0107wiczeniowych dla uczni\u00f3w Szko\u0142y Podstawowej im. Stanis\u0142awa Staszica w Tuchowie i Publicznego Gimnazjum im. Kazimierza Wielkiego w Tuchowie.<\/b><\/a><\/li>\n<\/ul>\n<p>&nbsp;<\/p>\n<p style=\"font-family: Century Gothic, sans-serif;\" align=\"left\"><b>Bibliotekarze<\/b><\/p>\n<p style=\"font-family: Century Gothic, sans-serif;\" align=\"left\">&#8211; mgr Katarzyna Krupa<\/p>\n<p style=\"font-family: Century Gothic, sans-serif;\" align=\"left\">&#8211; mgr Justyna Jaworska &#8211; Lipka<\/p>\n<h2 style=\"font-family: Century Gothic, sans-serif;\" align=\"left\">AKTUALNO\u015aCI!<\/h2>\n<div id=\"upl-list-11330\" class=\"upl-list\">\n<ul>\n<li><div class=\"upl-post-title\"><a href=\"https:\/\/sp.tuchow.pl\/index.php\/2020\/05\/08\/szanowni-rodzice-drodzy-uczniowie-uczestnicy-wielkiej-ligi-czytelnikow\/\">Szanowni rodzice! Drodzy uczniowie, uczestnicy Wielkiej Ligi Czytelnik\u00f3w!<\/a><\/div><div class=\"upl-post-excerpt\">Informujemy, \u017ce zako\u0144czenie etapu szkolno \u2013 bibliotecznego Ligi w naszej szkole odb\u0119dzie si\u0119 po \u2026<\/div><\/li>\n<li><div class=\"upl-post-title\"><a href=\"https:\/\/sp.tuchow.pl\/index.php\/2020\/04\/22\/biblioteka-szkolna-poleca-warto-wiedziec\/\">Biblioteka szkolna poleca! Warto wiedzie\u0107:)<\/a><\/div><div class=\"upl-post-excerpt\">Chocia\u017c biblioteki s\u0105 zamkni\u0119te&#8230; czytajcie! A w sobot\u0119 polecamy Sobota 25.04 \u2013 Ewa \u2026<\/div><\/li>\n<li><div class=\"upl-post-title\"><a href=\"https:\/\/sp.tuchow.pl\/index.php\/2020\/04\/17\/jak-zrobic-maseczke-ochronna-biblioteka-i-swietlica-szkolna-zaprasza-do-zabawy\/\">Jak zrobi\u0107 maseczk\u0119 ochronn\u0105? Biblioteka i \u015bwietlica szkolna zaprasza do zabawy<\/a><\/div><div class=\"upl-post-excerpt\">&nbsp;&nbsp;&nbsp;&nbsp;&nbsp;&nbsp;&nbsp;&nbsp; Mo\u017ce kto\u015b lubi sk\u0142ada\u0107 origami? A mo\u017ce kto\u015b jest \u2026<\/div><\/li>\n<li><div class=\"upl-post-title\"><a href=\"https:\/\/sp.tuchow.pl\/index.php\/2020\/04\/06\/biblioteka-szkolna-zaprasza-chetnych-uczniow-klas-iv-i-v-oraz-wszystkich-chetnych-z-innych-klas-do-zabawy\/\">Biblioteka szkolna zaprasza CH\u0118TNYCH uczni\u00f3w klas IV i V oraz wszystkich ch\u0119tnych z\u00a0 innych klas\u00a0 do zabawy<\/a><\/div><div class=\"upl-post-excerpt\">&nbsp;&nbsp;&nbsp;&nbsp;&nbsp;&nbsp;&nbsp;&nbsp; Chc\u0119 Was zaprosi\u0107 do zabawy, kt\u00f3ra polega na \u2026<\/div><\/li>\n<li><div class=\"upl-post-title\"><a href=\"https:\/\/sp.tuchow.pl\/index.php\/2020\/04\/06\/biblioteka-szkolna-zaprasza-chetnych-uczniow-klas-iii-oraz-wszystkich-chetnych-z-innych-klas-do-zabawy\/\">Biblioteka szkolna zaprasza CH\u0118TNYCH uczni\u00f3w klas III\u00a0oraz wszystkich ch\u0119tnych z\u00a0 innych klas\u00a0 do zabawy<\/a><\/div><div class=\"upl-post-excerpt\">&nbsp;&nbsp;&nbsp;&nbsp;&nbsp;&nbsp;&nbsp;&nbsp;&nbsp;&nbsp;&nbsp; Wszyscy ch\u0119tni uczniowie a \u2026<\/div><\/li>\n<li><div class=\"upl-post-title\"><a href=\"https:\/\/sp.tuchow.pl\/index.php\/2020\/04\/06\/biblioteka-szkolna-zaprasza-chetnych-uczniow-klas-i-ii-do-zabawy\/\">Biblioteka szkolna zaprasza CH\u0118TNYCH uczni\u00f3w klas I \u2013 II\u00a0 do zabawy<\/a><\/div><div class=\"upl-post-excerpt\">&nbsp;&nbsp;&nbsp;&nbsp;&nbsp;&nbsp;&nbsp;&nbsp; Uczniowie klas I i II Szko\u0142y Podstawowej im. \u2026<\/div><\/li>\n<li><div class=\"upl-post-title\"><a href=\"https:\/\/sp.tuchow.pl\/index.php\/2019\/11\/06\/jestesmy-czytelnikami\/\">\u201eJeste\u015bmy czytelnikami!\u201d<\/a><\/div><div class=\"upl-post-excerpt\">Nied\u0142ugo po uroczystym pasowaniu na uczni\u00f3w, &nbsp;dzieci z klasy I a z\u0142o\u017cy\u0142y kolejne \u015blubowanie, \u2026<\/div><\/li>\n<\/ul>\n<\/div>\n\n","protected":false},"excerpt":{"rendered":"<p>Biblioteka szkolna &nbsp; &#8211; poniedzia\u0142ek &#8211; 7:30 &#8211; 16:00 &#8211; wtorek &#8211; 7:30 &#8211; 16:00 &#8211; \u015broda &#8211; 7:30 &#8211;<\/p>\n","protected":false},"author":4,"featured_media":0,"parent":47,"menu_order":0,"comment_status":"closed","ping_status":"closed","template":"","meta":{"advanced_seo_description":"","jetpack_seo_html_title":"","jetpack_seo_noindex":false,"ngg_post_thumbnail":0,"footnotes":""},"class_list":["post-203","page","type-page","status-publish","hentry"],"jetpack_sharing_enabled":true,"jetpack_shortlink":"https:\/\/wp.me\/PghmmV-3h","jetpack_likes_enabled":true,"jetpack-related-posts":[],"_links":{"self":[{"href":"https:\/\/sp.tuchow.pl\/index.php\/wp-json\/wp\/v2\/pages\/203","targetHints":{"allow":["GET"]}}],"collection":[{"href":"https:\/\/sp.tuchow.pl\/index.php\/wp-json\/wp\/v2\/pages"}],"about":[{"href":"https:\/\/sp.tuchow.pl\/index.php\/wp-json\/wp\/v2\/types\/page"}],"author":[{"embeddable":true,"href":"https:\/\/sp.tuchow.pl\/index.php\/wp-json\/wp\/v2\/users\/4"}],"replies":[{"embeddable":true,"href":"https:\/\/sp.tuchow.pl\/index.php\/wp-json\/wp\/v2\/comments?post=203"}],"version-history":[{"count":4,"href":"https:\/\/sp.tuchow.pl\/index.php\/wp-json\/wp\/v2\/pages\/203\/revisions"}],"predecessor-version":[{"id":11331,"href":"https:\/\/sp.tuchow.pl\/index.php\/wp-json\/wp\/v2\/pages\/203\/revisions\/11331"}],"up":[{"embeddable":true,"href":"https:\/\/sp.tuchow.pl\/index.php\/wp-json\/wp\/v2\/pages\/47"}],"wp:attachment":[{"href":"https:\/\/sp.tuchow.pl\/index.php\/wp-json\/wp\/v2\/media?parent=203"}],"curies":[{"name":"wp","href":"https:\/\/api.w.org\/{rel}","templated":true}]}}