{"id":2,"date":"2016-02-23T20:30:11","date_gmt":"2016-02-23T19:30:11","guid":{"rendered":"http:\/\/zs.tuchow.pl\/?page_id=2"},"modified":"2023-08-03T09:02:01","modified_gmt":"2023-08-03T07:02:01","slug":"przykladowa-strona","status":"publish","type":"page","link":"https:\/\/sp.tuchow.pl\/index.php\/przykladowa-strona\/","title":{"rendered":"Sport"},"content":{"rendered":"<div id=\"upl-list-11324\" class=\"upl-list\">\n<ul>\n<li><div class=\"upl-post-title\"><a href=\"https:\/\/sp.tuchow.pl\/index.php\/2026\/04\/27\/kazdy-ma-w-sobie-talent-trzeba-tylko-odwazyc-sie-go-pokazac\/\">\u201eKa\u017cdy ma w sobie talent \u2013 trzeba tylko odwa\u017cy\u0107 si\u0119 go pokaza\u0107.\u201d<\/a><\/div><\/li>\n<li><div class=\"upl-post-title\"><a href=\"https:\/\/sp.tuchow.pl\/index.php\/2026\/04\/27\/kto-czyta-wygrywa\/\">Kto czyta, wygrywa<\/a><\/div><\/li>\n<li><div class=\"upl-post-title\"><a href=\"https:\/\/sp.tuchow.pl\/index.php\/2026\/04\/20\/12544\/\">Wizyta w S\u0105dzie Rejonowym w Brzesku<\/a><\/div><\/li>\n<li><div class=\"upl-post-title\"><a href=\"https:\/\/sp.tuchow.pl\/index.php\/2026\/04\/20\/viii-gminny-konkurs-piosenki-angielskiej-everybody-can-sing-2\/\">VIII Gminny Konkurs Piosenki Angielskiej \u201eEverybody can sing\u201d<\/a><\/div><\/li>\n<li><div class=\"upl-post-title\"><a href=\"https:\/\/sp.tuchow.pl\/index.php\/2026\/04\/17\/sowo-gdzie-jestes-2\/\">Sowo, gdzie jeste\u015b?<\/a><\/div><\/li>\n<li><div class=\"upl-post-title\"><a href=\"https:\/\/sp.tuchow.pl\/index.php\/2026\/04\/17\/na-basniowej-gorze-3\/\">Na Ba\u015bniowej G\u00f3rze<\/a><\/div><\/li>\n<li><div class=\"upl-post-title\"><a href=\"https:\/\/sp.tuchow.pl\/index.php\/2026\/04\/15\/pierwszoklasisci-na-tropie-lesnych-tajemnic\/\">Pierwszoklasi\u015bci na tropie le\u015bnych tajemnic<\/a><\/div><\/li>\n<li><div class=\"upl-post-title\"><a href=\"https:\/\/sp.tuchow.pl\/index.php\/2026\/04\/15\/staszic-inspiruje\/\">Staszic inspiruje<\/a><\/div><\/li>\n<li><div class=\"upl-post-title\"><a href=\"https:\/\/sp.tuchow.pl\/index.php\/2026\/04\/15\/wyniki-szkolnych-eliminacji-konkursu-piosenki-angielskiej-everybody-can-sing\/\">Wyniki szkolnych eliminacji Konkursu Piosenki Angielskiej \u201eEverybody Can Sing\u201d<\/a><\/div><\/li>\n<\/ul>\n<\/div>\n\n","protected":false},"excerpt":{"rendered":"","protected":false},"author":4,"featured_media":0,"parent":0,"menu_order":0,"comment_status":"closed","ping_status":"open","template":"","meta":{"advanced_seo_description":"","jetpack_seo_html_title":"","jetpack_seo_noindex":false,"ngg_post_thumbnail":0,"footnotes":""},"class_list":["post-2","page","type-page","status-publish","hentry"],"jetpack_sharing_enabled":true,"jetpack_shortlink":"https:\/\/wp.me\/PghmmV-2","jetpack_likes_enabled":true,"jetpack-related-posts":[],"_links":{"self":[{"href":"https:\/\/sp.tuchow.pl\/index.php\/wp-json\/wp\/v2\/pages\/2","targetHints":{"allow":["GET"]}}],"collection":[{"href":"https:\/\/sp.tuchow.pl\/index.php\/wp-json\/wp\/v2\/pages"}],"about":[{"href":"https:\/\/sp.tuchow.pl\/index.php\/wp-json\/wp\/v2\/types\/page"}],"author":[{"embeddable":true,"href":"https:\/\/sp.tuchow.pl\/index.php\/wp-json\/wp\/v2\/users\/4"}],"replies":[{"embeddable":true,"href":"https:\/\/sp.tuchow.pl\/index.php\/wp-json\/wp\/v2\/comments?post=2"}],"version-history":[{"count":5,"href":"https:\/\/sp.tuchow.pl\/index.php\/wp-json\/wp\/v2\/pages\/2\/revisions"}],"predecessor-version":[{"id":11325,"href":"https:\/\/sp.tuchow.pl\/index.php\/wp-json\/wp\/v2\/pages\/2\/revisions\/11325"}],"wp:attachment":[{"href":"https:\/\/sp.tuchow.pl\/index.php\/wp-json\/wp\/v2\/media?parent=2"}],"curies":[{"name":"wp","href":"https:\/\/api.w.org\/{rel}","templated":true}]}}