{"id":196,"date":"2016-03-20T15:46:58","date_gmt":"2016-03-20T14:46:58","guid":{"rendered":"http:\/\/zs.tuchow.pl\/?page_id=196"},"modified":"2017-11-15T11:59:54","modified_gmt":"2017-11-15T10:59:54","slug":"projekt-edukacyjny","status":"publish","type":"page","link":"https:\/\/sp.tuchow.pl\/index.php\/dla-uczniow\/projekt-edukacyjny\/","title":{"rendered":"Projekt edukacyjny"},"content":{"rendered":"<p align=\"center\"><b><span style=\"color: #3a5d86; font-family: Century Gothic, sans-serif; font-size: xx-large;\">Projekt edukacyjny klas II<\/span><br \/>\n<\/b><\/p>\n<p align=\"center\"><b><span style=\"color: #3a5d86; font-family: Century Gothic, sans-serif; font-size: x-large;\">Rok szkolny 2017\/2018<\/span><br \/>\n<\/b><\/p>\n<p style=\"text-align: left;\" align=\"center\"><a href=\"https:\/\/sp.tuchow.pl\/pliki\/Projekt%20zonglerka.pdf\"><\/a><\/p>\n<p align=\"center\">&nbsp;<\/p>\n<p align=\"center\"><b><b><span style=\"color: #3a5d86; font-family: garamond; font-size: medium;\">SPRAWOZDANIA rok szkolny 2015\/2016<\/span><\/b><\/b><\/p>\n<ul style=\"list-style-type: circle;\">\n<li style=\"text-align: left;\"><a href=\"http:\/\/zs.tuchow.pl\/projekt\/2016\/Jak to dawniej bywalo.pdf\" target=\"_blank\" rel=\"noopener\">Jak to dawniej bywa\u0142o \u2013 gin\u0105ce zawody i rzemios\u0142a\u201d<\/a><\/li>\n<li style=\"text-align: left;\"><a href=\"http:\/\/zs.tuchow.pl\/projekt\/2016\/Gastarbeiter bez jezyka.pdf\" target=\"_blank\" rel=\"noopener\">Gastarbeiter-bez j\u0119zyka\u201d<\/a><\/li>\n<li style=\"text-align: left;\"><a href=\"http:\/\/zs.tuchow.pl\/projekt\/2016\/Jak dobrze wypasc na rozmowie kwalifikacyjnej.pdf\" target=\"_blank\" rel=\"noopener\">Jak dobrze wypa\u015b\u0107 na rozmowie kwalifikacyjnej<\/a><\/li>\n<li style=\"text-align: left;\"><a href=\"http:\/\/zs.tuchow.pl\/projekt\/2016\/Jak to dawniej bywalo.pdf\" target=\"_blank\" rel=\"noopener\">Jak to dawniej bywa\u0142o \u2013 gin\u0105ce zawody i rzemios\u0142a<\/a><\/li>\n<li style=\"text-align: left;\"><a href=\"http:\/\/zs.tuchow.pl\/projekt\/2016\/Marek Kaminski - kiedy praca jest pasja.pdf\" target=\"_blank\" rel=\"noopener\">Marek Kami\u0144ski &#8211; kiedy praca jest pasj\u0105?<\/a><\/li>\n<li style=\"text-align: left;\"><a href=\"http:\/\/zs.tuchow.pl\/projekt\/2016\/Ryszard Kapuscinski.pdf\" target=\"_blank\" rel=\"noopener\">Ryszard Kapu\u015bci\u0144ski \u2013 \u017cycie z pasj\u0105.<\/a><\/li>\n<li style=\"text-align: left;\"><a href=\"http:\/\/zs.tuchow.pl\/projekt\/2016\/Zwykle zycie niezwyklej kobiety - Maria Sklodowska Curie.pdf\" target=\"_blank\" rel=\"noopener\">Zwyk\u0142e \u017cycie niezwyk\u0142ej kobiety &#8211; Maria Sk\u0142odowska Curie<\/a><\/li>\n<li style=\"text-align: left;\"><a href=\"http:\/\/zs.tuchow.pl\/projekt\/2016\/wspolna europa.pdf\" target=\"_blank\" rel=\"noopener\">Wsp\u00f3lna Europa &#8211; Unia Europejska<\/a><\/li>\n<li style=\"text-align: left;\"><a href=\"http:\/\/zs.tuchow.pl\/projekt\/2016\/Religa.pdf\" target=\"_blank\" rel=\"noopener\">Zbigniew Religa \u2013 profesor od serca<\/a><\/li>\n<\/ul>\n<h1 style=\"text-align: left;\" align=\"center\">&nbsp;<\/h1>\n<h1 style=\"text-align: left;\" align=\"center\"><span style=\"color: #ff0000; font-family: garamond; font-size: medium;\"><a style=\"color: #ff0000;\" href=\"http:\/\/zs.tuchow.pl\/archiwalna\/projekt.php\" target=\"_blank\" rel=\"noopener\">SPRAWOZDANIA Z POPRZEDNICH LAT<\/a><\/span><\/h1>\n","protected":false},"excerpt":{"rendered":"<p>Projekt edukacyjny klas II Rok szkolny 2017\/2018 &nbsp; SPRAWOZDANIA rok szkolny 2015\/2016 Jak to dawniej bywa\u0142o \u2013 gin\u0105ce zawody i<\/p>\n","protected":false},"author":4,"featured_media":0,"parent":47,"menu_order":0,"comment_status":"closed","ping_status":"closed","template":"","meta":{"advanced_seo_description":"","jetpack_seo_html_title":"","jetpack_seo_noindex":false,"ngg_post_thumbnail":0,"footnotes":""},"class_list":["post-196","page","type-page","status-publish","hentry"],"jetpack_sharing_enabled":true,"jetpack_shortlink":"https:\/\/wp.me\/PghmmV-3a","jetpack_likes_enabled":true,"jetpack-related-posts":[],"_links":{"self":[{"href":"https:\/\/sp.tuchow.pl\/index.php\/wp-json\/wp\/v2\/pages\/196","targetHints":{"allow":["GET"]}}],"collection":[{"href":"https:\/\/sp.tuchow.pl\/index.php\/wp-json\/wp\/v2\/pages"}],"about":[{"href":"https:\/\/sp.tuchow.pl\/index.php\/wp-json\/wp\/v2\/types\/page"}],"author":[{"embeddable":true,"href":"https:\/\/sp.tuchow.pl\/index.php\/wp-json\/wp\/v2\/users\/4"}],"replies":[{"embeddable":true,"href":"https:\/\/sp.tuchow.pl\/index.php\/wp-json\/wp\/v2\/comments?post=196"}],"version-history":[{"count":17,"href":"https:\/\/sp.tuchow.pl\/index.php\/wp-json\/wp\/v2\/pages\/196\/revisions"}],"predecessor-version":[{"id":7810,"href":"https:\/\/sp.tuchow.pl\/index.php\/wp-json\/wp\/v2\/pages\/196\/revisions\/7810"}],"up":[{"embeddable":true,"href":"https:\/\/sp.tuchow.pl\/index.php\/wp-json\/wp\/v2\/pages\/47"}],"wp:attachment":[{"href":"https:\/\/sp.tuchow.pl\/index.php\/wp-json\/wp\/v2\/media?parent=196"}],"curies":[{"name":"wp","href":"https:\/\/api.w.org\/{rel}","templated":true}]}}