{"id":11901,"date":"2024-10-03T20:14:49","date_gmt":"2024-10-03T18:14:49","guid":{"rendered":"http:\/\/sp.tuchow.pl\/?page_id=11901"},"modified":"2024-10-28T18:17:27","modified_gmt":"2024-10-28T17:17:27","slug":"rekrutacja-2","status":"publish","type":"page","link":"https:\/\/sp.tuchow.pl\/index.php\/rekrutacja-2\/","title":{"rendered":"Rekrutacja -> Projekt 1"},"content":{"rendered":"<p><img decoding=\"async\" class=\"aligncenter\" src=\"https:\/\/sp.tuchow.pl\/wp-content\/uploads\/2022\/12\/PL-Wsp%C3%B3%C5%82finansowane-przez-Uni%C4%99-Europejsk%C4%85_PANTONE-mniejsze.jpg\"><\/p>\n<p>&nbsp;<\/p>\n<p><span style=\"color: #ff0000;\"><strong>Aktualizacja 28.10.2024r.<\/strong><\/span><\/p>\n<p><strong><a href=\"http:\/\/\tszkola.galas.net.pl\/pobierz\/akredytacja_erasmus\/ost_list_rank_uczen.pdf\">OSTATECZNA LISTA RANKINGOWA UCZNI\u00d3W ZAKWALIFIKOWANYCH DO GRUPOWEJ MOBILNO\u015aCI UCZNI\u00d3W W PROJEKCIE 1 AKREDYTACJI ERASMUSA<\/a><\/strong><\/p>\n<p>&nbsp;<\/p>\n<p><span style=\"color: #ff0000;\"><strong>Aktualizacja 23.10.2024r.<\/strong><\/span><\/p>\n<p><strong><a href=\"https:\/\/sp.tuchow.pl\/pobierz\/akredytacja_erasmus\/lista_ranking_uczen.pdf\">LISTA RANKINGOWA UCZNI\u00d3W ZAKWALIFIKOWANYCH DO GRUPOWEJ MOBILNO\u015aCI UCZNI\u00d3W W PROJEKCIE 1 AKREDYTACJI ERASMUSA<\/a><\/strong><\/p>\n<p><strong><a href=\"https:\/\/sp.tuchow.pl\/pobierz\/akredytacja_erasmus\/lista_kursy_nauczyciele.pdf\">OSTATECZNA LISTA RANKINGOWA ZAKWALIFIKOWANYCH UCZESTNIK\u00d3W KURS\u00d3W I SZKOLE\u0143<\/a><\/strong><\/p>\n<p style=\"text-align: center;\"><span style=\"color: #ff0000;\"><strong>***<\/strong><\/span><\/p>\n<p><span style=\"color: #ff0000;\"><strong>Aktualizacja 16.10.2024r.<\/strong><\/span><\/p>\n<p><strong><a href=\"https:\/\/sp.tuchow.pl\/pobierz\/akredytacja_erasmus\/wyniki_I_etap.pdf\">WYNIKI I ETAPU REKRUTACJI UCZNI\u00d3W DO UDZIA\u0141U W GRUPOWEJ MOBILNO\u015aCI UCZNI\u00d3W W PROJEKCIE 1 AKREDYTACJI ERASMUSA<\/a><\/strong><\/p>\n<p><strong><a href=\"https:\/\/sp.tuchow.pl\/pobierz\/akredytacja_erasmus\/ranking_kursy_nauczyciele.pdf\">LISTA RANKINGOWA ZAKWALIFIKOWANYCH UCZESTNIK\u00d3W KURS\u00d3W I SZKOLE\u0143 W PROJEKCIE 1 AKREDYTACJI ERASMUSA<\/a><\/strong><\/p>\n<p style=\"text-align: center;\"><span style=\"color: #ff0000;\"><strong>***<\/strong><\/span><\/p>\n<p><strong><a href=\"https:\/\/sp.tuchow.pl\/pobierz\/akredytacja_erasmus\/regulamin.pdf\">Regulamin Rekrutacji uczestnik\u00f3w projektu 1 w Akredytacji Erasmusa<\/a><\/strong><\/p>\n<p><strong><a href=\"https:\/\/sp.tuchow.pl\/pobierz\/akredytacja_erasmus\/karta_uczen.pdf\">KARTA ZG\u0141OSZENIA UCZNIA DO UDZIA\u0141U W GRUPOWEJ MOBILNO\u015aCI UCZNI\u00d3W W PROJEKCIE 1 W AKREDYTACJI ERASMUSA<\/a><\/strong><\/p>\n<p><strong><a href=\"https:\/\/sp.tuchow.pl\/pobierz\/akredytacja_erasmus\/formularz_nauczyciel.pdf\">FORMULARZ ZG\u0141OSZENIOWY NA KURSY I SZKOLENIA REALIZOWANE W PROJEKCIE 1 W AKREDYTACJI ERASMUSA<\/a><\/strong><\/p>\n<p><strong><a href=\"https:\/\/sp.tuchow.pl\/pobierz\/akredytacja_erasmus\/terminarz.pdf\">TERMINARZ REKRUTACJI AKREDYTACJA ERASMUSA PROJEKT 1<\/a><\/strong><\/p>\n<p>&nbsp;<\/p>\n","protected":false},"excerpt":{"rendered":"<p>&nbsp; Aktualizacja 28.10.2024r. OSTATECZNA LISTA RANKINGOWA UCZNI\u00d3W ZAKWALIFIKOWANYCH DO GRUPOWEJ MOBILNO\u015aCI UCZNI\u00d3W W PROJEKCIE 1 AKREDYTACJI ERASMUSA &nbsp; Aktualizacja 23.10.2024r.<\/p>\n","protected":false},"author":4,"featured_media":0,"parent":0,"menu_order":0,"comment_status":"closed","ping_status":"closed","template":"","meta":{"advanced_seo_description":"","jetpack_seo_html_title":"","jetpack_seo_noindex":false,"ngg_post_thumbnail":0,"footnotes":""},"class_list":["post-11901","page","type-page","status-publish","hentry"],"jetpack_sharing_enabled":true,"jetpack_shortlink":"https:\/\/wp.me\/PghmmV-35X","jetpack_likes_enabled":true,"jetpack-related-posts":[],"_links":{"self":[{"href":"https:\/\/sp.tuchow.pl\/index.php\/wp-json\/wp\/v2\/pages\/11901","targetHints":{"allow":["GET"]}}],"collection":[{"href":"https:\/\/sp.tuchow.pl\/index.php\/wp-json\/wp\/v2\/pages"}],"about":[{"href":"https:\/\/sp.tuchow.pl\/index.php\/wp-json\/wp\/v2\/types\/page"}],"author":[{"embeddable":true,"href":"https:\/\/sp.tuchow.pl\/index.php\/wp-json\/wp\/v2\/users\/4"}],"replies":[{"embeddable":true,"href":"https:\/\/sp.tuchow.pl\/index.php\/wp-json\/wp\/v2\/comments?post=11901"}],"version-history":[{"count":8,"href":"https:\/\/sp.tuchow.pl\/index.php\/wp-json\/wp\/v2\/pages\/11901\/revisions"}],"predecessor-version":[{"id":11948,"href":"https:\/\/sp.tuchow.pl\/index.php\/wp-json\/wp\/v2\/pages\/11901\/revisions\/11948"}],"wp:attachment":[{"href":"https:\/\/sp.tuchow.pl\/index.php\/wp-json\/wp\/v2\/media?parent=11901"}],"curies":[{"name":"wp","href":"https:\/\/api.w.org\/{rel}","templated":true}]}}