{"id":11900,"date":"2024-10-03T20:14:49","date_gmt":"2024-10-03T18:14:49","guid":{"rendered":"http:\/\/sp.tuchow.pl\/?page_id=11900"},"modified":"2024-10-03T20:24:25","modified_gmt":"2024-10-03T18:24:25","slug":"o-projekcie-3","status":"publish","type":"page","link":"https:\/\/sp.tuchow.pl\/index.php\/o-projekcie-3\/","title":{"rendered":"O projekcie"},"content":{"rendered":"<p>&nbsp;<\/p>\n<p><img loading=\"lazy\" decoding=\"async\" data-attachment-id=\"10791\" data-permalink=\"https:\/\/sp.tuchow.pl\/index.php\/eco-green-light-for-learning-in-travel\/pl-wspolfinansowane-przez-unie-europejska_pantone\/\" data-orig-file=\"https:\/\/sp.tuchow.pl\/wp-content\/uploads\/2022\/12\/PL-Wsp\u00f3\u0142finansowane-przez-Uni\u0119-Europejsk\u0105_PANTONE.jpg\" data-orig-size=\"5280,891\" data-comments-opened=\"0\" data-image-meta=\"{&quot;aperture&quot;:&quot;0&quot;,&quot;credit&quot;:&quot;&quot;,&quot;camera&quot;:&quot;&quot;,&quot;caption&quot;:&quot;&quot;,&quot;created_timestamp&quot;:&quot;0&quot;,&quot;copyright&quot;:&quot;&quot;,&quot;focal_length&quot;:&quot;0&quot;,&quot;iso&quot;:&quot;0&quot;,&quot;shutter_speed&quot;:&quot;0&quot;,&quot;title&quot;:&quot;&quot;,&quot;orientation&quot;:&quot;0&quot;}\" data-image-title=\"PL Wsp\u00f3\u0142finansowane przez Uni\u0119 Europejsk\u0105_PANTONE\" data-image-description=\"\" data-image-caption=\"\" data-medium-file=\"https:\/\/sp.tuchow.pl\/wp-content\/uploads\/2022\/12\/PL-Wsp\u00f3\u0142finansowane-przez-Uni\u0119-Europejsk\u0105_PANTONE-300x51.jpg\" data-large-file=\"https:\/\/sp.tuchow.pl\/wp-content\/uploads\/2022\/12\/PL-Wsp\u00f3\u0142finansowane-przez-Uni\u0119-Europejsk\u0105_PANTONE-1024x173.jpg\" class=\"wp-image-10791 aligncenter\" src=\"https:\/\/sp.tuchow.pl\/wp-content\/uploads\/2022\/12\/PL-Wsp\u00f3\u0142finansowane-przez-Uni\u0119-Europejsk\u0105_PANTONE.jpg\" alt=\"\" width=\"882\" height=\"149\" srcset=\"https:\/\/sp.tuchow.pl\/wp-content\/uploads\/2022\/12\/PL-Wsp\u00f3\u0142finansowane-przez-Uni\u0119-Europejsk\u0105_PANTONE.jpg 5280w, https:\/\/sp.tuchow.pl\/wp-content\/uploads\/2022\/12\/PL-Wsp\u00f3\u0142finansowane-przez-Uni\u0119-Europejsk\u0105_PANTONE-300x51.jpg 300w, https:\/\/sp.tuchow.pl\/wp-content\/uploads\/2022\/12\/PL-Wsp\u00f3\u0142finansowane-przez-Uni\u0119-Europejsk\u0105_PANTONE-768x130.jpg 768w, https:\/\/sp.tuchow.pl\/wp-content\/uploads\/2022\/12\/PL-Wsp\u00f3\u0142finansowane-przez-Uni\u0119-Europejsk\u0105_PANTONE-1024x173.jpg 1024w\" sizes=\"auto, (max-width: 882px) 100vw, 882px\" \/><\/p>\n<p>Przyznanie Akredytacji Erasmusa gwarantuje mo\u017cliwo\u015b\u0107 realizacji mobilno\u015bci zagranicznych w ramach dzia\u0142a\u0144 maj\u0105cych na celu rozw\u00f3j szko\u0142y. Wniosek o Akredytacj\u0119 z\u0142o\u017cony by\u0142 w konkursie w 2022r. i zosta\u0142 zaakceptowany w 2023r. Nasz Plan Erasmusa przedstawiony we wniosku zak\u0142ada dzia\u0142ania do 2027r. Oznacza to, \u017ce do tego roku mo\u017cemy zrealizowa\u0107 trzy 15-miesi\u0119czne projekty akredytacyjne oparte na mobilno\u015bciach zagranicznych. Obejm\u0105 one grupowe mobilno\u015bci uczni\u00f3w oraz wyjazdy rozwijaj\u0105ce dla kadry.<\/p>\n","protected":false},"excerpt":{"rendered":"<p>&nbsp; Przyznanie Akredytacji Erasmusa gwarantuje mo\u017cliwo\u015b\u0107 realizacji mobilno\u015bci zagranicznych w ramach dzia\u0142a\u0144 maj\u0105cych na celu rozw\u00f3j szko\u0142y. Wniosek o Akredytacj\u0119<\/p>\n","protected":false},"author":4,"featured_media":0,"parent":0,"menu_order":0,"comment_status":"closed","ping_status":"closed","template":"","meta":{"advanced_seo_description":"","jetpack_seo_html_title":"","jetpack_seo_noindex":false,"ngg_post_thumbnail":0,"footnotes":""},"class_list":["post-11900","page","type-page","status-publish","hentry"],"jetpack_sharing_enabled":true,"jetpack_shortlink":"https:\/\/wp.me\/PghmmV-35W","jetpack_likes_enabled":true,"jetpack-related-posts":[],"_links":{"self":[{"href":"https:\/\/sp.tuchow.pl\/index.php\/wp-json\/wp\/v2\/pages\/11900","targetHints":{"allow":["GET"]}}],"collection":[{"href":"https:\/\/sp.tuchow.pl\/index.php\/wp-json\/wp\/v2\/pages"}],"about":[{"href":"https:\/\/sp.tuchow.pl\/index.php\/wp-json\/wp\/v2\/types\/page"}],"author":[{"embeddable":true,"href":"https:\/\/sp.tuchow.pl\/index.php\/wp-json\/wp\/v2\/users\/4"}],"replies":[{"embeddable":true,"href":"https:\/\/sp.tuchow.pl\/index.php\/wp-json\/wp\/v2\/comments?post=11900"}],"version-history":[{"count":3,"href":"https:\/\/sp.tuchow.pl\/index.php\/wp-json\/wp\/v2\/pages\/11900\/revisions"}],"predecessor-version":[{"id":11910,"href":"https:\/\/sp.tuchow.pl\/index.php\/wp-json\/wp\/v2\/pages\/11900\/revisions\/11910"}],"wp:attachment":[{"href":"https:\/\/sp.tuchow.pl\/index.php\/wp-json\/wp\/v2\/media?parent=11900"}],"curies":[{"name":"wp","href":"https:\/\/api.w.org\/{rel}","templated":true}]}}