{"id":118,"date":"2016-03-20T13:11:25","date_gmt":"2016-03-20T12:11:25","guid":{"rendered":"http:\/\/zs.tuchow.pl\/?page_id=118"},"modified":"2023-09-02T11:58:51","modified_gmt":"2023-09-02T09:58:51","slug":"118-2","status":"publish","type":"page","link":"https:\/\/sp.tuchow.pl\/index.php\/dla-uczniow\/118-2\/","title":{"rendered":"Hymn szko\u0142y"},"content":{"rendered":"<h2 style=\"text-align: center; font-family: Century Gothic, sans-serif; font-size: 15pt;\"><b>Hymn Szko\u0142y Podstawowej im. Stanis\u0142awa Staszica w Tuchowie<\/b><\/h2>\n<p style=\"text-align: center;\">My\u015bmy przysz\u0142o\u015bci\u0105 narodu, wi\u0119c<br \/>\nuczmy si\u0119 pilnie i ch\u0119tnie.<\/p>\n<p style=\"text-align: center;\">A potem zobaczysz, \u017ce u nas te\u017c<br \/>\nb\u0119dzie dostatnio i pi\u0119knie.<\/p>\n<p style=\"text-align: center;\">A potem zobaczysz, \u017ce u nas te\u017c<br \/>\nb\u0119dzie dostatnio i pi\u0119knie.<\/p>\n<p>&nbsp;<\/p>\n","protected":false},"excerpt":{"rendered":"<p>Hymn Szko\u0142y Podstawowej im. Stanis\u0142awa Staszica w Tuchowie My\u015bmy przysz\u0142o\u015bci\u0105 narodu, wi\u0119c uczmy si\u0119 pilnie i ch\u0119tnie. A potem zobaczysz,<\/p>\n","protected":false},"author":4,"featured_media":0,"parent":47,"menu_order":0,"comment_status":"closed","ping_status":"closed","template":"","meta":{"advanced_seo_description":"","jetpack_seo_html_title":"","jetpack_seo_noindex":false,"ngg_post_thumbnail":0,"footnotes":""},"class_list":["post-118","page","type-page","status-publish","hentry"],"jetpack_sharing_enabled":true,"jetpack_shortlink":"https:\/\/wp.me\/PghmmV-1U","jetpack_likes_enabled":true,"jetpack-related-posts":[],"_links":{"self":[{"href":"https:\/\/sp.tuchow.pl\/index.php\/wp-json\/wp\/v2\/pages\/118","targetHints":{"allow":["GET"]}}],"collection":[{"href":"https:\/\/sp.tuchow.pl\/index.php\/wp-json\/wp\/v2\/pages"}],"about":[{"href":"https:\/\/sp.tuchow.pl\/index.php\/wp-json\/wp\/v2\/types\/page"}],"author":[{"embeddable":true,"href":"https:\/\/sp.tuchow.pl\/index.php\/wp-json\/wp\/v2\/users\/4"}],"replies":[{"embeddable":true,"href":"https:\/\/sp.tuchow.pl\/index.php\/wp-json\/wp\/v2\/comments?post=118"}],"version-history":[{"count":7,"href":"https:\/\/sp.tuchow.pl\/index.php\/wp-json\/wp\/v2\/pages\/118\/revisions"}],"predecessor-version":[{"id":11375,"href":"https:\/\/sp.tuchow.pl\/index.php\/wp-json\/wp\/v2\/pages\/118\/revisions\/11375"}],"up":[{"embeddable":true,"href":"https:\/\/sp.tuchow.pl\/index.php\/wp-json\/wp\/v2\/pages\/47"}],"wp:attachment":[{"href":"https:\/\/sp.tuchow.pl\/index.php\/wp-json\/wp\/v2\/media?parent=118"}],"curies":[{"name":"wp","href":"https:\/\/api.w.org\/{rel}","templated":true}]}}