{"id":10415,"date":"2022-04-27T15:54:31","date_gmt":"2022-04-27T13:54:31","guid":{"rendered":"http:\/\/sp.tuchow.pl\/?page_id=10415"},"modified":"2022-04-27T16:02:46","modified_gmt":"2022-04-27T14:02:46","slug":"o-projekcie-nabor-iv","status":"publish","type":"page","link":"https:\/\/sp.tuchow.pl\/index.php\/o-projekcie-nabor-iv\/","title":{"rendered":"O projekcie Nab\u00f3r IV"},"content":{"rendered":"<p><img loading=\"lazy\" decoding=\"async\" data-attachment-id=\"10420\" data-permalink=\"https:\/\/sp.tuchow.pl\/index.php\/o-projekcie-nabor-iv\/plakat2\/\" data-orig-file=\"https:\/\/sp.tuchow.pl\/wp-content\/uploads\/2022\/04\/plakat2.jpg\" data-orig-size=\"2339,3308\" data-comments-opened=\"0\" data-image-meta=\"{&quot;aperture&quot;:&quot;0&quot;,&quot;credit&quot;:&quot;&quot;,&quot;camera&quot;:&quot;&quot;,&quot;caption&quot;:&quot;&quot;,&quot;created_timestamp&quot;:&quot;0&quot;,&quot;copyright&quot;:&quot;&quot;,&quot;focal_length&quot;:&quot;0&quot;,&quot;iso&quot;:&quot;0&quot;,&quot;shutter_speed&quot;:&quot;0&quot;,&quot;title&quot;:&quot;&quot;,&quot;orientation&quot;:&quot;0&quot;}\" data-image-title=\"plakat2\" data-image-description=\"\" data-image-caption=\"\" data-medium-file=\"https:\/\/sp.tuchow.pl\/wp-content\/uploads\/2022\/04\/plakat2-212x300.jpg\" data-large-file=\"https:\/\/sp.tuchow.pl\/wp-content\/uploads\/2022\/04\/plakat2-724x1024.jpg\" class=\"alignnone size-full wp-image-10420\" src=\"https:\/\/sp.tuchow.pl\/wp-content\/uploads\/2022\/04\/plakat2.jpg\" alt=\"\" width=\"2339\" height=\"3308\" srcset=\"https:\/\/sp.tuchow.pl\/wp-content\/uploads\/2022\/04\/plakat2.jpg 2339w, https:\/\/sp.tuchow.pl\/wp-content\/uploads\/2022\/04\/plakat2-212x300.jpg 212w, https:\/\/sp.tuchow.pl\/wp-content\/uploads\/2022\/04\/plakat2-768x1086.jpg 768w, https:\/\/sp.tuchow.pl\/wp-content\/uploads\/2022\/04\/plakat2-724x1024.jpg 724w\" sizes=\"auto, (max-width: 2339px) 100vw, 2339px\" \/><\/p>\n<p><a href=\"https:\/\/sp.tuchow.pl\/pobierz\/power2\/Szczegolowy%20opis%20przedsiewziecia.pdf\">SZCZEG\u00d3\u0141OWY OPIS PRZEDSI\u0118WZI\u0118CIA<\/a><\/p>\n","protected":false},"excerpt":{"rendered":"<p>SZCZEG\u00d3\u0141OWY OPIS PRZEDSI\u0118WZI\u0118CIA<\/p>\n","protected":false},"author":4,"featured_media":0,"parent":0,"menu_order":0,"comment_status":"closed","ping_status":"closed","template":"","meta":{"advanced_seo_description":"","jetpack_seo_html_title":"","jetpack_seo_noindex":false,"ngg_post_thumbnail":0,"footnotes":""},"class_list":["post-10415","page","type-page","status-publish","hentry"],"jetpack_sharing_enabled":true,"jetpack_shortlink":"https:\/\/wp.me\/PghmmV-2HZ","jetpack_likes_enabled":true,"jetpack-related-posts":[],"_links":{"self":[{"href":"https:\/\/sp.tuchow.pl\/index.php\/wp-json\/wp\/v2\/pages\/10415","targetHints":{"allow":["GET"]}}],"collection":[{"href":"https:\/\/sp.tuchow.pl\/index.php\/wp-json\/wp\/v2\/pages"}],"about":[{"href":"https:\/\/sp.tuchow.pl\/index.php\/wp-json\/wp\/v2\/types\/page"}],"author":[{"embeddable":true,"href":"https:\/\/sp.tuchow.pl\/index.php\/wp-json\/wp\/v2\/users\/4"}],"replies":[{"embeddable":true,"href":"https:\/\/sp.tuchow.pl\/index.php\/wp-json\/wp\/v2\/comments?post=10415"}],"version-history":[{"count":6,"href":"https:\/\/sp.tuchow.pl\/index.php\/wp-json\/wp\/v2\/pages\/10415\/revisions"}],"predecessor-version":[{"id":10424,"href":"https:\/\/sp.tuchow.pl\/index.php\/wp-json\/wp\/v2\/pages\/10415\/revisions\/10424"}],"wp:attachment":[{"href":"https:\/\/sp.tuchow.pl\/index.php\/wp-json\/wp\/v2\/media?parent=10415"}],"curies":[{"name":"wp","href":"https:\/\/api.w.org\/{rel}","templated":true}]}}