{"id":10127,"date":"2021-11-28T20:12:39","date_gmt":"2021-11-28T19:12:39","guid":{"rendered":"http:\/\/sp.tuchow.pl\/?page_id=10127"},"modified":"2021-11-28T20:31:40","modified_gmt":"2021-11-28T19:31:40","slug":"produkty","status":"publish","type":"page","link":"https:\/\/sp.tuchow.pl\/index.php\/produkty\/","title":{"rendered":"Produkty"},"content":{"rendered":"<p><img loading=\"lazy\" decoding=\"async\" data-attachment-id=\"9788\" data-permalink=\"https:\/\/sp.tuchow.pl\/index.php\/power\/fe_power_poziom_pl\/\" data-orig-file=\"https:\/\/sp.tuchow.pl\/wp-content\/uploads\/2021\/05\/FE_POWER_poziom_pl-1_rgb.jpg\" data-orig-size=\"5883,756\" data-comments-opened=\"0\" data-image-meta=\"{&quot;aperture&quot;:&quot;0&quot;,&quot;credit&quot;:&quot;&quot;,&quot;camera&quot;:&quot;&quot;,&quot;caption&quot;:&quot;&quot;,&quot;created_timestamp&quot;:&quot;0&quot;,&quot;copyright&quot;:&quot;&quot;,&quot;focal_length&quot;:&quot;0&quot;,&quot;iso&quot;:&quot;0&quot;,&quot;shutter_speed&quot;:&quot;0&quot;,&quot;title&quot;:&quot;FE_POWER_poziom_pl&quot;,&quot;orientation&quot;:&quot;1&quot;}\" data-image-title=\"FE_POWER_poziom_pl\" data-image-description=\"\" data-image-caption=\"\" data-medium-file=\"https:\/\/sp.tuchow.pl\/wp-content\/uploads\/2021\/05\/FE_POWER_poziom_pl-1_rgb-300x39.jpg\" data-large-file=\"https:\/\/sp.tuchow.pl\/wp-content\/uploads\/2021\/05\/FE_POWER_poziom_pl-1_rgb-1024x132.jpg\" class=\"alignnone wp-image-9788 aligncenter\" src=\"https:\/\/sp.tuchow.pl\/wp-content\/uploads\/2021\/05\/FE_POWER_poziom_pl-1_rgb-300x39.jpg\" alt=\"\" width=\"477\" height=\"62\" srcset=\"https:\/\/sp.tuchow.pl\/wp-content\/uploads\/2021\/05\/FE_POWER_poziom_pl-1_rgb-300x39.jpg 300w, https:\/\/sp.tuchow.pl\/wp-content\/uploads\/2021\/05\/FE_POWER_poziom_pl-1_rgb-768x99.jpg 768w, https:\/\/sp.tuchow.pl\/wp-content\/uploads\/2021\/05\/FE_POWER_poziom_pl-1_rgb-1024x132.jpg 1024w\" sizes=\"auto, (max-width: 477px) 100vw, 477px\" \/><\/p>\n<p><span style=\"font-weight: 400;\">Computer game \u201cDon\u2019t worry, be healthy\u201d<\/span><\/p>\n<p><a href=\"http:\/\/scratch.mit.edu\/projects\/578549371\">http:\/\/scratch.mit.edu\/projects\/578549371<\/a><\/p>\n<p><span style=\"font-weight: 400;\">QUIZ \u201cHealthy body, healthy mind\u201d<\/span><\/p>\n<p><a href=\"http:\/\/quizizz.com\/join?gc=29796177\">http:\/\/quizizz.com\/join?gc=29796177<\/a><\/p>\n<p><span style=\"font-weight: 400;\">QUIZ \u201cWhat do you know about Poland?\u201d<\/span><\/p>\n<p><a href=\"http:\/\/kahoot.it\/challenge\/04571044?challenge-id=f16c04a2-cb8a-4618-9c98-f17a0230a4b6_1638127613029\">http:\/\/kahoot.it\/challenge\/04571044?challenge-id=f16c04a2-cb8a-4618-9c98-f17a0230a4b6_1638127613029<\/a><\/p>\n<p>Film podsumowuj\u0105cy mobilno\u015b\u0107<\/p>\n<p><a href=\"http:\/\/drive.google.com\/file\/d\/1No-u0F5k2LqOryQrVoZOypuAW_UZHp8r\/view?usp=sharing\"><span style=\"font-weight: 400;\">http:\/\/drive.google.com\/file\/d\/1No-u0F5k2LqOryQrVoZOypuAW_UZHp8r\/view?usp=sharing<\/span><\/a><span style=\"font-weight: 400;\">&nbsp;<\/span><\/p>\n<p>Just feel good &#8211; a few healthy tips<\/p>\n<p><a href=\"http:\/\/drive.google.com\/file\/d\/1QG6dtx8PaAdhfxbBz1A8AXqo13-sAtH0\/view?usp=sharing\"><span style=\"font-weight: 400;\">http:\/\/drive.google.com\/file\/d\/1QG6dtx8PaAdhfxbBz1A8AXqo13-sAtH0\/view?usp=sharing<\/span><\/a><span style=\"font-weight: 400;\">&nbsp;<\/span><\/p>\n<p><span style=\"font-weight: 400;\">Poczuj si\u0119 dobrze &#8211; kilka wskaz\u00f3wek dla zdrowia<\/span><\/p>\n<p><a href=\"http:\/\/drive.google.com\/file\/d\/1lNCPf9A5VLRt-CMVi0FutawjoVcYxxXv\/view?usp=sharing\"><span style=\"font-weight: 400;\">http:\/\/drive.google.com\/file\/d\/1lNCPf9A5VLRt-CMVi0FutawjoVcYxxXv\/view?usp=sharing<\/span><\/a><\/p>\n<p><span style=\"font-weight: 400;\">Just felt good\u2026 czyli nasze opinie o udziale w projekcie Ponadnarodowa Mobilno\u015b\u0107 Uczni\u00f3w<\/span><span style=\"font-weight: 400;\"><br \/>\n<\/span><a href=\"http:\/\/drive.google.com\/file\/d\/1fyV9bj6ZqDNNQIFyGmhymO78TV063Q2Z\/view?usp=sharing\"><span style=\"font-weight: 400;\">http:\/\/drive.google.com\/file\/d\/1fyV9bj6ZqDNNQIFyGmhymO78TV063Q2Z\/view?usp=sharing<\/span><\/a><\/p>\n<p><span style=\"font-weight: 400;\">Fotoksi\u0105\u017cka<\/span><\/p>\n<p><a href=\"http:\/\/drive.google.com\/file\/d\/19yrManmR7maqZEpY5q5NSdHjNWTrAjE3\/view?usp=sharing\">http:\/\/drive.google.com\/file\/d\/19yrManmR7maqZEpY5q5NSdHjNWTrAjE3\/view?usp=sharing<\/a><\/p>\n<p><span style=\"font-weight: 400;\">Some useful phrases in travel &#8211; leaflet<\/span><\/p>\n<p><a href=\"http:\/\/drive.google.com\/file\/d\/1v5MIaY3WZpmQi7U5pGXf8Qh3-vRLmFXI\/view?usp=sharing\"><span style=\"font-weight: 400;\">http:\/\/drive.google.com\/file\/d\/1v5MIaY3WZpmQi7U5pGXf8Qh3-vRLmFXI\/view?usp=sharing<\/span><\/a><\/p>\n<p><span style=\"font-weight: 400;\">Power Song<\/span><span style=\"font-weight: 400;\"><br \/>\n<\/span><a href=\"http:\/\/drive.google.com\/file\/d\/1Sxe3hWSWVV1g-cydcwhTpFHSZ8aWE-ef\/view?usp=sharing\"><span style=\"font-weight: 400;\">http:\/\/drive.google.com\/file\/d\/1Sxe3hWSWVV1g-cydcwhTpFHSZ8aWE-ef\/view?usp=sharing<\/span><\/a><\/p>\n<p><span style=\"font-weight: 400;\">A tourist\u2019s phrase book<\/span><span style=\"font-weight: 400;\"><br \/>\n<\/span><a href=\"http:\/\/drive.google.com\/file\/d\/1CxE2cGcsqu1UzIt40rwG1aNtd0hATzuy\/view?usp=sharing\"><span style=\"font-weight: 400;\">http:\/\/drive.google.com\/file\/d\/1CxE2cGcsqu1UzIt40rwG1aNtd0hATzuy\/view?usp=sharing<\/span><\/a><\/p>\n","protected":false},"excerpt":{"rendered":"<p>Computer game \u201cDon\u2019t worry, be healthy\u201d http:\/\/scratch.mit.edu\/projects\/578549371 QUIZ \u201cHealthy body, healthy mind\u201d http:\/\/quizizz.com\/join?gc=29796177 QUIZ \u201cWhat do you know about Poland?\u201d<\/p>\n","protected":false},"author":4,"featured_media":0,"parent":0,"menu_order":0,"comment_status":"closed","ping_status":"closed","template":"","meta":{"advanced_seo_description":"","jetpack_seo_html_title":"","jetpack_seo_noindex":false,"ngg_post_thumbnail":0,"footnotes":""},"class_list":["post-10127","page","type-page","status-publish","hentry"],"jetpack_sharing_enabled":true,"jetpack_shortlink":"https:\/\/wp.me\/PghmmV-2Dl","jetpack_likes_enabled":true,"jetpack-related-posts":[],"_links":{"self":[{"href":"https:\/\/sp.tuchow.pl\/index.php\/wp-json\/wp\/v2\/pages\/10127","targetHints":{"allow":["GET"]}}],"collection":[{"href":"https:\/\/sp.tuchow.pl\/index.php\/wp-json\/wp\/v2\/pages"}],"about":[{"href":"https:\/\/sp.tuchow.pl\/index.php\/wp-json\/wp\/v2\/types\/page"}],"author":[{"embeddable":true,"href":"https:\/\/sp.tuchow.pl\/index.php\/wp-json\/wp\/v2\/users\/4"}],"replies":[{"embeddable":true,"href":"https:\/\/sp.tuchow.pl\/index.php\/wp-json\/wp\/v2\/comments?post=10127"}],"version-history":[{"count":9,"href":"https:\/\/sp.tuchow.pl\/index.php\/wp-json\/wp\/v2\/pages\/10127\/revisions"}],"predecessor-version":[{"id":10138,"href":"https:\/\/sp.tuchow.pl\/index.php\/wp-json\/wp\/v2\/pages\/10127\/revisions\/10138"}],"wp:attachment":[{"href":"https:\/\/sp.tuchow.pl\/index.php\/wp-json\/wp\/v2\/media?parent=10127"}],"curies":[{"name":"wp","href":"https:\/\/api.w.org\/{rel}","templated":true}]}}